{"id":2908,"date":"2021-04-18T22:31:57","date_gmt":"2021-04-18T20:31:57","guid":{"rendered":"https:\/\/etno.net\/?post_type=product&#038;p=2908"},"modified":"2021-05-27T09:28:25","modified_gmt":"2021-05-27T07:28:25","slug":"mielensapahoittaja-kokemuksia-teatterimuusikkoudesta","status":"publish","type":"product","link":"https:\/\/etno.net\/en\/julkaisu\/opinnaytteet\/maisteriopinnot\/mielensapahoittaja-kokemuksia-teatterimuusikkoudesta","title":{"rendered":"Mielens\u00e4pahoittaja \u2013 kokemuksia teatterimuusikkoudesta"},"content":{"rendered":"<h2>Sis\u00e4llysluettelo<\/h2>\n<p><strong>1 Johdanto<\/strong><\/p>\n<p><strong>2 Mukaan mielens\u00e4pahoittajaan<\/strong><\/p>\n<p><strong>3 Etuk\u00e4teisvalmistelut<\/strong><\/p>\n<p><strong>4 Harjoitusprosessi<\/strong><\/p>\n<p><strong>5 Musiikki<\/strong><\/p>\n<p style=\"padding-left: 40px\">5.1 Ensimm\u00e4inen puoliaika<br \/>\n5.2 Toinen puoliaika<\/p>\n<p><strong>6 Esitykset<\/strong><\/p>\n<p style=\"padding-left: 40px\">6.1 Ensi-ilta<br \/>\n6.2 Yleis\u00f6n vaikutus<br \/>\n6.3 Mielenkiinto ja motivaatio<br \/>\n6.4 Yll\u00e4tt\u00e4vi\u00e4 tilanteita<\/p>\n<p><strong>7 Esimerkkiesitykset 23.3.2013 ja 26.3.2013<\/strong><\/p>\n<p><strong>8 Esitykset suurella n\u00e4ytt\u00e4m\u00f6ll\u00e4 19.4.\u221220.4.2013<\/strong><\/p>\n<p><strong>9 Esitys Markus J\u00e4rvenp\u00e4\u00e4n kanssa 24.4.2013<\/strong><\/p>\n<p><strong>10 Mikko Koukin haastattelu<\/strong><\/p>\n<p><strong>11 Hannu Pelkosen haastattelu 16.5.2013<\/strong><\/p>\n<p><strong>12 Yhteenveto<\/strong><\/p>\n<p>&nbsp;<\/p>\n<h2>Johdanto<\/h2>\n<p>Projektity\u00f6ni taiteellinen osa on Oulun kaupunginteatterin tuotanto Mielens\u00e4pahoittaja, joka pohjautuu Tuomas Kyr\u00f6n samannimiseen kirjaan. Olen suunnitellut n\u00e4ytelm\u00e4\u00e4n musiikin ja \u00e4\u00e4nimaailman ja toimin esityksiss\u00e4 muusikkona. T\u00e4ss\u00e4 Mikko Koukin ohjaamassa monologissa on lis\u00e4kseni mukana Hannu Pelkonen, joka n\u00e4yttelee mielens\u00e4pahoittajaa. Ensi-ilta oli 10.1.2013, ja n\u00e4ytelm\u00e4\u00e4 esitet\u00e4\u00e4n Oulun kaupunginteatterin Vinttikamarissa.<\/p>\n<p>Kirjallisessa osuudessa kuvailen prosessia pestin saamisesta ensi-iltaan ja siit\u00e4 eteenp\u00e4in. Kerron harjoituskauden vaiheista sek\u00e4 uusista haasteista, joita syntyy, kun teosta aletaan esitt\u00e4\u00e4. Pohdin my\u00f6s, miten s\u00e4ilytt\u00e4\u00e4 motivaatio ja intensiteetti, kun samaa teosta esitet\u00e4\u00e4n kymmeni\u00e4 kertoja, ja mik\u00e4 merkitys yleis\u00f6ll\u00e4 ja ty\u00f6ryhm\u00e4ll\u00e4 on t\u00e4h\u00e4n. Projekti on syvent\u00e4nyt n\u00e4kemyst\u00e4ni teatterialasta, teatterimuusikkoudesta ja \u00e4\u00e4nisuunnittelusta sek\u00e4 antanut ainutlaatuista esiintymiskokemusta. Olen projektin my\u00f6t\u00e4 ymm\u00e4rt\u00e4nyt, miten suuri merkitys itselleni sill\u00e4 on, ett\u00e4 p\u00e4\u00e4sen s\u00e4\u00e4nn\u00f6llisesti esiintym\u00e4\u00e4n. T\u00e4m\u00e4 on auttanut oivaltamaan, ett\u00e4 on t\u00e4rke\u00e4\u00e4 tiedostaa, mit\u00e4 todella haluaa tehd\u00e4 ja mihin panostaa. Mielens\u00e4pahoittajan my\u00f6t\u00e4 on my\u00f6s tullut viel\u00e4 selvemm\u00e4ksi se, kuinka suuri merkitys yleis\u00f6ll\u00e4 on.<\/p>\n<p>&nbsp;<\/p>","protected":false},"excerpt":{"rendered":"<p>Projektity\u00f6<br \/>\nTaideyliopiston Sibelius-Akatemia<br \/>\nKansanmusiikin aineryhm\u00e4<br \/>\n2014<\/p>","protected":false},"featured_media":0,"comment_status":"closed","ping_status":"closed","template":"","meta":{"_acf_changed":false},"product_brand":[],"product_cat":[81,76],"product_tag":[],"class_list":{"0":"post-2908","1":"product","2":"type-product","3":"status-publish","5":"product_cat-maisteriopinnot","6":"product_cat-opinnaytteet","8":"first","9":"instock","10":"shipping-taxable","11":"product-type-simple"},"acf":[],"_links":{"self":[{"href":"https:\/\/etno.net\/en\/wp-json\/wp\/v2\/product\/2908","targetHints":{"allow":["GET"]}}],"collection":[{"href":"https:\/\/etno.net\/en\/wp-json\/wp\/v2\/product"}],"about":[{"href":"https:\/\/etno.net\/en\/wp-json\/wp\/v2\/types\/product"}],"replies":[{"embeddable":true,"href":"https:\/\/etno.net\/en\/wp-json\/wp\/v2\/comments?post=2908"}],"wp:attachment":[{"href":"https:\/\/etno.net\/en\/wp-json\/wp\/v2\/media?parent=2908"}],"wp:term":[{"taxonomy":"product_brand","embeddable":true,"href":"https:\/\/etno.net\/en\/wp-json\/wp\/v2\/product_brand?post=2908"},{"taxonomy":"product_cat","embeddable":true,"href":"https:\/\/etno.net\/en\/wp-json\/wp\/v2\/product_cat?post=2908"},{"taxonomy":"product_tag","embeddable":true,"href":"https:\/\/etno.net\/en\/wp-json\/wp\/v2\/product_tag?post=2908"}],"curies":[{"name":"wp","href":"https:\/\/api.w.org\/{rel}","templated":true}]}}