{"id":2911,"date":"2021-04-19T00:07:06","date_gmt":"2021-04-18T22:07:06","guid":{"rendered":"https:\/\/etno.net\/?post_type=product&#038;p=2911"},"modified":"2021-04-19T00:07:06","modified_gmt":"2021-04-18T22:07:06","slug":"luovasti-musisoiden-kanteleella-kirjan-synty","status":"publish","type":"product","link":"https:\/\/etno.net\/en\/julkaisu\/opinnaytteet\/maisteriopinnot\/luovasti-musisoiden-kanteleella-kirjan-synty","title":{"rendered":"Luovasti musisoiden kanteleella \u2013 kirjan synty"},"content":{"rendered":"<h2 id=\"luovasti-musisoiden-kanteleella--oppimistavoitteet\">Luovasti musisoiden kanteleella \u2013 oppimistavoitteet<\/h2>\n<p>Luovasti musisoiden kanteleella on suurkanteleelle (koti- ja koneistokanteleelle) suunnattu oppimateriaali. Oppimateriaalin nimen\u00e4 en halua k\u00e4ytt\u00e4\u00e4 Vapaa s\u00e4estys-opasta, sill\u00e4 s\u00e4est\u00e4minen on vain yksi osa kokonaisuutta. Muut osa-alueet ovat improvisointi, s\u00e4velt\u00e4minen, rytmiikka ja harmonia.<\/p>\n<p>Kirja on suunnattu soittajalle. Se ei ole opettajan opas, mutta olen ajatellut, ett\u00e4 sit\u00e4 tultaisiin k\u00e4ytt\u00e4m\u00e4\u00e4n soittunneilla osana opetusta ja ohjelmistoa. Kirjan materiaalia voi aloittaa k\u00e4ytt\u00e4m\u00e4\u00e4n kun osaa soittaa molemmilla k\u00e4sill\u00e4 v\u00e4h\u00e4n, ja on tutkintotasoissa mitattuna noin ensimm\u00e4isen tai toisen perustason soittaja.<\/p>\n<p>Tavoitteena on antaa soittajalle v\u00e4lineit\u00e4 k\u00e4yt\u00e4nn\u00f6n muusikkouteen \u2013 sointumerkeist\u00e4 soittamiseen, kappaleiden yksinkertaiseen sovittamiseen sek\u00e4 erilaisten rytmisten asioiden k\u00e4sittelyyn. Toinen t\u00e4rke\u00e4 tavoite on her\u00e4tt\u00e4\u00e4 soittajassa luovuus ja innostus oman musiikin tekemiseen: improvisoimiseen ja s\u00e4velt\u00e4miseen.<\/p>\n<p>Kirjan ohessa oleva CD-levy sis\u00e4lt\u00e4\u00e4 kaikki kirjan kappaleet erilaisina versioina: kokonaisuuksina melodian kanssa ja pelkkin\u00e4 \u201dtaustoina\u201d. \u00a0Se antaa soittajalle soivat esimerkit musiikista, tukee perussykett\u00e4 ja tekee improvisoinnin opettelusta helppoa ja mukavaa.<\/p>\n<p>Toivon ett\u00e4 kirja rohkaisee my\u00f6s opettajia kannustamaan oppilaitaan luovaan musisointiin.<\/p>","protected":false},"excerpt":{"rendered":"<p>Projektity\u00f6<br \/>\nSibelius-Akatemia<br \/>\nKansanmusiikin aineryhm\u00e4<br \/>\n2013<\/p>","protected":false},"featured_media":0,"comment_status":"closed","ping_status":"closed","template":"","meta":{"_acf_changed":false},"product_brand":[],"product_cat":[81,76],"product_tag":[],"class_list":{"0":"post-2911","1":"product","2":"type-product","3":"status-publish","5":"product_cat-maisteriopinnot","6":"product_cat-opinnaytteet","8":"first","9":"instock","10":"shipping-taxable","11":"product-type-simple"},"acf":[],"_links":{"self":[{"href":"https:\/\/etno.net\/en\/wp-json\/wp\/v2\/product\/2911","targetHints":{"allow":["GET"]}}],"collection":[{"href":"https:\/\/etno.net\/en\/wp-json\/wp\/v2\/product"}],"about":[{"href":"https:\/\/etno.net\/en\/wp-json\/wp\/v2\/types\/product"}],"replies":[{"embeddable":true,"href":"https:\/\/etno.net\/en\/wp-json\/wp\/v2\/comments?post=2911"}],"wp:attachment":[{"href":"https:\/\/etno.net\/en\/wp-json\/wp\/v2\/media?parent=2911"}],"wp:term":[{"taxonomy":"product_brand","embeddable":true,"href":"https:\/\/etno.net\/en\/wp-json\/wp\/v2\/product_brand?post=2911"},{"taxonomy":"product_cat","embeddable":true,"href":"https:\/\/etno.net\/en\/wp-json\/wp\/v2\/product_cat?post=2911"},{"taxonomy":"product_tag","embeddable":true,"href":"https:\/\/etno.net\/en\/wp-json\/wp\/v2\/product_tag?post=2911"}],"curies":[{"name":"wp","href":"https:\/\/api.w.org\/{rel}","templated":true}]}}