{"id":2912,"date":"2021-04-19T00:08:08","date_gmt":"2021-04-18T22:08:08","guid":{"rendered":"https:\/\/etno.net\/?post_type=product&#038;p=2912"},"modified":"2021-05-27T09:36:11","modified_gmt":"2021-05-27T07:36:11","slug":"askel-kohti-hyvin-soivaa-ja-hyvin-voivaa-kuoroa","status":"publish","type":"product","link":"https:\/\/etno.net\/en\/julkaisu\/opinnaytteet\/maisteriopinnot\/askel-kohti-hyvin-soivaa-ja-hyvin-voivaa-kuoroa","title":{"rendered":"Askel kohti hyvin soivaa ja hyvin voivaa kuoroa"},"content":{"rendered":"<h2>Sis\u00e4llysluettelo<\/h2>\n<p><strong>1 Johdanto<\/strong><\/p>\n<p><strong>2 L\u00e4ht\u00f6kohdat<\/strong><\/p>\n<p style=\"padding-left: 40px\">Ihannekuoro<br \/>\nNaiskuoro Tellus<br \/>\nKuoron Taikaverkko<br \/>\nYhteis\u00f6llisyys ja tavoitteellisuus<br \/>\nLaulajien sitoutuminen kuoron toimintaan<br \/>\nKuoroharjoitusten kulku<br \/>\nKuoron laulujen valitseminen<br \/>\nEsiintyminen<\/p>\n<p><strong>3 Tellus tekniikkaopetus<\/strong><\/p>\n<p style=\"padding-left: 40px\">Oma laulutekniikkaopetukseni<br \/>\nChi gung ja kehotietoisuus<br \/>\nPeiliopetus<br \/>\nTellus tekniikkaryhmien esittely<br \/>\nTT1 Rentousryhm\u00e4<br \/>\nTT2 Henkiryhm\u00e4<br \/>\nTT3 Draamaryhm\u00e4<br \/>\nTT4 Tasapainoryhm\u00e4<br \/>\nTT5 Rohkeusryhm\u00e4<\/p>\n<p><strong>4 Tellus Tekniikkaryhmien opetussuunnitelmat<\/strong><\/p>\n<p style=\"padding-left: 40px\">TT1 Rentousryhm\u00e4<br \/>\nTT2 Henkiryhm\u00e4<br \/>\nTT3 Draamaryhm\u00e4<br \/>\nTT4 Tasapainoryhm\u00e4<br \/>\nTT5 Rohkeusryhm\u00e4<br \/>\nYhteinen harjoitussuunnitelma kierrokselle 3.<\/p>\n<p><strong>5 Harjoitusp\u00e4iv\u00e4kirja<\/strong><\/p>\n<p style=\"padding-left: 40px\">Kierros 1<\/p>\n<p style=\"padding-left: 80px\">TT1 7.1.2013<br \/>\nTT2 13.1.2013<br \/>\nTT3 20.1.2013<br \/>\nTT4 21.1.2013<br \/>\nTT5 28.1.2013<\/p>\n<p style=\"padding-left: 40px\">Kierros 2<\/p>\n<p style=\"padding-left: 80px\">TT1 10.2.2013<br \/>\nTT2 4.2.3013<br \/>\nTT3 18.2.2013<br \/>\nTT4 17.2.2013<br \/>\nTT5 11.3.2013<\/p>\n<p style=\"padding-left: 40px\">Kierros 3<\/p>\n<p style=\"padding-left: 80px\">TT1 17.3.2013<br \/>\nTT2 24.3.2013<br \/>\nTT3 7.4.2013<br \/>\nTT4 25.3.2013<br \/>\nTT5 8.4.2013<\/p>\n<p><strong>6 Kuorolaisten palaute<\/strong><\/p>\n<p><strong>7 Yhteenveto ja johtop\u00e4\u00e4t\u00f6kset<\/strong><\/p>\n<p>&nbsp;<\/p>\n<h2>Johdanto<\/h2>\n<p>Olen 18-vuotisen s\u00e4velt\u00e4j\u00e4n urani aikana ty\u00f6skennellyt p\u00e4\u00e4asiassa naiskuorojen ja -lauluyhtyeiden kanssa. Opiskelin Sibelius-Akatemian kansanmusiikin osastolla p\u00e4\u00e4aineinani laulu ja viulu. Kuoroteoksissani on paljon vaikutteita kansanomaisista \u00e4\u00e4nenk\u00e4ytt\u00f6tavoista. T\u00e4st\u00e4 johtuen olen useimmiten ollut itse mukana treenauttamassa laulujani kuoroille, joille n\u00e4m\u00e4 \u00e4\u00e4nenk\u00e4ytt\u00f6tavat eiv\u00e4t ole olleet itsest\u00e4\u00e4nselvi\u00e4. Sit\u00e4 kautta olen p\u00e4\u00e4ssyt tutustumaan erilaisten kuorojen ja kuoronjohtajien ty\u00f6skentelytapoihin. Viime vuodet olen toiminut itsekin parin harrastelijakuoron johtajana. T\u00e4m\u00e4 kirjallinen ty\u00f6 k\u00e4sittelee kokemuksiani ja havaintojani yhteisest\u00e4 matkastani naiskuoro Telluksen kanssa kohti hyvin soivaa ja hyvin voivaa kuoroa. Toivon, ett\u00e4 t\u00e4m\u00e4 kirjoitus tarjoaa apua ja oivallusta muillekin, sek\u00e4 laulajille ett\u00e4 kuoronjohtajille.<\/p>\n<p>Malliesimerkkin\u00e4 haasteista mainitsen yksitt\u00e4isten \u00e4\u00e4nten yhteensulamattomuuden s\u00e4vyn ja \u00e4\u00e4nen voimakkuuden suhteen. Jonkun \u00e4\u00e4ni soi miltei nasaalina edess\u00e4, toisen \u00e4\u00e4ni on huokoinen ja soi takana. Yksi laulaja liukuu s\u00e4velelt\u00e4 toiselle, niin ett\u00e4 s\u00e4velten rajat ovat t\u00e4ysin py\u00f6re\u00e4t. Toisen \u00e4\u00e4ni liikkuu kulmikkaasti hyppien s\u00e4velelt\u00e4 toiselle. Laulajilla voi olla my\u00f6s hyvin erilaiset tempon hahmottamisen tavat. Joku nojaa rytmiss\u00e4 eteenp\u00e4in, toinen taaksep\u00e4in. Oma haasteensa on vaikeudet \u00e4\u00e4nenk\u00e4yt\u00f6ss\u00e4 ambituksen ja \u00e4\u00e4nenhallinnan suhteen. Joku laulaa niin hiljaa, ettei \u00e4\u00e4ni kuulu juuri ollenkaan. Toisen \u00e4\u00e4ni taas kuuluu kuorosatsin l\u00e4pi.<\/p>\n<p>Osa ongelmista on helppo hahmottaa fyysisen kehon kautta. Erilaiset lihasten j\u00e4nnitystilat laulajan kehossa, ja erityisesti hartioiden ja niskan alueella heikent\u00e4v\u00e4t \u00e4\u00e4nen sointia. Hengityksen pinnallisuus liittyy usein edelliseen. Osa haasteista on laulajan korvien v\u00e4liss\u00e4, kuten itseep\u00e4ily, joka pist\u00e4\u00e4 laulajan kyseenalaistamaan omaa osaamistaan. Virheiden tekemisen pelko jumiuttaa \u00e4\u00e4nen lis\u00e4ksi ilon. Kuuntelemisen vaikeus pist\u00e4\u00e4 kuorolaisen laulamaan joko liian kovaa, tai liian hiljaa.<\/p>\n<p>Olen havainnut yhteyksi\u00e4 eri persoonallisuustyyppien ja edell\u00e4 mainittujen kehollisten haasteiden v\u00e4lill\u00e4. Helposti huolestuva nostaa ja j\u00e4nnitt\u00e4\u00e4 hartioitaan ja k\u00e4\u00e4nt\u00e4\u00e4 niit\u00e4 eteenp\u00e4in suojakseen. Tunnollinen vastuunkantaja yritt\u00e4\u00e4 liikaa ja kurkottaa kaulaansa ja yl\u00e4vartaloaan yl\u00f6sp\u00e4in vet\u00e4en polvet lukkoon. Ty\u00f6paikkansa johtaja ottaa helposti johtajan vastuun stemmassaankin laulamalla hieman kovempaa ja kiilaten rytmiss\u00e4. Ujo ihminen vet\u00e4ytyy kaverin sel\u00e4n taakse ja laulaa niin hiljaa, ett\u00e4 \u00e4\u00e4nt\u00e4 on vaikea kuulla. Kaikki t\u00e4m\u00e4 voi tapahtua t\u00e4ysin tiedostamattomasti.<\/p>\n<p>Osa kuoronjohtajista ratkaisee laulutekniset haasteet l\u00e4hett\u00e4m\u00e4ll\u00e4 laulajansa saamaan kuoroharjoitusten lis\u00e4ksi yksityisopetusta. Osa tilaa ammattiapua antamaan \u00e4\u00e4nenmuodostuskoulutusta koko kuoron \u00e4\u00e4nenavauksiin. Min\u00e4 p\u00e4\u00e4tin tutkia asiaa itse kuoron toiminnan sis\u00e4ll\u00e4 ja liitin samankaltaisten haasteiden kanssa painiskelevat laulajat samoihin harjoitusryhmiin.<\/p>\n<p>T\u00e4m\u00e4 projekti seuraa kuoromme kehityksen kaarelta vain yht\u00e4 puolen vuoden p\u00e4tk\u00e4\u00e4 keskittyen Tellus Tekniikkaryhmien ty\u00f6skentelyyn, joissa opetus keskittyy etsim\u00e4\u00e4n rentoa \u00e4\u00e4nenk\u00e4ytt\u00f6tapaa ja lis\u00e4\u00e4m\u00e4\u00e4n kehonhallintaa. Telluslaisista suurin osa ei ole aiemmin saanut yksityisopetusta laulamiseen. Useimmilla ei my\u00f6sk\u00e4\u00e4n ole aiempaa kuorokokemusta. Kuorolaisten palautteet on nostettu omaksi luvukseen kertomaan miten kuorolaiset kokivat t\u00e4llaisen ty\u00f6skentelytavan, jossa jokainen laulaja tuli henkil\u00f6kohtaisesti n\u00e4kyviin ja kuuluviin pienryhm\u00e4ty\u00f6skentelyss\u00e4. Kommentit kuorolaisista on julkaistu heid\u00e4n luvallaan ja ovat mukana tekstiss\u00e4 todistamassa, ett\u00e4 vaikka n\u00e4m\u00e4 asiat ilmenev\u00e4t yksitt\u00e4isiss\u00e4 ihmisiss\u00e4, ne eiv\u00e4t lopulta ole henkil\u00f6kohtaisia, vaan kaikille tuttuja ja yhteisi\u00e4. Yksitt\u00e4iset kommentit laulajistaTellus Tekniikkaryhmien kokoontumisista kertovissa p\u00e4iv\u00e4kirjaotteissa kuvaavat kunkin yksil\u00f6n matkan etenemist\u00e4.<\/p>","protected":false},"excerpt":{"rendered":"<p>Projektity\u00f6<br \/>\nSibelius-Akatemia<br \/>\nKansanmusiikin aineryhm\u00e4<br \/>\n2013<\/p>","protected":false},"featured_media":0,"comment_status":"closed","ping_status":"closed","template":"","meta":{"_acf_changed":false},"product_brand":[],"product_cat":[81,76],"product_tag":[],"class_list":{"0":"post-2912","1":"product","2":"type-product","3":"status-publish","5":"product_cat-maisteriopinnot","6":"product_cat-opinnaytteet","8":"first","9":"instock","10":"shipping-taxable","11":"product-type-simple"},"acf":[],"_links":{"self":[{"href":"https:\/\/etno.net\/en\/wp-json\/wp\/v2\/product\/2912","targetHints":{"allow":["GET"]}}],"collection":[{"href":"https:\/\/etno.net\/en\/wp-json\/wp\/v2\/product"}],"about":[{"href":"https:\/\/etno.net\/en\/wp-json\/wp\/v2\/types\/product"}],"replies":[{"embeddable":true,"href":"https:\/\/etno.net\/en\/wp-json\/wp\/v2\/comments?post=2912"}],"wp:attachment":[{"href":"https:\/\/etno.net\/en\/wp-json\/wp\/v2\/media?parent=2912"}],"wp:term":[{"taxonomy":"product_brand","embeddable":true,"href":"https:\/\/etno.net\/en\/wp-json\/wp\/v2\/product_brand?post=2912"},{"taxonomy":"product_cat","embeddable":true,"href":"https:\/\/etno.net\/en\/wp-json\/wp\/v2\/product_cat?post=2912"},{"taxonomy":"product_tag","embeddable":true,"href":"https:\/\/etno.net\/en\/wp-json\/wp\/v2\/product_tag?post=2912"}],"curies":[{"name":"wp","href":"https:\/\/api.w.org\/{rel}","templated":true}]}}