{"id":2914,"date":"2021-04-19T00:10:30","date_gmt":"2021-04-18T22:10:30","guid":{"rendered":"https:\/\/etno.net\/?post_type=product&#038;p=2914"},"modified":"2021-05-27T10:05:40","modified_gmt":"2021-05-27T08:05:40","slug":"the-mystic-revelation-of-teppo-repo-2","status":"publish","type":"product","link":"https:\/\/etno.net\/en\/julkaisu\/opinnaytteet\/maisteriopinnot\/the-mystic-revelation-of-teppo-repo-2","title":{"rendered":"The Mystic Revelation of Teppo Repo"},"content":{"rendered":"<h2>Sis\u00e4llysluettelo<\/h2>\n<p><strong>1 Johdanto<\/strong><\/p>\n<p><strong>2 Teppo Repo<\/strong><\/p>\n<p><strong>3 Lee &#8221;Scratch&#8221; Perry<\/strong><\/p>\n<p><strong>4 Oldschool Hiphop<\/strong><\/p>\n<p><strong>5 DJ Kool Herc<\/strong><\/p>\n<p><strong>6 Afrika Bambaata<\/strong><\/p>\n<p><strong>7 Grandmaster Flash<\/strong><\/p>\n<p><strong>8 Sattuman soittoa<\/strong><\/p>\n<p><strong>9 Synteesi<\/strong><\/p>\n<p><strong>10 Aamuher\u00e4tys<\/strong><\/p>\n<p><strong>11 Shepherd meets the Wolf<\/strong><\/p>\n<p><strong>12 \u00c4\u00e4nite<\/strong><\/p>\n<p><strong>13 Yhteenveto<\/strong><\/p>\n<p>&nbsp;<\/p>\n<h2>Johdanto<\/h2>\n<p>Projektity\u00f6ni fokus ei ole niink\u00e4\u00e4n Teppo Revon perinteen yksityiskohdissa, vaan inspiraatiossa jonka olen kokenut kuunnellessani h\u00e4nelt\u00e4 taltioituja soitteita ja tarinoita. Teppo Revon kerrotaan olleen mystiikkaan taipuvainen ihminen ja n\u00e4hneen ilmestyksi\u00e4 mm. j\u00e4lleensyntym\u00e4st\u00e4\u00e4n. Mielest\u00e4ni t\u00e4m\u00e4 kuuluu h\u00e4nen musiikistaan. Siit\u00e4 v\u00e4littyy voimakkaan tunnepitoinen ilmaisu. Kappaleiden ja tarinoiden perusteella mieleen piirtyy kuva lempe\u00e4st\u00e4 ja huumorintajuisesta ihmisest\u00e4, joka on osannut aistia tarkoin ymp\u00e4rist\u00f6\u00e4\u00e4n ja luonut sitten s\u00e4velens\u00e4 intuitiivisesti ja eritt\u00e4in musikaalisesti. Teppo Repo kuului sukupolveen, joka koki kaksi maailmansotaa. El\u00e4m\u00e4 on varmasti vienyt veronsa. Silti viel\u00e4 h\u00e4nen vanhoilla p\u00e4ivill\u00e4\u00e4n esitt\u00e4mist\u00e4\u00e4n kappaleista kuuluu suuri l\u00e4mp\u00f6 ja elinvoima. T\u00e4m\u00e4 synnytt\u00e4\u00e4 kuvan salaper\u00e4isest\u00e4 sis\u00e4isest\u00e4 maailmasta, joka lienee perua nuoruusvuosilta, ajalta jolloin Teppo Repo toimi paimenena Inkerinmaalla.<\/p>\n<p>N\u00e4iden vaikutelmien inspiroimana syntyi kev\u00e4ttalvella 2013 kokoonpano nimelt\u00e4 The Mystic Revelation Of Teppo Repo, johon kuuluu itseni lis\u00e4ksi kontrabasisti Eero Tikkanen. Olemme toistaiseksi keskittyneet esitt\u00e4m\u00e4\u00e4n pelk\u00e4st\u00e4\u00e4n Teppo Revon musiikkia. Paitsi, ett\u00e4 esit\u00e4mme s\u00e4velmi\u00e4 akustisesti, olemme tehneet kappaleita, joissa yhdistell\u00e4\u00e4n Teppo Revolta taltioituja \u00e4\u00e4nileikkeit\u00e4 rumpukoneen rytmeihin, c-kasettinauhalta toistettaviin \u00e4\u00e4niin, sek\u00e4 live-soitantaan. Vaikka musiikillinen materiaalimme p\u00e4\u00e4osin ammentaa Teppo Revon perinteest\u00e4, on T.M.R.O.T.R:n estetiikkaan poimittu vaikutteita my\u00f6s jamaikalaisesta Dub-reggaesta, Oldschool-hiphopista, sek\u00e4 kokeellisesta nauhamusiikista. Projektin taiteellinen osuus on kasetti, joka sis\u00e4lt\u00e4\u00e4 edell\u00e4 kuvailtua musiikkia. Kirjallisessa ty\u00f6ss\u00e4ni pyrin valottamaan ja sanallistamaan T.M.R.O.T.R:n syntyprosessia ja siihen vaikuttaneita taustatekij\u00f6it\u00e4, silt\u00e4 osin kuin niiden kuvaileminen on mahdollista.<\/p>\n<p>&nbsp;<\/p>","protected":false},"excerpt":{"rendered":"<p>Projektity\u00f6<br \/>\nSibelius-Akatemia<br \/>\nKansanmusiikin aineryhm\u00e4<br \/>\n2013<\/p>","protected":false},"featured_media":0,"comment_status":"closed","ping_status":"closed","template":"","meta":{"_acf_changed":false},"product_brand":[],"product_cat":[81,76],"product_tag":[],"class_list":{"0":"post-2914","1":"product","2":"type-product","3":"status-publish","5":"product_cat-maisteriopinnot","6":"product_cat-opinnaytteet","8":"first","9":"instock","10":"shipping-taxable","11":"product-type-simple"},"acf":[],"_links":{"self":[{"href":"https:\/\/etno.net\/en\/wp-json\/wp\/v2\/product\/2914","targetHints":{"allow":["GET"]}}],"collection":[{"href":"https:\/\/etno.net\/en\/wp-json\/wp\/v2\/product"}],"about":[{"href":"https:\/\/etno.net\/en\/wp-json\/wp\/v2\/types\/product"}],"replies":[{"embeddable":true,"href":"https:\/\/etno.net\/en\/wp-json\/wp\/v2\/comments?post=2914"}],"wp:attachment":[{"href":"https:\/\/etno.net\/en\/wp-json\/wp\/v2\/media?parent=2914"}],"wp:term":[{"taxonomy":"product_brand","embeddable":true,"href":"https:\/\/etno.net\/en\/wp-json\/wp\/v2\/product_brand?post=2914"},{"taxonomy":"product_cat","embeddable":true,"href":"https:\/\/etno.net\/en\/wp-json\/wp\/v2\/product_cat?post=2914"},{"taxonomy":"product_tag","embeddable":true,"href":"https:\/\/etno.net\/en\/wp-json\/wp\/v2\/product_tag?post=2914"}],"curies":[{"name":"wp","href":"https:\/\/api.w.org\/{rel}","templated":true}]}}