{"id":2915,"date":"2021-04-19T00:11:25","date_gmt":"2021-04-18T22:11:25","guid":{"rendered":"https:\/\/etno.net\/?post_type=product&#038;p=2915"},"modified":"2021-05-27T10:12:40","modified_gmt":"2021-05-27T08:12:40","slug":"vetelin-viulimestarit-raportti-ja-tulokset-nuottikirjan-teosta","status":"publish","type":"product","link":"https:\/\/etno.net\/en\/julkaisu\/opinnaytteet\/maisteriopinnot\/vetelin-viulimestarit-raportti-ja-tulokset-nuottikirjan-teosta","title":{"rendered":"Vetelin viulimestarit &#8211; Raportti ja tulokset nuottikirjan teosta"},"content":{"rendered":"<h2>Sis\u00e4llysluettelo<\/h2>\n<p><strong>1 Johdanto<\/strong><\/p>\n<p><strong>2 Kirjaprosessin tavoitteet<\/strong><\/p>\n<p style=\"padding-left: 40px\">2.1 Prosessin p\u00e4\u00e4tavoite<br \/>\n2.2 Muita tavoitteita<br \/>\n2.3 Kohderyhm\u00e4<br \/>\n2.4 Aineistot<\/p>\n<p><strong>3 Ty\u00f6st\u00f6<\/strong><\/p>\n<p style=\"padding-left: 40px\">3.1 L\u00e4ht\u00f6kohdat ja valmistelu<\/p>\n<p style=\"padding-left: 80px\">3.1.1 Rahoituksen hakeminen ja keskustelut asiantuntijoiden kanssa<br \/>\n3.1.2 Toteutuksen suunnittelu kohderyhm\u00e4lle sopivaksi<br \/>\n3.1.3 Yhteydenotot arkistoihin ja aineiston kartoitus<br \/>\n3.1.4 Vastaaviin ja seudun historiaa k\u00e4sitteleviin julkaisuihin tutustuminen<br \/>\n3.1.5 Pelimannien elossa olevien sukulaisten kartoitus<br \/>\n3.1.6 Konsertin suunnittelu<\/p>\n<p style=\"padding-left: 40px\">3.2 Toteutus<\/p>\n<p style=\"padding-left: 80px\">3.2.1 Aineiston kartoitus ja ker\u00e4\u00e4minen<br \/>\n3.2.2 Haastattelut<br \/>\n3.2.3. Nuottikirjat<br \/>\n3.2.4 Muu kirjallisuus<br \/>\n3.2.5 Aineiston rajaaminen<br \/>\n3.2.6 Nuottien kirjoitus<br \/>\n3.2.7 Tyylianalyysi<br \/>\n3.2.8 Ulkoasu<br \/>\n3.2.9 CD-levyn koostaminen<br \/>\n3.2.10 Julkaisukonsertti<\/p>\n<p style=\"padding-left: 40px\">3.3 Kirjan tarkistus ja testaus<\/p>\n<p><strong>4 Kirjallisuus ja k\u00e4sitteet<\/strong><\/p>\n<p style=\"padding-left: 40px\">4.1 Kirjallisuus<br \/>\n4.2 K\u00e4sitteet<\/p>\n<p><strong>5 Tulokset ja arvio kirjasta<\/strong><\/p>\n<p style=\"padding-left: 40px\">5.1 P\u00e4\u00e4tavoite<br \/>\n5.2 Muut tavoitteet<br \/>\n5.4 Materiaalin karsinta<br \/>\n5.5 Lopullinen ulkoasu<br \/>\n5.6 Asiasis\u00e4lt\u00f6<br \/>\n5.7 Arvio pedagogiselta kannalta<br \/>\n5.8 Kohderyhm\u00e4<br \/>\n5.9 Valmis \u00e4\u00e4nite<\/p>\n<p><strong>6 Pohdinta<\/strong><br \/>\n<strong>L\u00e4hteet<\/strong><\/p>\n<p>&nbsp;<\/p>\n<h2>Johdanto<\/h2>\n<p>Toimitin kev\u00e4\u00e4n ja alkukes\u00e4n 2011 aikana nuottikirjan ja viulunsoitonoppaan \u201dVetelin viulumestarit\u201d (KIJ72), joka julkaistiin Kaustisen Kansanmusiikkifestivaaleilla 13. hein\u00e4kuuta 2011. T\u00e4ss\u00e4 ty\u00f6ss\u00e4 k\u00e4sittelen kirjan tekoprosessia suunnittelusta toteutukseen ja valotan projektin pedagogisia perusteita. Pohdin my\u00f6s ty\u00f6n tavoitteita sek\u00e4 tuloksia ja mietin, onko seikkoja, jotka tulisi tulevaisuudessa tehd\u00e4 toisin vastaavanlaisissa projekteissa.<\/p>\n<p>\u201dVetelin viulumestarit\u201d -kirjassa kartoitin Vetelin viuluperinnett\u00e4 varhaisimmista maininnoista 1700-luvulta aina 1970-luvulle saakka. \u00c4\u00e4ninauhalle tallennettua materiaalia vetelil\u00e4isest\u00e4 viuluperinteest\u00e4 on saatavilla 1940-luvulta eteenp\u00e4in ja kirjan p\u00e4\u00e4paino on n\u00e4iden \u00e4\u00e4nitteiden nuotinnuksessa ja niiden analysoinnissa. \u201dVetelin viulumestarit\u201d ei kuitenkaan ole pelkk\u00e4 nuottikirja, vaan my\u00f6s pedagoginen opas Perhonjokilaakson perinteiseen viulunsoittotyyliin. Kirja jakautuu nelj\u00e4\u00e4n osaan: Ensimm\u00e4isess\u00e4 perustelen tekemi\u00e4ni valintoja esimerkiksi nuotinnusten tarkkuuden tai sointumerkint\u00f6jen suhteen ja opastan kirjan k\u00e4ytt\u00f6\u00f6n. Toisessa k\u00e4yn l\u00e4pi alueen tyyli\u00e4 ja opastan siihen teksti-, nuotti- ja \u00e4\u00e4niesimerkein. Kolmas osio sis\u00e4lt\u00e4\u00e4 nuotinnukset, pelimannien pienoisel\u00e4m\u00e4nkerrat ja jokaisesta pelimannista erillisen tyylianalyysin. Nelj\u00e4s k\u00e4sittelee vetelil\u00e4isen pelimanniviulismin historiaa ensimm\u00e4isist\u00e4 maininnoista t\u00e4h\u00e4n p\u00e4iv\u00e4\u00e4n. Lis\u00e4ksi koostin alkuper\u00e4isist\u00e4 nauhoista kirjaan CD-levyn liitteeksi tukemaan k\u00e4ytt\u00e4j\u00e4n tyylin omaksumista.<\/p>\n<p>T\u00e4ss\u00e4 pedagogisessa ty\u00f6ss\u00e4 tutkin toisaalta kokemuksiani kirjan tekemisest\u00e4 ja toteutustavoista, toisaalta kirjan toimivuutta pedagogisena v\u00e4lineen\u00e4 k\u00e4ytt\u00e4j\u00e4lle. Mietin, mitk\u00e4 olivat tavoitteita kirjalleni ja miten onnistuin niiss\u00e4. T\u00e4t\u00e4 kirjoittaessa olen aloittamassa teokselle jatko-osaa, ja toteutustapojen j\u00e4sent\u00e4minen ja harkinta varmasti helpottaa ty\u00f6skentely\u00e4ni sen parissa.<\/p>\n<p>&nbsp;<\/p>","protected":false},"excerpt":{"rendered":"<p>Seminaarity\u00f6<br \/>\nOpettajan pedagogiset opinnot<br \/>\nTampereen yliopisto<\/p>\n<p>Taideyliopiston Sibelius-Akatemia, kansanmusiikin aineryhm\u00e4<br \/>\nSyksy 2013<\/p>","protected":false},"featured_media":0,"comment_status":"closed","ping_status":"closed","template":"","meta":{"_acf_changed":false},"product_brand":[],"product_cat":[81,76],"product_tag":[],"class_list":{"0":"post-2915","1":"product","2":"type-product","3":"status-publish","5":"product_cat-maisteriopinnot","6":"product_cat-opinnaytteet","8":"first","9":"instock","10":"shipping-taxable","11":"product-type-simple"},"acf":[],"_links":{"self":[{"href":"https:\/\/etno.net\/en\/wp-json\/wp\/v2\/product\/2915","targetHints":{"allow":["GET"]}}],"collection":[{"href":"https:\/\/etno.net\/en\/wp-json\/wp\/v2\/product"}],"about":[{"href":"https:\/\/etno.net\/en\/wp-json\/wp\/v2\/types\/product"}],"replies":[{"embeddable":true,"href":"https:\/\/etno.net\/en\/wp-json\/wp\/v2\/comments?post=2915"}],"wp:attachment":[{"href":"https:\/\/etno.net\/en\/wp-json\/wp\/v2\/media?parent=2915"}],"wp:term":[{"taxonomy":"product_brand","embeddable":true,"href":"https:\/\/etno.net\/en\/wp-json\/wp\/v2\/product_brand?post=2915"},{"taxonomy":"product_cat","embeddable":true,"href":"https:\/\/etno.net\/en\/wp-json\/wp\/v2\/product_cat?post=2915"},{"taxonomy":"product_tag","embeddable":true,"href":"https:\/\/etno.net\/en\/wp-json\/wp\/v2\/product_tag?post=2915"}],"curies":[{"name":"wp","href":"https:\/\/api.w.org\/{rel}","templated":true}]}}