{"id":2917,"date":"2021-04-19T00:12:25","date_gmt":"2021-04-18T22:12:25","guid":{"rendered":"https:\/\/etno.net\/?post_type=product&#038;p=2917"},"modified":"2021-05-27T09:38:53","modified_gmt":"2021-05-27T07:38:53","slug":"kitaristin-konttoripaiva-kokemuksia-kolmesta-eri-levytyssessiosta","status":"publish","type":"product","link":"https:\/\/etno.net\/en\/julkaisu\/opinnaytteet\/maisteriopinnot\/kitaristin-konttoripaiva-kokemuksia-kolmesta-eri-levytyssessiosta","title":{"rendered":"Kitaristin konttorip\u00e4iv\u00e4 \u2013 kokemuksia kolmesta eri levytyssessiosta"},"content":{"rendered":"<h2>Sis\u00e4llysluettelo<\/h2>\n<p><strong>1 Johdanto<\/strong><\/p>\n<p><strong>2 Alkuasetelmat levytyksiin<\/strong><\/p>\n<p><strong>3 Erilaisia soitinkokoonpanoja<\/strong><\/p>\n<p><strong>4 Erilaisia ty\u00f6skentelytapoja<\/strong><\/p>\n<p><strong>5 Lopputuloksia kuunnellen<\/strong><\/p>\n<p><strong>6 Yhteenveto<\/strong><\/p>\n<p>&nbsp;<\/p>\n<h2>Johdanto<\/h2>\n<p>Projektity\u00f6ni k\u00e4sittelee kolmen erilaisen levytyssession tuntemuksia. Viime vuosina olen ollut mukana monilla levyill\u00e4. Sain ajatuksen, ett\u00e4 olisi hauska joskus dokumentoida ja kirjoittaa muistiin tuntemuksia levyprojekteista, jotka yleens\u00e4 vilahtavat ohi muutaman p\u00e4iv\u00e4n ry\u00f6ps\u00e4hdyksin\u00e4. Erilaiset sosiaaliset tilanteet, oma vireystila, tekniset huomiot ja aistimukset j\u00e4\u00e4v\u00e4t yleens\u00e4 studiopaniikissa k\u00e4sittelem\u00e4tt\u00e4, vaikka niiden miettimisest\u00e4 voisi olla hy\u00f6ty\u00e4 jatkoa ajatellen. Olen liitt\u00e4nyt ty\u00f6h\u00f6ni \u00e4\u00e4nin\u00e4ytteit\u00e4, kuvia ja yhden videon, jotta lukijan olisi helpompi ymm\u00e4rt\u00e4\u00e4 vallitsevia studio-olosuhteita.<\/p>\n<p>&nbsp;<\/p>","protected":false},"excerpt":{"rendered":"<p>Projektity\u00f6<br \/>\nSibelius-Akatemia<br \/>\nKansanmusiikin aineryhm\u00e4<br \/>\n2013<\/p>","protected":false},"featured_media":0,"comment_status":"closed","ping_status":"closed","template":"","meta":{"_acf_changed":false},"product_brand":[],"product_cat":[81,76],"product_tag":[],"class_list":{"0":"post-2917","1":"product","2":"type-product","3":"status-publish","5":"product_cat-maisteriopinnot","6":"product_cat-opinnaytteet","8":"first","9":"instock","10":"shipping-taxable","11":"product-type-simple"},"acf":[],"_links":{"self":[{"href":"https:\/\/etno.net\/en\/wp-json\/wp\/v2\/product\/2917","targetHints":{"allow":["GET"]}}],"collection":[{"href":"https:\/\/etno.net\/en\/wp-json\/wp\/v2\/product"}],"about":[{"href":"https:\/\/etno.net\/en\/wp-json\/wp\/v2\/types\/product"}],"replies":[{"embeddable":true,"href":"https:\/\/etno.net\/en\/wp-json\/wp\/v2\/comments?post=2917"}],"wp:attachment":[{"href":"https:\/\/etno.net\/en\/wp-json\/wp\/v2\/media?parent=2917"}],"wp:term":[{"taxonomy":"product_brand","embeddable":true,"href":"https:\/\/etno.net\/en\/wp-json\/wp\/v2\/product_brand?post=2917"},{"taxonomy":"product_cat","embeddable":true,"href":"https:\/\/etno.net\/en\/wp-json\/wp\/v2\/product_cat?post=2917"},{"taxonomy":"product_tag","embeddable":true,"href":"https:\/\/etno.net\/en\/wp-json\/wp\/v2\/product_tag?post=2917"}],"curies":[{"name":"wp","href":"https:\/\/api.w.org\/{rel}","templated":true}]}}