{"id":2918,"date":"2021-04-19T00:13:21","date_gmt":"2021-04-18T22:13:21","guid":{"rendered":"https:\/\/etno.net\/?post_type=product&#038;p=2918"},"modified":"2021-05-27T10:02:26","modified_gmt":"2021-05-27T08:02:26","slug":"pelimannimusiikkia-ruuhka-suomesta","status":"publish","type":"product","link":"https:\/\/etno.net\/en\/julkaisu\/opinnaytteet\/maisteriopinnot\/pelimannimusiikkia-ruuhka-suomesta","title":{"rendered":"Pelimannimusiikkia ruuhka-Suomesta"},"content":{"rendered":"<h2>Sis\u00e4llysluettelo<\/h2>\n<p><strong>1 Tausta<\/strong><\/p>\n<p><strong>2 Sovitukset<\/strong><\/p>\n<p><strong>3 Soinnutus<\/strong><\/p>\n<p><strong>4 Fraseeraus, variaatiot ja koristelu<\/strong><\/p>\n<p><strong>5 Nuottien kirjoituksesta<\/strong><\/p>\n<p><strong>6 Kansanmusiikki ja nuotit<\/strong><\/p>\n<p><strong>7 Yhteenveto<\/strong><\/p>\n<p><strong>Nuotinnokset<\/strong><br \/>\n<strong>\u00c4\u00e4nite<\/strong><\/p>\n<h2><\/h2>\n<h2>Johdanto<\/h2>\n<p>T\u00e4m\u00e4n projektin alkuper\u00e4isidea oli siirt\u00e4\u00e4 nuoteiksi Pelimannimusiikkia ruuhka-Suomesta -levyn materiaalia, jonka \u00e4\u00e4nitimme yhdess\u00e4 is\u00e4ni Mauno J\u00e4rvel\u00e4n kanssa kuluvan vuosituhannen alussa. Koimme my\u00f6hemmin t\u00e4rke\u00e4ksi valmistaa kompaktin nuottikokoelman Uudenmaan ja Varsinais-Suomen ruotsinkielisten alueiden pelimannimateriaalin helmist\u00e4, mik\u00e4 osaltaan voisi toimia v\u00e4yl\u00e4n\u00e4 maamme pelimanneille tekem\u00e4\u00e4n tuttavuutta etel\u00e4suomalaiseen perinnemusiikkiin. Aloitin nuottien kirjoituksen parilla kappaleella jo vuonna 2010, mutta suurin osa kirjoitusty\u00f6st\u00e4 tapahtui kev\u00e4\u00e4n 2013 aikana. Tuon tekstiss\u00e4 ilmi omia ajatuksiani liittyen nuotinkirjoitusty\u00f6h\u00f6n sek\u00e4 kommentteja ja n\u00e4kemyksi\u00e4 Maunolta viitaten toukokuussa 2013 tekem\u00e4\u00e4ni haastatteluun.<\/p>","protected":false},"excerpt":{"rendered":"<div class=\"field field-name-field-thesis-author field-type-text field-label-hidden\">\n<div class=\"field-items\">\n<div class=\"field-item even\">Projektity\u00f6<\/div>\n<\/div>\n<\/div>\n<div class=\"field field-name-field-thesis-metadata field-type-text-long field-label-hidden\">\n<div class=\"field-items\">\n<div class=\"field-item even\">\n<div>Sibelius-Akatemia<\/div>\n<div>Kansanmusiikin aineryhm\u00e4<br \/>\n2013<\/div>\n<\/div>\n<\/div>\n<\/div>","protected":false},"featured_media":0,"comment_status":"closed","ping_status":"closed","template":"","meta":{"_acf_changed":false},"product_brand":[],"product_cat":[81,76],"product_tag":[],"class_list":{"0":"post-2918","1":"product","2":"type-product","3":"status-publish","5":"product_cat-maisteriopinnot","6":"product_cat-opinnaytteet","8":"first","9":"instock","10":"shipping-taxable","11":"product-type-simple"},"acf":[],"_links":{"self":[{"href":"https:\/\/etno.net\/en\/wp-json\/wp\/v2\/product\/2918","targetHints":{"allow":["GET"]}}],"collection":[{"href":"https:\/\/etno.net\/en\/wp-json\/wp\/v2\/product"}],"about":[{"href":"https:\/\/etno.net\/en\/wp-json\/wp\/v2\/types\/product"}],"replies":[{"embeddable":true,"href":"https:\/\/etno.net\/en\/wp-json\/wp\/v2\/comments?post=2918"}],"wp:attachment":[{"href":"https:\/\/etno.net\/en\/wp-json\/wp\/v2\/media?parent=2918"}],"wp:term":[{"taxonomy":"product_brand","embeddable":true,"href":"https:\/\/etno.net\/en\/wp-json\/wp\/v2\/product_brand?post=2918"},{"taxonomy":"product_cat","embeddable":true,"href":"https:\/\/etno.net\/en\/wp-json\/wp\/v2\/product_cat?post=2918"},{"taxonomy":"product_tag","embeddable":true,"href":"https:\/\/etno.net\/en\/wp-json\/wp\/v2\/product_tag?post=2918"}],"curies":[{"name":"wp","href":"https:\/\/api.w.org\/{rel}","templated":true}]}}