{"id":2920,"date":"2021-04-19T00:15:18","date_gmt":"2021-04-18T22:15:18","guid":{"rendered":"https:\/\/etno.net\/?post_type=product&#038;p=2920"},"modified":"2021-05-28T11:04:06","modified_gmt":"2021-05-28T09:04:06","slug":"sama-tukki-matkani","status":"publish","type":"product","link":"https:\/\/etno.net\/en\/julkaisu\/opinnaytteet\/maisteriopinnot\/sama-tukki-matkani","title":{"rendered":"Sama tukki &#8211; matkani"},"content":{"rendered":"<h2>Sis\u00e4llysluettelo<\/h2>\n<p><strong>1 Johdanto<\/strong><\/p>\n<p><strong>2 Soittotunnit<\/strong><\/p>\n<p><strong>3 Konsertti<\/strong><\/p>\n<p><strong>4 P\u00e4\u00e4telm\u00e4t<\/strong><\/p>\n<p>&nbsp;<\/p>\n<h2>Johdanto<\/h2>\n<p>Kev\u00e4\u00e4ll\u00e4 2012 olin vaihdossa Senegalissa ja Malissa. Opiskelin Senegalissa koransoittoa Baboulaye Cissokhon johdolla ja balafoninsoittoa Adama Cissokhon johdolla. Malissa opiskelin Institut national des arts -koulussa sek\u00e4 koran- ett\u00e4 balafoninsoittoa. Malin opinnot keskeytyiv\u00e4t ik\u00e4v\u00e4sti reilun viikon opiskelun j\u00e4lkeen Malin vallankaappaukseen 22.3.2012. Vallankaappauksen seurauksena vaihtoni Malissa keskeytyi ja palasin Suomeen takaisin huhtikuussa 2012. Vaihdossa oppimastani materiaalista ty\u00f6stin ja kokosin projektikonsertin Suomeen palattuani. Koransoittaja Malang Cissokho antoi minulle soittotunteja toukokuussa 2012 ja syyskuussa 2012. Opettajani Sinikka Kontion kanssa k\u00e4vimme kappaleita l\u00e4pi soittotunneillani syyskuussa. Konsertti oli 24.9.2012 Harjun nuorisotalolla S\u00f6rn\u00e4isess\u00e4. Noin puolituntia kest\u00e4v\u00e4ss\u00e4 konsertissa soitin pelk\u00e4st\u00e4\u00e4n koraa. Mukana soittamasssa olivat koransoittaja Malang Cissokho ja kitaristi Gustav Store.<\/p>","protected":false},"excerpt":{"rendered":"<p>Projektity\u00f6<br \/>\nSibelius-Akatemia<br \/>\nKansanmusiikin aineryhm\u00e4<br \/>\n2012<\/p>","protected":false},"featured_media":0,"comment_status":"closed","ping_status":"closed","template":"","meta":{"_acf_changed":false},"product_brand":[],"product_cat":[81,76],"product_tag":[],"class_list":{"0":"post-2920","1":"product","2":"type-product","3":"status-publish","5":"product_cat-maisteriopinnot","6":"product_cat-opinnaytteet","8":"first","9":"instock","10":"shipping-taxable","11":"product-type-simple"},"acf":[],"_links":{"self":[{"href":"https:\/\/etno.net\/en\/wp-json\/wp\/v2\/product\/2920","targetHints":{"allow":["GET"]}}],"collection":[{"href":"https:\/\/etno.net\/en\/wp-json\/wp\/v2\/product"}],"about":[{"href":"https:\/\/etno.net\/en\/wp-json\/wp\/v2\/types\/product"}],"replies":[{"embeddable":true,"href":"https:\/\/etno.net\/en\/wp-json\/wp\/v2\/comments?post=2920"}],"wp:attachment":[{"href":"https:\/\/etno.net\/en\/wp-json\/wp\/v2\/media?parent=2920"}],"wp:term":[{"taxonomy":"product_brand","embeddable":true,"href":"https:\/\/etno.net\/en\/wp-json\/wp\/v2\/product_brand?post=2920"},{"taxonomy":"product_cat","embeddable":true,"href":"https:\/\/etno.net\/en\/wp-json\/wp\/v2\/product_cat?post=2920"},{"taxonomy":"product_tag","embeddable":true,"href":"https:\/\/etno.net\/en\/wp-json\/wp\/v2\/product_tag?post=2920"}],"curies":[{"name":"wp","href":"https:\/\/api.w.org\/{rel}","templated":true}]}}