{"id":2921,"date":"2021-04-19T00:16:16","date_gmt":"2021-04-18T22:16:16","guid":{"rendered":"https:\/\/etno.net\/?post_type=product&#038;p=2921"},"modified":"2021-05-28T11:06:49","modified_gmt":"2021-05-28T09:06:49","slug":"viktor-klimenko-viimeinen-emigrantti","status":"publish","type":"product","link":"https:\/\/etno.net\/en\/julkaisu\/opinnaytteet\/maisteriopinnot\/viktor-klimenko-viimeinen-emigrantti","title":{"rendered":"Viktor Klimenko &#8211; Viimeinen emigrantti"},"content":{"rendered":"<h2>Sis\u00e4llysluettelo<\/h2>\n<p><strong>1 Alkusanat<\/strong><\/p>\n<p><strong>2 N\u00e4yttelij\u00e4 Viktor Klimenko<\/strong><\/p>\n<p><strong>3 Lapsuus<\/strong><\/p>\n<p><strong>4 Musiikillinen her\u00e4\u00e4minen<\/strong><\/p>\n<p><strong>5 Maahanmuuttajan juurettomuus<\/strong><\/p>\n<p><strong>6 Identiteettikriisi<\/strong><\/p>\n<p><strong>7 Villin ja Romanttisen Kasakan synty<\/strong><\/p>\n<p><strong>8 Suosio ja hallitsemattomat vuodet<\/strong><\/p>\n<p><strong>9 Loppuun palaminen<\/strong><\/p>\n<p><strong>10 Uskoontulo<\/strong><\/p>\n<p><strong>11 Muusikkona Viktor Klimenkon rinnalla<\/strong><\/p>\n<p><strong>12 Liitteet<\/strong><\/p>\n<p><strong>13 Kuvia<\/strong><\/p>\n<h2><\/h2>\n<h2>Alkusanat<\/h2>\n<p>Tapasin Viktor Klimenkon ensimm\u00e4isen kerran tasan vuosi ennen projektity\u00f6ni valmistumista, marraskuussa 2011. H\u00e4n oli aikaisemmin n\u00e4hnyt Kuunkuiskaajien esiintymisen Euroviisukilpailuissa, mik\u00e4 oli her\u00e4tt\u00e4nyt h\u00e4ness\u00e4 vahvan tunteen tehd\u00e4 yhteisty\u00f6t\u00e4 kanssamme. H\u00e4n oli kokenut esityksess\u00e4mme ja musiikissamme sit\u00e4 samaa slaavilaisuutta, joka h\u00e4ness\u00e4 itsess\u00e4\u00e4nkin sykkii voimakkaana. Heti ensikohtaamisessamme h\u00e4nest\u00e4 v\u00e4littyi vahva karisma, jollaista harvalle on lahjoitettu. Viktor ei j\u00e4t\u00e4 ket\u00e4\u00e4n kylm\u00e4ksi. H\u00e4ness\u00e4 on samanaikaisesti sek\u00e4 voimaa ett\u00e4 herkkyytt\u00e4, l\u00e4sn\u00e4olon taitoa, taito koskettaa ihmisi\u00e4.<\/p>\n<p>Elokuussa 2012 aloitimme Viktorin 50-vuotistaiteilijajuhlakiertueen harjoitukset yhdess\u00e4 Kuunkuiskaajat-yhtyeemme kanssa. Me nuoremman polven muusikot saimme ponnistella, ett\u00e4 jaksoimme heitt\u00e4yty\u00e4 joka p\u00e4iv\u00e4 ja joka hetki kappaleisiin samalla intensiteetill\u00e4 kuin Viktor. Oli hienoa kokea jo harjoitteluvaiheessa se yhteys, mik\u00e4 v\u00e4lillemme melkein huomaamattamme syntyi. Sukupolvien v\u00e4list\u00e4 kuilua ei ollut, musiikki ja yhteinen intohimo oli se, mik\u00e4 meit\u00e4 yhdisti. Tulen aina muistamaan sen hetken, jossa meid\u00e4n kaikkien voimat alkoivat hiljalleen hiipua pitkien treenien loppuvaiheessa. Siit\u00e4 huolimatta Viktor viel\u00e4 intoutui improvisoimaan ja heitt\u00e4ytyi polvilleen lattialle laulamaan. Koko yhtyeemme leimahti uudestaan liekkeihin. Sill\u00e4 hetkell\u00e4 ymm\u00e4rsin mist\u00e4 t\u00e4ss\u00e4 kaikessa taiteen tekemisess\u00e4, musiikin tekemisess\u00e4 on kyse: tunteenpalosta.<\/p>\n<p>Monet kyyneleet ja ilon hetket olemme pitk\u00e4ll\u00e4 kiertueella saaneet kokea. Istua pakettiautossa satoja ja satoja kilometrej\u00e4, kuunnellen Viktorin tarinoita. Seist\u00e4 hengitt\u00e4m\u00e4tt\u00e4 korva kiinni ovessa lavan takana, kun Viktor yksin laulaa valokeilassa konsertin viimeisen laulun, Finlandian, ihmisten osoittaen seisten h\u00e4nelle kunniaa. Ilta illan j\u00e4lkeen olla haltioitunut jostain, mink\u00e4 yhdess\u00e4 loimme ja yleis\u00f6n kanssa saimme kokea. L\u00f6yt\u00e4\u00e4 uusi musiikillinen maailma, Viktor Klimenkon kanssa.<\/p>\n<p>T\u00e4st\u00e4 poikkeuksellisesta persoonasta halusin tehd\u00e4 projektity\u00f6ni.<\/p>\n<p>&nbsp;<\/p>","protected":false},"excerpt":{"rendered":"<p>Projektity\u00f6<br \/>\nSibelius-Akatemia<br \/>\nKansanmusiikin aineryhm\u00e4<br \/>\n2012<\/p>","protected":false},"featured_media":0,"comment_status":"closed","ping_status":"closed","template":"","meta":{"_acf_changed":false},"product_brand":[],"product_cat":[81,76],"product_tag":[],"class_list":{"0":"post-2921","1":"product","2":"type-product","3":"status-publish","5":"product_cat-maisteriopinnot","6":"product_cat-opinnaytteet","8":"first","9":"instock","10":"shipping-taxable","11":"product-type-simple"},"acf":[],"_links":{"self":[{"href":"https:\/\/etno.net\/en\/wp-json\/wp\/v2\/product\/2921","targetHints":{"allow":["GET"]}}],"collection":[{"href":"https:\/\/etno.net\/en\/wp-json\/wp\/v2\/product"}],"about":[{"href":"https:\/\/etno.net\/en\/wp-json\/wp\/v2\/types\/product"}],"replies":[{"embeddable":true,"href":"https:\/\/etno.net\/en\/wp-json\/wp\/v2\/comments?post=2921"}],"wp:attachment":[{"href":"https:\/\/etno.net\/en\/wp-json\/wp\/v2\/media?parent=2921"}],"wp:term":[{"taxonomy":"product_brand","embeddable":true,"href":"https:\/\/etno.net\/en\/wp-json\/wp\/v2\/product_brand?post=2921"},{"taxonomy":"product_cat","embeddable":true,"href":"https:\/\/etno.net\/en\/wp-json\/wp\/v2\/product_cat?post=2921"},{"taxonomy":"product_tag","embeddable":true,"href":"https:\/\/etno.net\/en\/wp-json\/wp\/v2\/product_tag?post=2921"}],"curies":[{"name":"wp","href":"https:\/\/api.w.org\/{rel}","templated":true}]}}