{"id":2922,"date":"2021-04-19T00:17:06","date_gmt":"2021-04-18T22:17:06","guid":{"rendered":"https:\/\/etno.net\/?post_type=product&#038;p=2922"},"modified":"2021-05-27T10:23:20","modified_gmt":"2021-05-27T08:23:20","slug":"oppimateriaalin-valmistaminen-114-kieliselle-kanteleelle-plektratekniikan-ja-komppimelodiasoiton-tarkastelua","status":"publish","type":"product","link":"https:\/\/etno.net\/en\/julkaisu\/opinnaytteet\/maisteriopinnot\/oppimateriaalin-valmistaminen-114-kieliselle-kanteleelle-plektratekniikan-ja-komppimelodiasoiton-tarkastelua","title":{"rendered":"Oppimateriaalin valmistaminen 11+4-kieliselle kanteleelle &#8211; Plektratekniikan ja komppimelodiasoiton tarkastelua"},"content":{"rendered":"<h2>Sis\u00e4llysluettelo<\/h2>\n<p><strong>1 Johdanto<\/strong><\/p>\n<p><strong>2 Kantele<\/strong><\/p>\n<p style=\"padding-left: 40px\">2.1 11+4-kielinen kantele<br \/>\n2.2 Perinteiset soittotekniikat<br \/>\n2.3 Plektratekniikka<br \/>\n2.4 Komppimelodiasoitto<br \/>\n2.5 Ohjelmisto<\/p>\n<p><strong>3 Aiemmat oppimateriaalit<\/strong><\/p>\n<p style=\"padding-left: 40px\">3.1 Kanteleoppikirjat<br \/>\n3.2 Muuta kansanmusiikki- ja kantelekirjallisuutta<\/p>\n<p><strong>4 Kansanmusiikki- ja kantelepedagogiikka<\/strong><\/p>\n<p><strong>5 Tutkimuksen toteutus<\/strong><\/p>\n<p style=\"padding-left: 40px\">5.1 Tutkimuksen tarkoitus ja tutkimusteht\u00e4v\u00e4t<br \/>\n5.2 Tutkimusmenetelm\u00e4<br \/>\n5.3 Tutkimuksen eteneminen<\/p>\n<p><strong>6 Oppimateriaalin valmistaminen<\/strong><\/p>\n<p style=\"padding-left: 40px\">6.1 Kappaleiden valitseminen<br \/>\n6.2 Pedagogiset n\u00e4k\u00f6kulmat<\/p>\n<p style=\"padding-left: 80px\">6.2.1 Soiton ergonomia<br \/>\n6.2.2 Soittotekniikka<\/p>\n<p style=\"padding-left: 40px\">6.3 Nuottikuvan tarkastelu<br \/>\n6.4 Esimerkki tekem\u00e4st\u00e4ni oppimateriaalista<\/p>\n<p><strong>7 Oppimateriaalista saatu palaute ja tulosten luotettavuuden tarkastelu<\/strong><\/p>\n<p><strong>8 Pohdinta<\/strong><\/p>\n<p><strong>L\u00e4hteet<\/strong><br \/>\n<strong>Liitteet<\/strong><\/p>\n<p>&nbsp;<\/p>\n<h2>Johdanto<\/h2>\n<p>L\u00e4ht\u00f6kohtana tutkimukselle oli tekij\u00e4n valmistama oppimateriaali 11+4-kieliselle kanteleelle. Materiaalin kokoamisen tavoitteena oli tarkastella plektratekniikkaa ja komppimelodiasoittoa sek\u00e4 etsi\u00e4 kanteleelle uutta ohjelmistoa. Materiaali koostuu kymmenest\u00e4 kansanmusiikkikappaleesta ja niihin liittyvist\u00e4 ohjeistuksista tarkoituksena kannustaa soittajaa tarttumaan uusiin haasteisiin ja sovittamaan itse lis\u00e4\u00e4 kappaleita kanteleelle.<\/p>\n<p>Seminaarity\u00f6 tarkastelee oppimateriaalin synty\u00e4, pedagogisia perusteita sek\u00e4 valmiin materiaalin k\u00e4ytett\u00e4vyytt\u00e4. Tutkimusmenetelm\u00e4n\u00e4 k\u00e4ytettiin tekemisperusteista tutkimusta, jossa tutkija kertoo omia kokemuksiaan prosessista itsereflektion kautta ja pohtii oppimateriaali testanneiden kanteleensoittajien antamaa palautetta. Esimerkkin\u00e4 oppimateriaalista kuvataan Mollisottiisi, jossa keskeisin\u00e4 harjoittelun kohteina ovat ylemm\u00e4t sointuotteet ja vivun k\u00e4ytt\u00f6.<\/p>\n<p>&nbsp;<\/p>","protected":false},"excerpt":{"rendered":"<p>Seminaarity\u00f6<br \/>\nInstrumenttiopettajan pedagogiset opinnot<\/p>\n<p>Tampereen yliopisto<br \/>\nSibelius-Akatemia, Kansanmusiikin aineryhm\u00e4<br \/>\nKev\u00e4t 2012<\/p>","protected":false},"featured_media":0,"comment_status":"closed","ping_status":"closed","template":"","meta":{"_acf_changed":false},"product_brand":[],"product_cat":[81,76],"product_tag":[],"class_list":{"0":"post-2922","1":"product","2":"type-product","3":"status-publish","5":"product_cat-maisteriopinnot","6":"product_cat-opinnaytteet","8":"first","9":"instock","10":"shipping-taxable","11":"product-type-simple"},"acf":[],"_links":{"self":[{"href":"https:\/\/etno.net\/en\/wp-json\/wp\/v2\/product\/2922","targetHints":{"allow":["GET"]}}],"collection":[{"href":"https:\/\/etno.net\/en\/wp-json\/wp\/v2\/product"}],"about":[{"href":"https:\/\/etno.net\/en\/wp-json\/wp\/v2\/types\/product"}],"replies":[{"embeddable":true,"href":"https:\/\/etno.net\/en\/wp-json\/wp\/v2\/comments?post=2922"}],"wp:attachment":[{"href":"https:\/\/etno.net\/en\/wp-json\/wp\/v2\/media?parent=2922"}],"wp:term":[{"taxonomy":"product_brand","embeddable":true,"href":"https:\/\/etno.net\/en\/wp-json\/wp\/v2\/product_brand?post=2922"},{"taxonomy":"product_cat","embeddable":true,"href":"https:\/\/etno.net\/en\/wp-json\/wp\/v2\/product_cat?post=2922"},{"taxonomy":"product_tag","embeddable":true,"href":"https:\/\/etno.net\/en\/wp-json\/wp\/v2\/product_tag?post=2922"}],"curies":[{"name":"wp","href":"https:\/\/api.w.org\/{rel}","templated":true}]}}