{"id":2924,"date":"2021-04-19T00:19:11","date_gmt":"2021-04-18T22:19:11","guid":{"rendered":"https:\/\/etno.net\/?post_type=product&#038;p=2924"},"modified":"2021-05-27T10:18:50","modified_gmt":"2021-05-27T08:18:50","slug":"lahestymistapoja-karjalaisen-kanteleimprovisaation-opettamiseen","status":"publish","type":"product","link":"https:\/\/etno.net\/en\/julkaisu\/opinnaytteet\/maisteriopinnot\/lahestymistapoja-karjalaisen-kanteleimprovisaation-opettamiseen","title":{"rendered":"L\u00e4hestymistapoja karjalaisen kanteleimprovisaation opettamiseen"},"content":{"rendered":"<p>Tekij\u00e4: Salla Pesonen<br \/>\nTy\u00f6n nimi: L\u00e4hestymistapoja karjalaisen kanteleimprovisaation opettamiseen<br \/>\nOppiaine: Instrumenttiopettajan pedagogiset opinnot<br \/>\nTy\u00f6n laji: Seminaarity\u00f6<br \/>\nAika: Kev\u00e4t 2012<br \/>\nSivum\u00e4\u00e4r\u00e4: 36<\/p>\n<p>&nbsp;<\/p>\n<h2>Sis\u00e4llysluettelo<\/h2>\n<p><strong>1 Johdanto<\/strong><\/p>\n<p><strong>2 Tutkimusasetelma<\/strong><\/p>\n<p style=\"padding-left: 40px\">2.1 Tutkimuksen tausta ja tutkimusteht\u00e4v\u00e4<br \/>\n2.2 Tutkimusmenetelm\u00e4t ja tutkimuksen rakenne<br \/>\n2.3 El\u00e4m\u00e4nkerta tutkimusaineistona<\/p>\n<p><strong>3 Kadonneen musiikin kirjalliset j\u00e4ljet<\/strong><\/p>\n<p style=\"padding-left: 40px\">3.1 Kanteleen historian k\u00e4\u00e4nnekohtia<br \/>\n3.2 Pitk\u00e4\u00e4nsoiton estetiikka<br \/>\n3.3 Improvisaatio<\/p>\n<p><strong>4 Oma opinpolku<\/strong><\/p>\n<p><strong>5 L\u00e4hestymistapoja karjalaisen kanteleimprovisaation opettamiseen<\/strong><\/p>\n<p style=\"padding-left: 40px\">5.1 Yleist\u00e4<br \/>\n5.2 Mielikuvitus<br \/>\n5.3 Kuuntelemisen taito<br \/>\n5.4 Soittaminen<br \/>\n5.5 Musisoiva tutkiminen<br \/>\n5.6 Keho ja kehollinen oppiminen<\/p>\n<p><strong>6 Pohdinta<\/strong><\/p>\n<p><strong>L\u00e4hteet<\/strong><\/p>\n<p>&nbsp;<\/p>\n<h2>Johdanto<\/h2>\n<p>Tutkimuksessa perehdyttiin karjalaiseen kanteleimprovisaatioon eli maamme vanhinta musiikkikerrostumaa edustavaan kanteleensoittotyyliin. Tutkimuksella haluttiin selvitt\u00e4\u00e4, kuinka t\u00e4t\u00e4 kadonnutta musiikkityyli\u00e4 voitaisiin opettaa.<\/p>\n<p>Tutkimus jakautui kolmeen vaiheeseen. N\u00e4ist\u00e4 ensimm\u00e4isess\u00e4 tuotettiin omael\u00e4m\u00e4nkerrallista tutkimusaineistoa ja toisessa vaiheessa hahmoteltiin kirjallisuuden avulla aihepiirin sijoittumista laajempaan kontekstiin. Tutkimuksen kolmannessa vaiheessa etsittiin omael\u00e4m\u00e4nkerrallista aineistoa ja hermeneuttista metodia hy\u00f6dynt\u00e4m\u00e4ll\u00e4 erilaisia l\u00e4hestymistapoja karjalaisen kanteleimprovisaation opettamiseen.<\/p>\n<p>Tutkimusprosessin edetess\u00e4 saatiin selville karjalaisen kanteleimprovisaation opettamisen ja oppimisen viisiosainen malli. Tutkimusongelmien ratketessa tutkimuksessa p\u00e4\u00e4dyttiin kuitenkin takaisin l\u00e4ht\u00f6pisteeseen. Kadonneeksi mielletty musiikki ei ollutkaan kadonnutta.<\/p>\n<p>Tutkimuksesta muodostui lopulta monimuotoinen kokonaisuus, jonka avulla pystyttiin osoittamaan kansanmusiikkipedagogiikkaan, karjalaisen kanteleimprovisaation opettamiseen sek\u00e4 muusikoksi kasvamisen prosessiin liittyvi\u00e4 arvokkaita ja merkityksellisi\u00e4 n\u00e4kemyksi\u00e4.<\/p>\n<p>&nbsp;<\/p>","protected":false},"excerpt":{"rendered":"<p>Seminaarity\u00f6<br \/>\nInstrumenttiopettajan pedagogiset opinnot<\/p>\n<p>Tampereen yliopisto<br \/>\nSibelius-Akatemia, kansanmusiikin aineryhm\u00e4<br \/>\nKev\u00e4t 2012<\/p>","protected":false},"featured_media":0,"comment_status":"closed","ping_status":"closed","template":"","meta":{"_acf_changed":false},"product_brand":[],"product_cat":[81,76],"product_tag":[],"class_list":{"0":"post-2924","1":"product","2":"type-product","3":"status-publish","5":"product_cat-maisteriopinnot","6":"product_cat-opinnaytteet","8":"first","9":"instock","10":"shipping-taxable","11":"product-type-simple"},"acf":[],"_links":{"self":[{"href":"https:\/\/etno.net\/en\/wp-json\/wp\/v2\/product\/2924","targetHints":{"allow":["GET"]}}],"collection":[{"href":"https:\/\/etno.net\/en\/wp-json\/wp\/v2\/product"}],"about":[{"href":"https:\/\/etno.net\/en\/wp-json\/wp\/v2\/types\/product"}],"replies":[{"embeddable":true,"href":"https:\/\/etno.net\/en\/wp-json\/wp\/v2\/comments?post=2924"}],"wp:attachment":[{"href":"https:\/\/etno.net\/en\/wp-json\/wp\/v2\/media?parent=2924"}],"wp:term":[{"taxonomy":"product_brand","embeddable":true,"href":"https:\/\/etno.net\/en\/wp-json\/wp\/v2\/product_brand?post=2924"},{"taxonomy":"product_cat","embeddable":true,"href":"https:\/\/etno.net\/en\/wp-json\/wp\/v2\/product_cat?post=2924"},{"taxonomy":"product_tag","embeddable":true,"href":"https:\/\/etno.net\/en\/wp-json\/wp\/v2\/product_tag?post=2924"}],"curies":[{"name":"wp","href":"https:\/\/api.w.org\/{rel}","templated":true}]}}