{"id":2926,"date":"2021-04-19T00:20:57","date_gmt":"2021-04-18T22:20:57","guid":{"rendered":"https:\/\/etno.net\/?post_type=product&#038;p=2926"},"modified":"2021-05-28T11:13:29","modified_gmt":"2021-05-28T09:13:29","slug":"kun-kerran-aloin-improvisoida-katsaus-improvisoinnin-maailmaan","status":"publish","type":"product","link":"https:\/\/etno.net\/en\/julkaisu\/opinnaytteet\/maisteriopinnot\/kun-kerran-aloin-improvisoida-katsaus-improvisoinnin-maailmaan","title":{"rendered":"Kun kerran aloin improvisoida &#8211; katsaus improvisoinnin maailmaan"},"content":{"rendered":"<h2>Sis\u00e4llysluettelo<\/h2>\n<p><strong>1 Mietteit\u00e4<\/strong><\/p>\n<p style=\"padding-left: 40px\">1.1 Suhde improvisointiin<br \/>\n1.2 Muiden kanssa soittaminen<\/p>\n<p><strong>2 Ajatuksia<\/strong><\/p>\n<p style=\"padding-left: 40px\">2.1 Projektity\u00f6n idea<\/p>\n<p><strong>3 Koettelemuksia<\/strong><\/p>\n<p style=\"padding-left: 40px\">3.1 Harjoitukset<br \/>\n3.2 Konsertit<\/p>\n<p><strong>4 J\u00e4lkiviisaus<\/strong><\/p>\n<p style=\"padding-left: 40px\">4.1 Yhteenveto<br \/>\n4.2 Opetus<\/p>\n<p>T\u00e4ss\u00e4 projektity\u00f6ss\u00e4ni k\u00e4yn l\u00e4pi omaa suhdettani improvisointiin. Pohdin mit\u00e4 ylip\u00e4\u00e4t\u00e4ns\u00e4 improvisoinnilla tarkoitetaan ja mit\u00e4 se voisi olla. Projektini kulmakiven\u00e4 toimii kuitenkin mahdollisimman monen eri improvisointisession \u00e4\u00e4nitt\u00e4minen ja tutkiminen. Mielenkiintoa lis\u00e4\u00e4 my\u00f6s se, etten soittaisi improvisaatioita yksin vaan kaverini Miikka Hakom\u00e4en kanssa. Toinen t\u00e4rke\u00e4 huomio on se, ett\u00e4 improvisaatiot pit\u00e4v\u00e4t sis\u00e4ll\u00e4\u00e4n Oliver Messiaenin s\u00e4velt\u00e4m\u00e4n kappaleen sellaisenaan. Spontaanisti luotu kokonaisuus joutuu nielaisemaan &#8221;vakavasti&#8221; s\u00e4velletyn kappaleen. Mit\u00e4 siit\u00e4 seuraa?<\/p>","protected":false},"excerpt":{"rendered":"<div class=\"field field-name-field-thesis-metadata field-type-text-long field-label-hidden\">\n<div class=\"field-items\">\n<div class=\"field-item even\">\n<p>Projektity\u00f6<br \/>\nSibelius-Akatemia<br \/>\nKansanmusiikin aineryhm\u00e4<br \/>\n2011<\/p>\n<\/div>\n<\/div>\n<\/div>\n<div class=\"field field-name-field-thesis-abstract field-type-text-long field-label-hidden\">\n<div class=\"field-items\">\n<div class=\"field-item even\"><\/div>\n<\/div>\n<\/div>","protected":false},"featured_media":0,"comment_status":"closed","ping_status":"closed","template":"","meta":{"_acf_changed":false},"product_brand":[],"product_cat":[81,76],"product_tag":[],"class_list":{"0":"post-2926","1":"product","2":"type-product","3":"status-publish","5":"product_cat-maisteriopinnot","6":"product_cat-opinnaytteet","8":"first","9":"instock","10":"shipping-taxable","11":"product-type-simple"},"acf":[],"_links":{"self":[{"href":"https:\/\/etno.net\/en\/wp-json\/wp\/v2\/product\/2926","targetHints":{"allow":["GET"]}}],"collection":[{"href":"https:\/\/etno.net\/en\/wp-json\/wp\/v2\/product"}],"about":[{"href":"https:\/\/etno.net\/en\/wp-json\/wp\/v2\/types\/product"}],"replies":[{"embeddable":true,"href":"https:\/\/etno.net\/en\/wp-json\/wp\/v2\/comments?post=2926"}],"wp:attachment":[{"href":"https:\/\/etno.net\/en\/wp-json\/wp\/v2\/media?parent=2926"}],"wp:term":[{"taxonomy":"product_brand","embeddable":true,"href":"https:\/\/etno.net\/en\/wp-json\/wp\/v2\/product_brand?post=2926"},{"taxonomy":"product_cat","embeddable":true,"href":"https:\/\/etno.net\/en\/wp-json\/wp\/v2\/product_cat?post=2926"},{"taxonomy":"product_tag","embeddable":true,"href":"https:\/\/etno.net\/en\/wp-json\/wp\/v2\/product_tag?post=2926"}],"curies":[{"name":"wp","href":"https:\/\/api.w.org\/{rel}","templated":true}]}}