{"id":2927,"date":"2021-04-19T00:21:46","date_gmt":"2021-04-18T22:21:46","guid":{"rendered":"https:\/\/etno.net\/?post_type=product&#038;p=2927"},"modified":"2021-05-28T11:16:43","modified_gmt":"2021-05-28T09:16:43","slug":"nain-syntyi-projektikonsertti-wind-on-wind-ennenkuulumattomia-ensembleja-musiikkia-kansanomaisille-puhaltimille","status":"publish","type":"product","link":"https:\/\/etno.net\/en\/julkaisu\/opinnaytteet\/maisteriopinnot\/nain-syntyi-projektikonsertti-wind-on-wind-ennenkuulumattomia-ensembleja-musiikkia-kansanomaisille-puhaltimille","title":{"rendered":"N\u00e4in syntyi projektikonsertti &#8221;Wind on Wind, ennenkuulumattomia ensemblej\u00e4&#8221; &#8211; musiikkia kansanomaisille puhaltimille"},"content":{"rendered":"<h2>Sis\u00e4llysluettelo<\/h2>\n<p><strong>1 Johdanto<\/strong><\/p>\n<p><strong>2 Projektissa k\u00e4ytetyist\u00e4 soittimista<\/strong><\/p>\n<p><strong>3 Ty\u00f6skentely alkaa<\/strong><\/p>\n<p><strong>4 Konserttikappaleet<\/strong><\/p>\n<p style=\"padding-left: 40px\">4.1 Palaga<br \/>\n4.2 Loviisa<br \/>\n4.3 Kaksi ruotsalaista valssia<br \/>\n4.4 Farmors brudpolska<br \/>\n4.5 Perhonen ja lippa<\/p>\n<p><strong>5 Konsertti<\/strong><\/p>\n<p style=\"padding-left: 40px\">5.1 Konserttirakenteen suunnittelua<br \/>\n5.2 Konserttip\u00e4iv\u00e4<br \/>\n5.3 Palautetta<\/p>\n<p><strong>6 Toteuttamatta j\u00e4\u00e4neit\u00e4 ideoita<\/strong><\/p>\n<p><strong>7 Pohdinta<\/strong><\/p>\n<p style=\"padding-left: 40px\">7.1 Suurimmat haasteet ja parhaat palkinnot<br \/>\n7.2 Projektini musiikin suhde perinteeseen<br \/>\n7.3 Lopuksi<\/p>\n<p><strong>Kirjallisuutta ja kuunneltavaa<\/strong><\/p>\n<p><strong>Liitteet<\/strong><\/p>\n<p style=\"padding-left: 40px\">Wind on Wind -k\u00e4siohjelma (PDF)<br \/>\nKonserttitaltiointi<\/p>\n<p>&nbsp;<\/p>\n<p>&nbsp;<\/p>\n<h2>Johdanto<\/h2>\n<p>Projektity\u00f6ni oli tutkimus siit\u00e4, mink\u00e4laista musiikkia syntyy kansanomaisista puhaltimista koostuvilla kokoonpanoilla. Halusin kokeilla erilaisia yhdistelmi\u00e4: eri ansatsityyppej\u00e4 ja sointis\u00e4vyj\u00e4, dynamiikaltaan hiljaisia ja voimakkaita, erivireisi\u00e4 soittimia sek\u00e4 isompia ja pienempi\u00e4 kokoonpanoja duosta kvintettiin. Sovitukset valmistelin etuk\u00e4teen ja niit\u00e4 hiottiin ja kehiteltiin my\u00f6s yhdess\u00e4 soittajien kanssa. Soiva toteutus esitettiin projektikonsertissani Wind on Wind Helsingiss\u00e4, Kulttuurien museossa 29.3.2011. Konsertin esiintyj\u00e4tiedot l\u00f6ytyv\u00e4t k\u00e4siohjelmasta (Liite 1) ja konserttitaltiointi on kuultavissa osoitteessa www.etno.net (k\u00e4ytt\u00e4j\u00e4tunnus ja salasana tarvitaan). T\u00e4m\u00e4 kirjallinen osuus on kuvaus prosessista ja sen tuloksista, ja k\u00e4yt\u00e4n siin\u00e4 materiaalina projektip\u00e4iv\u00e4kirjaani, harjoitusten ja konsertin taltiointeja sek\u00e4 kollegoilta, yst\u00e4vilt\u00e4 ja konserttia arvioineelta lautakunnalta saamaani palautetta.<\/p>\n<p>Kansanomaisista puhaltimista koostuvia kokoonpanoja on kuultu Suomessa vain v\u00e4h\u00e4n. Timo Leisi\u00f6n kirjassa Suomen ja Karjalan vanhakantaiset torvi- ja pillisoittimet on kuva vesantolaisesta pajupilliorkesterista vuodelta 1949 tai 1950. Kuvan nelj\u00e4 soittajaa ovat arviolta 4-11 -vuotiaita. Puusarvia k\u00e4ytet\u00e4\u00e4n silloin t\u00e4ll\u00f6in improvisatorisina fanfaarisoittimina esim. Sibelius-Akatemian juhlatilaisuuksissa. Kansanmusiikkia opiskelevien puhaltajien tutkintokonserteissa on silloin t\u00e4ll\u00f6in kuultu erilaisia puhallinyhdistelmi\u00e4, esim. omissa tutkintokonserteissani Kokkolassa 2006 (nelj\u00e4 puusarvea) ja 2008 (kaksi h\u00e4rjedalspipaa). Yksitt\u00e4isi\u00e4 kokeiluja on tehty my\u00f6s esim. teatteriproduktioissa, mutta ne ovat olleet enemm\u00e4n muiden tekij\u00f6iden ehdoilla tapahtuvia sovituksia. Halusin t\u00e4ss\u00e4 projektissani menn\u00e4 edell\u00e4 mainittuja esimerkkej\u00e4 syvemm\u00e4lle ja ty\u00f6skennell\u00e4 pitk\u00e4j\u00e4nteisesti ja kunnianhimoisesti nimenomaan n\u00e4ihin soittimiin ja niiden mahdollisuuksiin keskittyen.<\/p>\n<p>Kansanomaiset puhaltimet on kirjava ja moninainen joukko erityyppisi\u00e4 pillej\u00e4, torvia ja lehdykk\u00e4soittimia. Monissa niist\u00e4 dynamiikka on varsin rajattu. Yhdell\u00e4 puupillill\u00e4 voi soittaa ihan hiljaa tai melko hiljaa, mutta varsinaista fortea siit\u00e4 ei saa. Ent\u00e4 jos n\u00e4it\u00e4 pillej\u00e4 olisikin viisi tai kymmenen \u2013 millaisen forten silloin voisi saada aikaan? Ent\u00e4 millaisen pianissimon? Joissakin kansanomaisissa puhaltimissa s\u00e4velik\u00f6n viritys on jotain muuta kuin tasavireinen (esim. pitk\u00e4huilu tai h\u00e4rjedalspipa) ja silloin tasavireisten soittimien kanssa soitettaessa voi tulla ongelmia. Monissa viritys ei ole a1=442 Hz, vaan 440 Hz tai enemm\u00e4n tai v\u00e4hemm\u00e4n vaihteleva. Viritysasiat aiheuttavat ylip\u00e4\u00e4t\u00e4\u00e4n p\u00e4\u00e4nvaivaa kansanomaisten puhaltimien soittajalle heti, kun siirryt\u00e4\u00e4n soolosoitosta yhtyety\u00f6skentelyyn. Ajattelin, ett\u00e4 puhallinkokoonpanoissa t\u00e4h\u00e4nkin pulmaan voisi saada uusia n\u00e4k\u00f6kulmia. Kokemukseni mukaan kaksi h\u00e4rjedalspipaa toimii mainiosti yhdess\u00e4, vaikka esim. viulun tai haitarin kanssa h\u00e4rjedalspipa ei toimisikaan. Halusin kokeilla, mink\u00e4laiset s\u00e4velik\u00f6t toimivat yhdess\u00e4 ja mink\u00e4laisia yhteissoundeja niist\u00e4 syntyy.<\/p>","protected":false},"excerpt":{"rendered":"<p>Projektity\u00f6<br \/>\nKansanmusiikin aineryhm\u00e4<br \/>\nSibelius-Akatemia<br \/>\n2011<\/p>","protected":false},"featured_media":0,"comment_status":"closed","ping_status":"closed","template":"","meta":{"_acf_changed":false},"product_brand":[],"product_cat":[81,76],"product_tag":[],"class_list":{"0":"post-2927","1":"product","2":"type-product","3":"status-publish","5":"product_cat-maisteriopinnot","6":"product_cat-opinnaytteet","8":"first","9":"instock","10":"shipping-taxable","11":"product-type-simple"},"acf":[],"_links":{"self":[{"href":"https:\/\/etno.net\/en\/wp-json\/wp\/v2\/product\/2927","targetHints":{"allow":["GET"]}}],"collection":[{"href":"https:\/\/etno.net\/en\/wp-json\/wp\/v2\/product"}],"about":[{"href":"https:\/\/etno.net\/en\/wp-json\/wp\/v2\/types\/product"}],"replies":[{"embeddable":true,"href":"https:\/\/etno.net\/en\/wp-json\/wp\/v2\/comments?post=2927"}],"wp:attachment":[{"href":"https:\/\/etno.net\/en\/wp-json\/wp\/v2\/media?parent=2927"}],"wp:term":[{"taxonomy":"product_brand","embeddable":true,"href":"https:\/\/etno.net\/en\/wp-json\/wp\/v2\/product_brand?post=2927"},{"taxonomy":"product_cat","embeddable":true,"href":"https:\/\/etno.net\/en\/wp-json\/wp\/v2\/product_cat?post=2927"},{"taxonomy":"product_tag","embeddable":true,"href":"https:\/\/etno.net\/en\/wp-json\/wp\/v2\/product_tag?post=2927"}],"curies":[{"name":"wp","href":"https:\/\/api.w.org\/{rel}","templated":true}]}}