{"id":2929,"date":"2021-04-19T00:23:34","date_gmt":"2021-04-18T22:23:34","guid":{"rendered":"https:\/\/etno.net\/?post_type=product&#038;p=2929"},"modified":"2021-05-28T11:20:06","modified_gmt":"2021-05-28T09:20:06","slug":"paivi-hirvonen-solo","status":"publish","type":"product","link":"https:\/\/etno.net\/en\/julkaisu\/opinnaytteet\/maisteriopinnot\/paivi-hirvonen-solo","title":{"rendered":"P\u00e4ivi Hirvonen SOLO"},"content":{"rendered":"<h2>Sis\u00e4llysluettelo<\/h2>\n<p><strong>1 Johdanto<\/strong><\/p>\n<p><strong>2 Ideasta konsertiksi<\/strong><\/p>\n<p style=\"padding-left: 40px\">2.1 Suunnitteluvaihe<br \/>\n2.2 Instrumentit<br \/>\n2.3 Ohjelmisto<br \/>\n2.4 Harjoitteluprosessi<\/p>\n<p><strong>3 Konsertit \u2013 niiden tunnelmat ja analysointi<\/strong><\/p>\n<p style=\"padding-left: 40px\">3.1 Helsinki<br \/>\n3.2 Kokkola<\/p>\n<p><strong>4 Lopuksi<\/strong><\/p>\n<p><strong>5 Konserttitallenne<\/strong><\/p>\n<h2><\/h2>\n<h2>Johdanto<\/h2>\n<p>Projektinani oli toteuttaa oma soolokonsertti. Instrumentteina k\u00e4ytin viulua, laulua, jouhikkoa ja 11-kielist\u00e4 kannelta. Musiikissa tavoitteenani oli luoda yksin melodia, harmonia ja rytmi &#8211; k\u00e4ytt\u00e4en joko kaikkia noita elmenttej\u00e4 tai vain yht\u00e4 kerrallaan. Tavoitteenani oli muodostaa &#8221;yhden naisen yhtye&#8221;, joka jatkaisi musiikin tekemist\u00e4 my\u00f6s t\u00e4m\u00e4n projektin j\u00e4lkeen.<\/p>\n<p>Konsertin harjoittelu- ja suunnittelujakso painottui kes\u00e4lle ja syksylle 2010. Konsertit pidin saman vuoden loka- ja marraskuussa Helsingiss\u00e4 ja Kokkolassa.<\/p>\n<p>Projektini kirjallisessa rapotissa kerron konsertin synnyst\u00e4: suunnitteluvaiheesta, instrumenttien k\u00e4yt\u00f6st\u00e4, konsertin ohjelmistosta, harjoitteluprosessista ja sovitusty\u00f6st\u00e4 sek\u00e4 ajatuksiani kahdesta konsertista. Kirjallisessa osiossa siis l\u00e4hinn\u00e4 kuvailen prosessin synty\u00e4 ja etenemist\u00e4 aina konsertin j\u00e4lkeisiin tunnelmiin asti.<\/p>\n<p>Oma soolokonsertti oli ollut jo pitk\u00e4\u00e4n suunnitelmissa \u2013 haaveena oikeastaan. Projektiseminaari-kurssin my\u00f6t\u00e4 sain hyv\u00e4n mahdollisuuden sen toteuttamiseen. T\u00e4m\u00e4n projektin t\u00e4rkein l\u00e4ht\u00f6kohta oli l\u00f6yt\u00e4\u00e4 uskallus luottaa musiikissa vain yhden muusikon voimaan. Halusin tavoittaa musiikin luomisessa yksinkertaisuuden ja toisaalta l\u00f6yt\u00e4\u00e4 sek\u00e4 kokeilla instrumentaation tuomat mahdollisuudet yksin soitettaessa. Tavoitteenani oli, ett\u00e4 voin yksin luoda melodian, harmonian ja rytmin \u2013 k\u00e4ytt\u00e4en joko kaikkia noita elementtej\u00e4 tai vain yht\u00e4 kerrallaan. Konsertista kasvoi lopulta vastakohtien taisto: Rouheus ja voima kohtaavat herkkyyden ja hiljaisuuden<\/p>\n<p>Ennen t\u00e4t\u00e4 sooloprojektiani olen ty\u00f6skennellyt paljon erilaisissa duoissa. T\u00e4ll\u00e4 hetkell\u00e4 minulla on kaksi aktiivisesti toimivaa duo-kokoonpanoa, Duo Maija Kauhanen &amp; P\u00e4ivi Hirvonen sek\u00e4 Duo Hirvonen &amp; Kettunen. Ensin mainittu toimii viulun, saarij\u00e4rven kanteleen sek\u00e4 laulun voimin ja j\u00e4lkimm\u00e4isess\u00e4 kokoonpanossa instrumenttini viulu, jouhikko ja laulu yhdistyv\u00e4t kitaran soundimaailmaan. Duoissa musisoiminen oli yksi t\u00e4rkeimmist\u00e4 syist\u00e4 oman sooloprojektin aloittamiselle. Ty\u00f6skentely vain kahden muusikon kesken antaa paljon mahdollisuuksia omien instrumenttien monipuoliseen k\u00e4ytt\u00f6\u00f6n. Duossa musisoimalla t\u00e4ytyy kummankin muusikon pysty\u00e4 hoitamaan melodiset, harmoniset ja rytmiset vastuut. T\u00e4m\u00e4n projektin aikana tahdoin antaa omalle tulkinnalle sek\u00e4 omille s\u00e4vellyksilleni ja instrumenteilleni viel\u00e4 enemm\u00e4n mahdollisuuksia luomalla konsertin t\u00e4ysin yksin.<\/p>\n<p>T\u00e4h\u00e4n projektiin sis\u00e4ltyi suunnitteluvaihe, luomis- ja harjoitteluvaihe sek\u00e4 kaksi konserttia. Konsertit esitin lokakuussa 2010 Helsingiss\u00e4 Sibelius-Akatemian kamarimusiikkisalissa ja saman vuoden joulukuussa Kokkolassa Truba ry:n j\u00e4rjest\u00e4m\u00e4ll\u00e4 All Acoustic \u2013 klubilla. Konsertin harjoittelua varten sain my\u00f6s yhden kuukauden ty\u00f6skentelytuen ESEKilt\u00e4 kes\u00e4kuussa.<\/p>\n<p>&nbsp;<\/p>","protected":false},"excerpt":{"rendered":"<p>Projektity\u00f6<br \/>\n2010-2011<br \/>\nSibelius-Akatemia<br \/>\nKansanmusiikin aineryhm\u00e4<\/p>","protected":false},"featured_media":0,"comment_status":"closed","ping_status":"closed","template":"","meta":{"_acf_changed":false},"product_brand":[],"product_cat":[81,76],"product_tag":[],"class_list":{"0":"post-2929","1":"product","2":"type-product","3":"status-publish","5":"product_cat-maisteriopinnot","6":"product_cat-opinnaytteet","8":"first","9":"instock","10":"shipping-taxable","11":"product-type-simple"},"acf":[],"_links":{"self":[{"href":"https:\/\/etno.net\/en\/wp-json\/wp\/v2\/product\/2929","targetHints":{"allow":["GET"]}}],"collection":[{"href":"https:\/\/etno.net\/en\/wp-json\/wp\/v2\/product"}],"about":[{"href":"https:\/\/etno.net\/en\/wp-json\/wp\/v2\/types\/product"}],"replies":[{"embeddable":true,"href":"https:\/\/etno.net\/en\/wp-json\/wp\/v2\/comments?post=2929"}],"wp:attachment":[{"href":"https:\/\/etno.net\/en\/wp-json\/wp\/v2\/media?parent=2929"}],"wp:term":[{"taxonomy":"product_brand","embeddable":true,"href":"https:\/\/etno.net\/en\/wp-json\/wp\/v2\/product_brand?post=2929"},{"taxonomy":"product_cat","embeddable":true,"href":"https:\/\/etno.net\/en\/wp-json\/wp\/v2\/product_cat?post=2929"},{"taxonomy":"product_tag","embeddable":true,"href":"https:\/\/etno.net\/en\/wp-json\/wp\/v2\/product_tag?post=2929"}],"curies":[{"name":"wp","href":"https:\/\/api.w.org\/{rel}","templated":true}]}}