{"id":3125,"date":"2020-10-19T09:37:19","date_gmt":"2020-10-19T07:37:19","guid":{"rendered":"https:\/\/etno.net\/?post_type=product&#038;p=3125"},"modified":"2021-06-22T12:50:58","modified_gmt":"2021-06-22T10:50:58","slug":"oman-soittotyylin-loytaminen-tarkastelussa-supersymmetry-teoksen-synty-2016-2020","status":"publish","type":"product","link":"https:\/\/etno.net\/en\/julkaisu\/opinnaytteet\/maisteriopinnot\/oman-soittotyylin-loytaminen-tarkastelussa-supersymmetry-teoksen-synty-2016-2020","title":{"rendered":"Oman soittotyylin l\u00f6yt\u00e4minen \u2013 Tarkastelussa Supersymmetry-teoksen synty 2016-2020"},"content":{"rendered":"<h2>Sis\u00e4llysluettelo<\/h2>\n<p><strong>1 Johdanto<\/strong><\/p>\n<p><strong>2 Musiikin parantava voima<\/strong><\/p>\n<p style=\"padding-left: 40px\">2.1 Ajatuksia omasta soittotyylist\u00e4 ja musiikin filosofiasta<br \/>\n2.2 Taiteilijaidentiteetti<br \/>\n2.3 K\u00e4det<\/p>\n<p><strong>3 Omaan tyyliin havahtuminen ja siihen luottaminen<\/strong><\/p>\n<p style=\"padding-left: 40px\">3.1 Kehon kuuntelu<br \/>\n3.2 Hiljaisuus ja musiikki<br \/>\n3.3 Arki musiikin ymp\u00e4rill\u00e4<br \/>\n3.4 Tieteen ja populaarikulttuurin rooli<br \/>\n3.5 Itselle soittaminen ja magneettinen musiikki<\/p>\n<p><strong>4 Valkoiset Kellot ja Supersymmetry<\/strong><\/p>\n<p style=\"padding-left: 40px\">4.1 Teema ja sen kehitys kanteleella<br \/>\n4.2 Kantele-kappaleen siirt\u00e4minen pianolle<br \/>\n4.3 Kappaleen kehitys teokseksi pianolla<\/p>\n<p><strong>5 Yhdess\u00e4 soittamisen vaikutus oman \u00e4\u00e4nen vahvistumiseen<\/strong><\/p>\n<p style=\"padding-left: 40px\">5.1 OON s\u00e4velt\u00e4j\u00e4kollektiivi<\/p>\n<p><strong>6 Oma pianismi ja tulevaisuus<\/strong><\/p>\n<p style=\"padding-left: 40px\">6.1 Taiteilija n\u00e4k\u00f6alapaikalla ja taiteilijapalkalla<br \/>\n6.2 Taidemusiikin uusi m\u00e4\u00e4ritelm\u00e4<\/p>\n<p><strong>7 Lopuksi<\/strong><\/p>\n<p>&nbsp;<\/p>\n<p>&nbsp;<\/p>\n<h2>Johdanto<\/h2>\n<p>Projektity\u00f6ni\u00a0kirjallisen osuuden aiheena on opintojeni aikana kehittyneen s\u00e4vellys- ja soittotyylin synty. Miten mets\u00e4st\u00e4 l\u00f6ydetty pieni melodia kanteleelle venyi ja kasvoi tai toisaalta katsottuna laajeni ja kypsyi 45 minuuttiseksi Supersymmetry-nimiseksi pianoteokseksi konserttisaliin? Kerron t\u00e4ss\u00e4 ty\u00f6ss\u00e4 s\u00e4vellysprosessin vaiheista pitk\u00e4lt\u00e4 aikav\u00e4lilt\u00e4 tekstin ja kuvien keinoin. Kerron samalla soitto- ja musiikifilosofioistani, jotka ovat selkiytyneet sanallistettavaan muotoon opintojeni aikana. Kerron my\u00f6s, mit\u00e4 on magneettinen musiikki. Kerron siit\u00e4, mitk\u00e4 seikat ovat vaikuttaneet soittofilosofiaani sek\u00e4 magneettisen musiikin syntyyn ja sen harjoittamiseen. Haluan my\u00f6s osallistua keskusteluun taidemusiikin m\u00e4\u00e4ritelm\u00e4n uusimisen tarpeesta. Koitan tekstill\u00e4ni muotoilla mahdollisuutta taidemusiikin uudelle m\u00e4\u00e4ritelm\u00e4lle. Lis\u00e4ksi ty\u00f6n lopussa puhun akateemisen taiteilijan roolista yhteiskunnassa. Projektin\u00a0taiteellinen osuus on Supersymmetry-teoksen esitt\u00e4minen soolo piano konsertissa Marras Taiga 2020 tutkintofestivaaleilla.<\/p>","protected":false},"excerpt":{"rendered":"<p>Taideyliopiston Sibelius-Akatemia<br \/>\nKansanmusiikin aineryhm\u00e4<br \/>\nProjektity\u00f6<br \/>\n2020<\/p>","protected":false},"featured_media":0,"comment_status":"closed","ping_status":"closed","template":"","meta":{"_acf_changed":false},"product_brand":[],"product_cat":[81,76],"product_tag":[],"class_list":{"0":"post-3125","1":"product","2":"type-product","3":"status-publish","5":"product_cat-maisteriopinnot","6":"product_cat-opinnaytteet","8":"first","9":"instock","10":"shipping-taxable","11":"product-type-simple"},"acf":[],"_links":{"self":[{"href":"https:\/\/etno.net\/en\/wp-json\/wp\/v2\/product\/3125","targetHints":{"allow":["GET"]}}],"collection":[{"href":"https:\/\/etno.net\/en\/wp-json\/wp\/v2\/product"}],"about":[{"href":"https:\/\/etno.net\/en\/wp-json\/wp\/v2\/types\/product"}],"replies":[{"embeddable":true,"href":"https:\/\/etno.net\/en\/wp-json\/wp\/v2\/comments?post=3125"}],"wp:attachment":[{"href":"https:\/\/etno.net\/en\/wp-json\/wp\/v2\/media?parent=3125"}],"wp:term":[{"taxonomy":"product_brand","embeddable":true,"href":"https:\/\/etno.net\/en\/wp-json\/wp\/v2\/product_brand?post=3125"},{"taxonomy":"product_cat","embeddable":true,"href":"https:\/\/etno.net\/en\/wp-json\/wp\/v2\/product_cat?post=3125"},{"taxonomy":"product_tag","embeddable":true,"href":"https:\/\/etno.net\/en\/wp-json\/wp\/v2\/product_tag?post=3125"}],"curies":[{"name":"wp","href":"https:\/\/api.w.org\/{rel}","templated":true}]}}