{"id":3142,"date":"2021-07-20T08:38:48","date_gmt":"2021-07-20T06:38:48","guid":{"rendered":"https:\/\/etno.net\/?post_type=product&#038;p=3142"},"modified":"2021-07-20T08:39:36","modified_gmt":"2021-07-20T06:39:36","slug":"hymyilevan-pelimannin-tarina-pelimannimestari-ossi-niinimaen-nuottikirjan-toimittaminen","status":"publish","type":"product","link":"https:\/\/etno.net\/en\/julkaisu\/opinnaytteet\/maisteriopinnot\/hymyilevan-pelimannin-tarina-pelimannimestari-ossi-niinimaen-nuottikirjan-toimittaminen","title":{"rendered":"Hymyilev\u00e4n pelimannin tarina &#8211; Pelimannimestari Ossi Niinim\u00e4en nuottikirjan toimittaminen"},"content":{"rendered":"<h2>Sis\u00e4llysluettelo<\/h2>\n<p>Johdanto<br \/>\nTaustaa<br \/>\nNuottiarkisto<br \/>\nEl\u00e4m\u00e4kertaosion toimittaminen<br \/>\nNuottien luettelointi<br \/>\nNuottien lajittelu<br \/>\nNuottien puhtaaksikirjoitus ja muokkaus<br \/>\nJulkaisukonsertti<br \/>\nLopuksi<br \/>\nL\u00e4hteet<\/p>\n<h2>Johdanto<\/h2>\n<p>Ossi Niinim\u00e4ki (1924\u20132013) oli P\u00e4ij\u00e4t-H\u00e4meen alueella vaikuttanut pelimanni ja s\u00e4velt\u00e4j\u00e4. Sain vuonna 2019 haltuuni h\u00e4nen nuottij\u00e4\u00e4mist\u00f6ns\u00e4. T\u00e4ss\u00e4 prosessikuvauksessa k\u00e4yn l\u00e4pi projektia, joka alkoi nuottiarkiston luettelointi- ja puhtaaksikirjoitusty\u00f6n\u00e4, muutti matkan varrella muotoaan nuottikirjan ja el\u00e4m\u00e4kerran toimittamiseksi ja huipentui kokoillan konsertin valmistamiseen Ossi Niinim\u00e4en s\u00e4vellyksist\u00e4.<\/p>\n<p>Sain kes\u00e4ll\u00e4 2014 yhteydenoton hollolalaiselta Esko Kivist\u00f6lt\u00e4. Esko oli saanut haltuunsa merkitt\u00e4v\u00e4n kokoisen nuottikokoelman pelimannimestari Ossi Niinim\u00e4en perikunnalta. H\u00e4n tiedusteli minulta, mit\u00e4 nuottien kanssa pit\u00e4isi tehd\u00e4. Senhetkisten kiireideni vuoksi esitin Eskolle tuolloin vain toiveen pit\u00e4\u00e4 aineisto tallessa ja kosteudelta suojassa. Sovimme palaavamme asiaan my\u00f6hemmin, ja Esko ottikin minuun yhteytt\u00e4 s\u00e4hk\u00f6postitse helmikuussa 2015. Edelleen erilaisista ty\u00f6 ja perhe-el\u00e4m\u00e4n kiireist\u00e4 johtuen p\u00e4\u00e4sin toden teolla ty\u00f6h\u00f6n k\u00e4siksi vasta vuonna 2019, kun sain H\u00e4meen taidetoimikunnalta ty\u00f6skentelyapurahan Ossin j\u00e4\u00e4mist\u00f6st\u00e4 Esko Kivist\u00f6n haltuun j\u00e4\u00e4neiden nuottien luettelointiin ja puhtaaksikirjoittamiseen. T\u00e4st\u00e4 alkoi seikkailu Ossi Niinim\u00e4en musiikilliseen maailmaan ja henkil\u00f6historiaan, joka jatkuu yh\u00e4 ja jonka toivon jatkuvan viel\u00e4 pitk\u00e4\u00e4n, osaltaan my\u00f6s nuottikirjan sivuilla ja avulla.<\/p>\n<p>Projektity\u00f6ni kirjallisessa osassa esittelen nuottikirjan ja konsertin valmistamisen vaiheita. K\u00e4yn l\u00e4pi niin Ossi Niinim\u00e4en el\u00e4m\u00e4nkerrallisen osuuden valmistamista, kuin h\u00e4nen el\u00e4m\u00e4nty\u00f6ns\u00e4kin eli varsin mittavan s\u00e4vellystuotannon l\u00e4pik\u00e4ymist\u00e4. \u201dHymyilev\u00e4n pelimannin nuottikirja\u201d valmistui syyskuussa 2020, ja se julkaistiin Kansanmusiikki-instituutin julkaisuna numerolla 111 lokakuun 29. p\u00e4iv\u00e4n\u00e4 2020.<\/p>\n<p>&nbsp;<\/p>","protected":false},"excerpt":{"rendered":"<p>Projektity\u00f6<br \/>\nSibelius-akatemia<br \/>\nKansanmusiikin aineryhm\u00e4<br \/>\n2020<\/p>","protected":false},"featured_media":0,"comment_status":"closed","ping_status":"closed","template":"","meta":{"_acf_changed":false},"product_brand":[],"product_cat":[81,76],"product_tag":[],"class_list":{"0":"post-3142","1":"product","2":"type-product","3":"status-publish","5":"product_cat-maisteriopinnot","6":"product_cat-opinnaytteet","8":"first","9":"instock","10":"shipping-taxable","11":"product-type-simple"},"acf":[],"_links":{"self":[{"href":"https:\/\/etno.net\/en\/wp-json\/wp\/v2\/product\/3142","targetHints":{"allow":["GET"]}}],"collection":[{"href":"https:\/\/etno.net\/en\/wp-json\/wp\/v2\/product"}],"about":[{"href":"https:\/\/etno.net\/en\/wp-json\/wp\/v2\/types\/product"}],"replies":[{"embeddable":true,"href":"https:\/\/etno.net\/en\/wp-json\/wp\/v2\/comments?post=3142"}],"wp:attachment":[{"href":"https:\/\/etno.net\/en\/wp-json\/wp\/v2\/media?parent=3142"}],"wp:term":[{"taxonomy":"product_brand","embeddable":true,"href":"https:\/\/etno.net\/en\/wp-json\/wp\/v2\/product_brand?post=3142"},{"taxonomy":"product_cat","embeddable":true,"href":"https:\/\/etno.net\/en\/wp-json\/wp\/v2\/product_cat?post=3142"},{"taxonomy":"product_tag","embeddable":true,"href":"https:\/\/etno.net\/en\/wp-json\/wp\/v2\/product_tag?post=3142"}],"curies":[{"name":"wp","href":"https:\/\/api.w.org\/{rel}","templated":true}]}}