{"id":3144,"date":"2021-07-20T08:46:45","date_gmt":"2021-07-20T06:46:45","guid":{"rendered":"https:\/\/etno.net\/?post_type=product&#038;p=3144"},"modified":"2021-07-20T08:46:45","modified_gmt":"2021-07-20T06:46:45","slug":"muusikkona-toimiminen-aanisuunnittelu-ja-savellystyo-tanssiteatteri-auracon-teoksessa-miksi-mix","status":"publish","type":"product","link":"https:\/\/etno.net\/en\/julkaisu\/opinnaytteet\/maisteriopinnot\/muusikkona-toimiminen-aanisuunnittelu-ja-savellystyo-tanssiteatteri-auracon-teoksessa-miksi-mix","title":{"rendered":"Muusikkona toimiminen, \u00e4\u00e4nisuunnittelu ja s\u00e4vellysty\u00f6 Tanssiteatteri Auracon teoksessa Miksi Mix"},"content":{"rendered":"<h2>Sis\u00e4llysluettelo<\/h2>\n<p>1 Johdanto<br \/>\n2 S\u00e4vellykset<\/p>\n<p style=\"padding-left: 40px\">2.1 Intro ja Valot<br \/>\n2.2 Lento (Veera Lambergin soolo)<br \/>\n2.3 Miimi\/Oddmeter (Kati Lehtolan soolo)<br \/>\n2.4 Spiraalit<br \/>\n2.5 Impromptu (Oma sooloimprovisaationi)<br \/>\n2.6 Interaktio<\/p>\n<p>3 Residenssi<\/p>\n<p style=\"padding-left: 40px\">3.1 Ty\u00f6pajat<br \/>\n3.2 Teoksen koreografian ja musiikin ty\u00f6st\u00e4minen<\/p>\n<p>4 Lavatapahtumat<br \/>\n5 Oman praktiikkani merkitys prosessissa<br \/>\n6 Lopuksi<\/p>\n<h2>Johdanto<\/h2>\n<p>Ty\u00f6skentelin Tanssiteatteri Auracossa muusikkona ensimm\u00e4ist\u00e4 kertaa vuonna 2017 teoksessa Tuntu. Jo tuolloin k\u00e4vi vallan selv\u00e4sti ilmi, ett\u00e4 taiteellinen n\u00e4kemykseni ja tapani soittaa toimii hyvin yhteen tanssiteatterin johtajan, koreografi P\u00e4ivi Auran vision ja ty\u00f6skentelytavan kanssa. Yhteisty\u00f6mme ja kommunikaatiomme todettiin hedelm\u00e4lliseksi ja jouhevaksi, joten kun tammikuussa 2020 Aura soitti ja kysyi, olisinko k\u00e4ytett\u00e4viss\u00e4 kollektiivin seuraavassa teoksessa Miksi Mix, l\u00e4hdin mukaan eritt\u00e4in mielell\u00e4ni. Otin vastaan suuren ammatillisen haasteen; jos Tuntussa olinkin p\u00e4\u00e4asiallisesti vain muusikon roolissa lavalla live\u00e4\u00e4nt\u00e4 tuottaen, improvisoiden ja liikkuen, t\u00e4h\u00e4n teokseen minulta tilattiin my\u00f6s s\u00e4vellykset. Pian ty\u00f6teht\u00e4v\u00e4ni my\u00f6s laajenivat muusikosta ja s\u00e4velt\u00e4j\u00e4st\u00e4 \u00e4\u00e4nisuunnittelijaan, \u00e4\u00e4nitt\u00e4j\u00e4\u00e4n, miksaajaan ja masteroijaan.<\/p>\n<p>Miksi Mixin ty\u00f6ryhm\u00e4ss\u00e4 olivat itseni lis\u00e4ksi tanssijat Veera Lamberg ja Kati Lehtola, valosuunnittelija Nicolas Salo sek\u00e4 puvustaja Piritta K\u00e4mi-Conway. P\u00e4ivi Aura toimii teoksen ohjaajana ja koreografina. Teos tehtiin yhteisty\u00f6ss\u00e4 kulttuurikeskus Annantalon kanssa osana EU:n Luova Eurooppa -ohjelman \u2018Mapping \u2013 a Map on the Aesthetics of Performing Arts for Early Years\u2019 -hankettaSivuston ulkopuolisten linkkien kuvake. Hanke on taiteellisen tutkimisen projekti, jossa on mukana 18 teatteria ja festivaalia 17 eri maasta. Vuosina 2018\u20132023 projektin partneriteatterit perehtyv\u00e4t \u00e4\u00e4neen, kuvaan, tekstiin ja liikkeeseen ja luovat 0\u20136 -vuotiaille lapsille suunnattuja esityksi\u00e4.<\/p>\n<p>Covid19-koronaviruspandemian toinen aalto syksyll\u00e4 2020 loi teoksen rakentamiselle ja Annantalon taiteilijaresidenssiss\u00e4 toimimiselle aivan uudenlaiset haasteet. Jouduimme ty\u00f6st\u00e4m\u00e4\u00e4n omia osuuksiamme yksin ja et\u00e4n\u00e4 hyvinkin pitk\u00e4\u00e4n teoksen kokonaiskaaren pysyess\u00e4 pimennossa. Jouduin perustamaan oman ty\u00f6skentelyni Auran mahdollisesti hyvinkin abstrakteihin verbalisointeihin kohtauksien \u201cfiiliksist\u00e4\u201d tai h\u00e4nen mieless\u00e4\u00e4n visualisoimistaan \u201cn\u00e4kymist\u00e4\u201d. Tilauksesta l\u00e4hdin siis s\u00e4velt\u00e4m\u00e4\u00e4n omaa n\u00e4kemyst\u00e4ni \u201cspiraalimusiikista\u201d, \u201cpy\u00f6re\u00e4n liikkeen musiikista\u201d, \u201ckulmikkaan liikkeen musiikista\u201d ja siit\u00e4, millaiseksi hahmotan \u201ckolmen apina-emojin\u201d musiikin. Aloitin teoksen s\u00e4vellysty\u00f6n perkaamalla kev\u00e4\u00e4n 2020 aikana tekemi\u00e4ni sooloimprovisaatioita etsien niist\u00e4 k\u00e4ytt\u00f6kelpoista s\u00e4velmateriaalia ja jalostamalla n\u00e4it\u00e4 ideoita kappalemuotoon. Projektity\u00f6n kirjallisessa osassa esittelen n\u00e4it\u00e4 s\u00e4vellyksi\u00e4, s\u00e4vellysprosessin etenemist\u00e4, ty\u00f6skentely\u00e4 Reaper-\u00e4\u00e4nitysohjelman ja sen FabFilter-liit\u00e4nn\u00e4isten kanssa sek\u00e4 pohdin, kuinka muusikkouteni ja erityisosaamiseni heijastui t\u00e4ss\u00e4 taiteellisessa ty\u00f6ss\u00e4 tanssitaiteilijoiden kanssa. Luvun 2 kappale-esittelyjen yhteyteen liit\u00e4n \u00e4\u00e4nin\u00e4ytteit\u00e4 teoksen lopullisesta tausta\u00e4\u00e4nitteest\u00e4. Pyrin esittelyiss\u00e4 parhaani mukaan sanallisesti kuvailemaan \u00e4\u00e4nitteelt\u00e4 puuttuvien liveosuuksien sis\u00e4lt\u00f6\u00e4.<\/p>\n<p>DAW (Digital Audio Workstation) -ty\u00f6skentelyn haltuunotto ja taiteellinen hy\u00f6dynt\u00e4minen s\u00e4velt\u00e4misess\u00e4 olikin itselleni projektin suurin haaste ja oppimisprosessi. \u2018Miksi Mix\u2019 on my\u00f6s ensimm\u00e4inen pidempi tilauss\u00e4vellys- ja \u00e4\u00e4nisunnitteluty\u00f6ni. Olosuhteiden luomien haasteiden vuoksi jouduin menem\u00e4\u00e4n teoksen parissa hurjasti mukavuusalueeni ulkopuolelle, mutta samalla sain mahdollisuuden oppia uutta ja haastaa itse\u00e4ni t\u00e4ysin uusille muusikkouden osa-alueille.<\/p>\n<p>Alkuper\u00e4isen tavoitteen mukaan teoksen ensi-illan piti olla 1.12.2020. Koronaviruksen levi\u00e4misvaiheen iskiess\u00e4 teoksen esityskausi kuitenkin siirtyi t\u00e4m\u00e4nhetkisen tiedon mukaan elokuuhun 2021 eli noin kahdeksan kuukauden p\u00e4\u00e4h\u00e4n t\u00e4st\u00e4 projektity\u00f6n kirjoitushetkest\u00e4. Ehdimme harjoitella teoksen l\u00e4hestulkoon valmiiksi, joten ennen seuraavaa suunniteltua esityskautta tulemme jatkamaan ty\u00f6skentely\u00e4 koreografian hienos\u00e4\u00e4d\u00f6ll\u00e4 ja viimeistelyll\u00e4 sek\u00e4 teoksen rutiinin ja konsistenssin vahvistamisella.<\/p>","protected":false},"excerpt":{"rendered":"<div class=\"field field-name-field-thesis-metadata field-type-text-long field-label-hidden\">\n<div class=\"field-items\">\n<div class=\"field-item even\">\n<p>Projektity\u00f6<br \/>\nTaideyliopiston Sibelius-Akatemia<br \/>\nKansanmusiikin aineryhm\u00e4<br \/>\n2021<\/p>\n<\/div>\n<\/div>\n<\/div>\n<div class=\"field field-name-field-thesis-newbody field-type-text-with-summary field-label-hidden toc-scope-processed\"><\/div>","protected":false},"featured_media":0,"comment_status":"closed","ping_status":"closed","template":"","meta":{"_acf_changed":false},"product_brand":[],"product_cat":[81,76],"product_tag":[],"class_list":{"0":"post-3144","1":"product","2":"type-product","3":"status-publish","5":"product_cat-maisteriopinnot","6":"product_cat-opinnaytteet","8":"first","9":"instock","10":"shipping-taxable","11":"product-type-simple"},"acf":[],"_links":{"self":[{"href":"https:\/\/etno.net\/en\/wp-json\/wp\/v2\/product\/3144","targetHints":{"allow":["GET"]}}],"collection":[{"href":"https:\/\/etno.net\/en\/wp-json\/wp\/v2\/product"}],"about":[{"href":"https:\/\/etno.net\/en\/wp-json\/wp\/v2\/types\/product"}],"replies":[{"embeddable":true,"href":"https:\/\/etno.net\/en\/wp-json\/wp\/v2\/comments?post=3144"}],"wp:attachment":[{"href":"https:\/\/etno.net\/en\/wp-json\/wp\/v2\/media?parent=3144"}],"wp:term":[{"taxonomy":"product_brand","embeddable":true,"href":"https:\/\/etno.net\/en\/wp-json\/wp\/v2\/product_brand?post=3144"},{"taxonomy":"product_cat","embeddable":true,"href":"https:\/\/etno.net\/en\/wp-json\/wp\/v2\/product_cat?post=3144"},{"taxonomy":"product_tag","embeddable":true,"href":"https:\/\/etno.net\/en\/wp-json\/wp\/v2\/product_tag?post=3144"}],"curies":[{"name":"wp","href":"https:\/\/api.w.org\/{rel}","templated":true}]}}