{"id":3234,"date":"2021-08-27T09:22:06","date_gmt":"2021-08-27T07:22:06","guid":{"rendered":"https:\/\/etno.net\/?post_type=product&#038;p=3234"},"modified":"2021-11-12T09:37:57","modified_gmt":"2021-11-12T07:37:57","slug":"ojajarvi-blom-ojajarvi-obo","status":"publish","type":"product","link":"https:\/\/etno.net\/en\/julkaisu\/aanitteet\/ojajarvi-blom-ojajarvi-obo","title":{"rendered":"Ojaj\u00e4rvi Blom Ojaj\u00e4rvi: OBO"},"content":{"rendered":"<p><strong>Janne Ojaj\u00e4rvi<\/strong>\u00a0pitk\u00e4huilut, bassopitk\u00e4huilut, yl\u00e4s\u00e4velviritteinen huuliharppu, munniharppu, laulu, didgeridoo, kurkkulaulu<br \/>\n<strong>Venla Ilona Blom<\/strong>\u00a0beatboxaus, laulu<br \/>\n<strong>Joonas Ojaj\u00e4rvi<\/strong>\u00a0cittern, laulu, basso<\/p>\n<p><strong>Liisa Haapanen<\/strong>\u00a0sello<\/p>\n<p>Miksaus\u00a0<strong>Janne Ojaj\u00e4rvi<\/strong>\u00a0&amp;\u00a0<strong>Mikko H. Haapoja<\/strong><br \/>\nMasterointi\u00a0<strong>Jaakko Viital\u00e4hde \/ Virtal\u00e4hde Mastering<\/strong><br \/>\nTaiteellinen tuottaja\u00a0<strong>Roope Aarnio<\/strong><\/p>\n<p>Kuvat ja taitto\u00a0<strong>Jimmy Tr\u00e4skelin<\/strong><\/p>\n<p>Pitk\u00e4huilut rakensi\u00a0<strong>Max Brumberg, Rauno Nieminen, Steinar Ofsdal, Vladiswar Nadishana, Janne Ojaj\u00e4rvi<\/strong><\/p>\n<p><strong>1. Paw Steps<\/strong><\/p>\n<!--[if lt IE 9]><script>document.createElement('audio');<\/script><![endif]-->\n<audio class=\"wp-audio-shortcode\" id=\"audio-3234-1\" preload=\"none\" style=\"width: 100%;\" controls=\"controls\"><source type=\"audio\/mpeg\" src=\"https:\/\/etno.net\/wp-content\/uploads\/2021\/08\/pawsteps30.mp3?_=1\" \/><a href=\"https:\/\/etno.net\/wp-content\/uploads\/2021\/08\/pawsteps30.mp3\">https:\/\/etno.net\/wp-content\/uploads\/2021\/08\/pawsteps30.mp3<\/a><\/audio>\n<p>2. Taklax<\/p>\n<p><strong>3. Joutsenen Saunatervehdys<\/strong><\/p>\n<audio class=\"wp-audio-shortcode\" id=\"audio-3234-2\" preload=\"none\" style=\"width: 100%;\" controls=\"controls\"><source type=\"audio\/mpeg\" src=\"https:\/\/etno.net\/wp-content\/uploads\/2021\/08\/joutsen30.mp3?_=2\" \/><a href=\"https:\/\/etno.net\/wp-content\/uploads\/2021\/08\/joutsen30.mp3\">https:\/\/etno.net\/wp-content\/uploads\/2021\/08\/joutsen30.mp3<\/a><\/audio>\n<p>4. Viima<\/p>\n<p>5. Huilu Puhuu<\/p>\n<p>6. Muamo<\/p>\n<p><strong>7. S\u00e4lgfl\u00f6ytism<\/strong><\/p>\n<audio class=\"wp-audio-shortcode\" id=\"audio-3234-3\" preload=\"none\" style=\"width: 100%;\" controls=\"controls\"><source type=\"audio\/mpeg\" src=\"https:\/\/etno.net\/wp-content\/uploads\/2021\/08\/safjgl30.mp3?_=3\" \/><a href=\"https:\/\/etno.net\/wp-content\/uploads\/2021\/08\/safjgl30.mp3\">https:\/\/etno.net\/wp-content\/uploads\/2021\/08\/safjgl30.mp3<\/a><\/audio>\n<p>8. Laulu Ja Torupilli Jussi<\/p>\n","protected":false},"excerpt":{"rendered":"<p>Janne Ojaj\u00e4rvi\u00a0pitk\u00e4huilut, bassopitk\u00e4huilut, yl\u00e4s\u00e4velviritteinen huuliharppu, munniharppu, laulu, didgeridoo, kurkkulaulu Venla Ilona Blom\u00a0beatboxaus, laulu Joonas Ojaj\u00e4rvi\u00a0cittern, laulu, basso Liisa Haapanen\u00a0sello Miksaus\u00a0Janne Ojaj\u00e4rvi\u00a0&amp;\u00a0Mikko H. Haapoja Masterointi\u00a0Jaakko Viital\u00e4hde \/ Virtal\u00e4hde Mastering Taiteellinen tuottaja\u00a0Roope Aarnio Kuvat ja taitto\u00a0Jimmy Tr\u00e4skelin Pitk\u00e4huilut rakensi\u00a0Max Brumberg, Rauno Nieminen, Steinar Ofsdal, Vladiswar Nadishana, Janne Ojaj\u00e4rvi 1. Paw Steps 2. Taklax 3. Joutsenen Saunatervehdys 4. [&hellip;]<\/p>\n","protected":false},"featured_media":3238,"comment_status":"closed","ping_status":"closed","template":"","meta":{"_acf_changed":false},"product_brand":[],"product_cat":[65],"product_tag":[],"class_list":{"0":"post-3234","1":"product","2":"type-product","3":"status-publish","4":"has-post-thumbnail","6":"product_cat-aanitteet","8":"first","9":"instock","10":"shipping-taxable","11":"product-type-simple"},"acf":[],"_links":{"self":[{"href":"https:\/\/etno.net\/en\/wp-json\/wp\/v2\/product\/3234","targetHints":{"allow":["GET"]}}],"collection":[{"href":"https:\/\/etno.net\/en\/wp-json\/wp\/v2\/product"}],"about":[{"href":"https:\/\/etno.net\/en\/wp-json\/wp\/v2\/types\/product"}],"replies":[{"embeddable":true,"href":"https:\/\/etno.net\/en\/wp-json\/wp\/v2\/comments?post=3234"}],"wp:featuredmedia":[{"embeddable":true,"href":"https:\/\/etno.net\/en\/wp-json\/wp\/v2\/media\/3238"}],"wp:attachment":[{"href":"https:\/\/etno.net\/en\/wp-json\/wp\/v2\/media?parent=3234"}],"wp:term":[{"taxonomy":"product_brand","embeddable":true,"href":"https:\/\/etno.net\/en\/wp-json\/wp\/v2\/product_brand?post=3234"},{"taxonomy":"product_cat","embeddable":true,"href":"https:\/\/etno.net\/en\/wp-json\/wp\/v2\/product_cat?post=3234"},{"taxonomy":"product_tag","embeddable":true,"href":"https:\/\/etno.net\/en\/wp-json\/wp\/v2\/product_tag?post=3234"}],"curies":[{"name":"wp","href":"https:\/\/api.w.org\/{rel}","templated":true}]}}