{"id":3281,"date":"2021-08-30T07:52:26","date_gmt":"2021-08-30T05:52:26","guid":{"rendered":"https:\/\/etno.net\/?post_type=product&#038;p=3281"},"modified":"2023-11-13T09:27:58","modified_gmt":"2023-11-13T07:27:58","slug":"satasarvi-1-2020-kansanmusiikin-tutkimuksen-aikakauskirja-finnish-journal-of-folk-music-research","status":"publish","type":"product","link":"https:\/\/etno.net\/en\/julkaisu\/satasarvi\/satasarvi-1-2020-kansanmusiikin-tutkimuksen-aikakauskirja-finnish-journal-of-folk-music-research","title":{"rendered":"SATASARVI 1\/2020. Kansanmusiikin tutkimuksen aikakauskirja &#8211; Finnish Journal of Folk Music Research"},"content":{"rendered":"<h3>JULKAISUN TIEDOT<\/h3>\n<p><a href=\"https:\/\/etno.net\/wp-content\/uploads\/2021\/08\/satasarvi_2020_1_alkusivut.pdf\" target=\"_blank\" rel=\"noopener noreferrer\"><strong>Julkaisun tiedot<\/strong><\/a> (PDF)<\/p>\n<h3>P\u00c4\u00c4KIRJOITUS<\/h3>\n<p><strong><a href=\"https:\/\/etno.net\/wp-content\/uploads\/2021\/08\/satasarvi_2020_1_esipuhe_fi.pdf\" target=\"_blank\" rel=\"noopener noreferrer\">Lukijalle<\/a><\/strong> (PDF)<br \/>\nKristiina Ilmonen, Maari Kallberg, Juhani N\u00e4reharju<\/p>\n<h3>EDITORIAL<\/h3>\n<p><strong><a href=\"https:\/\/etno.net\/wp-content\/uploads\/2021\/08\/satasarvi_2020_1_editorial_en.pdf\" target=\"_blank\" rel=\"noopener noreferrer\">For the reader<\/a><\/strong> (PDF)<br \/>\n\u200bKristiina Ilmonen, Maari Kallberg, Juhani N\u00e4reharju<\/p>\n<h3>ARTIKKELIT<\/h3>\n<p><strong><a href=\"https:\/\/etno.net\/wp-content\/uploads\/2021\/08\/satasarvi_2020_1_anneli_asplund.pdf\" target=\"_blank\" rel=\"noopener noreferrer\">Voi sit\u00e4 herraa kuin Sveaborin j\u00e4tti \u2013 kansanlaulun kuva Suomen sodasta<\/a> <\/strong>(PDF)<br \/>\nAnneli Asplund<\/p>\n<p><strong><a href=\"https:\/\/etno.net\/wp-content\/uploads\/2021\/08\/satasarvi_2020_1_risto_blomster.pdf\" target=\"_blank\" rel=\"noopener noreferrer\">Kansanlaulaja Vihtori Gr\u00f6nroos kansanperinteen \u00e4\u00e4nitt\u00e4j\u00e4n\u00e4 1950-luvulla<\/a><\/strong> (PDF)<br \/>\n<a href=\"https:\/\/etno.net\/wp-content\/uploads\/2021\/08\/satasarvi_2020_1_risto_blomster_l813ab_vihtori_gronroos_nayte.mp3\" target=\"_blank\" rel=\"noopener noreferrer\">Artikkelin \u00e4\u00e4nin\u00e4yte<\/a> (MP3)<br \/>\nRisto Blomster<\/p>\n<p><strong><a href=\"https:\/\/etno.net\/wp-content\/uploads\/2021\/08\/satasarvi_2020_1_jari_eerola.pdf\" target=\"_blank\" rel=\"noopener noreferrer\">Pohjoisveps\u00e4l\u00e4inen musiikkiperinne varhaisissa l\u00e4hteiss\u00e4<\/a><\/strong> (PDF)<br \/>\nJari Eerola<\/p>\n<p><strong><a href=\"https:\/\/etno.net\/wp-content\/uploads\/2021\/08\/satasarvi_2020_1_petri_hoppu.pdf\" target=\"_blank\" rel=\"noopener noreferrer\">Kansantanssintutkimus \u2013 hyv\u00e4ksymist\u00e4 vai hyv\u00e4ksik\u00e4ytt\u00f6\u00e4?<\/a><\/strong>\u00a0(PDF)<br \/>\nPetri Hoppu<\/p>\n<p><strong><a href=\"https:\/\/etno.net\/wp-content\/uploads\/2021\/08\/satasarvi_2020_1_arja_kastinen.pdf\" target=\"_blank\" rel=\"noopener noreferrer\">Soitti p\u00e4iv\u00e4n, soitti toisen, soitti kohta kolmannenki<\/a><\/strong> (PDF)<br \/>\nArja Kastinen<\/p>\n<p><strong><a href=\"https:\/\/etno.net\/wp-content\/uploads\/2021\/08\/satasarvi_2020_1_elina_niiranen.pdf\" target=\"_blank\" rel=\"noopener noreferrer\">Karjalankielisen musiikin harrastaminen osana instituutioiden toimintaa Uhtualla Karjalan tasavallassa 2010-luvulla<\/a><\/strong> (PDF)<br \/>\nElina Niiranen<\/p>\n<p><strong><a href=\"https:\/\/etno.net\/wp-content\/uploads\/2021\/08\/satasarvi_2020_1_erkki_pekkila.pdf\" target=\"_blank\" rel=\"noopener noreferrer\">Anton Almbergin s\u00e4velm\u00e4komitea ja Suomen kansan s\u00e4velmien alkuvaiheet<\/a><\/strong> (PDF)<br \/>\nErkki Pekkil\u00e4<\/p>\n<h3>PUHEENVUOROT<\/h3>\n<p><strong><a href=\"https:\/\/etno.net\/wp-content\/uploads\/2021\/08\/satasarvi_2020_1_puheenvuoro_kristiina_ilmonen.pdf\" target=\"_blank\" rel=\"noopener noreferrer\">Taiteilijan tieto esiin \u2013 kansanmusiikin tutkimuksen kirjo on laajenemassa!<\/a><\/strong> (PDF)<br \/>\nKristiina Ilmonen<\/p>\n<h3>KOKO JULKAISU<\/h3>\n<p><strong><a href=\"https:\/\/etno.net\/wp-content\/uploads\/2021\/08\/satasarvi_2020_1_kokonaan.pdf\" target=\"_blank\" rel=\"noopener noreferrer\">Satasarvi 1\/2020<\/a><\/strong> (PDF)<\/p>","protected":false},"excerpt":{"rendered":"<p><strong>Satasarvi<\/strong><br \/>\nKansanmusiikin tutkimuksen aikakauskirja<br \/>\nFinnish Journal of Folk Music Research<br \/>\nVol 1 \/ Nro 1<\/p>\n<p>Sibelius-Akatemian kansanmusiikkijulkaisuja 35<br \/>\nJoulukuu 2020<br \/>\nISBN 978-952-329-224-6<br \/>\nISSN 2489-8163<\/p>","protected":false},"featured_media":3282,"comment_status":"closed","ping_status":"closed","template":"","meta":{"_acf_changed":false},"product_brand":[],"product_cat":[160],"product_tag":[],"class_list":{"0":"post-3281","1":"product","2":"type-product","3":"status-publish","4":"has-post-thumbnail","6":"product_cat-satasarvi","8":"first","9":"instock","10":"shipping-taxable","11":"product-type-simple"},"acf":[],"_links":{"self":[{"href":"https:\/\/etno.net\/en\/wp-json\/wp\/v2\/product\/3281","targetHints":{"allow":["GET"]}}],"collection":[{"href":"https:\/\/etno.net\/en\/wp-json\/wp\/v2\/product"}],"about":[{"href":"https:\/\/etno.net\/en\/wp-json\/wp\/v2\/types\/product"}],"replies":[{"embeddable":true,"href":"https:\/\/etno.net\/en\/wp-json\/wp\/v2\/comments?post=3281"}],"wp:featuredmedia":[{"embeddable":true,"href":"https:\/\/etno.net\/en\/wp-json\/wp\/v2\/media\/3282"}],"wp:attachment":[{"href":"https:\/\/etno.net\/en\/wp-json\/wp\/v2\/media?parent=3281"}],"wp:term":[{"taxonomy":"product_brand","embeddable":true,"href":"https:\/\/etno.net\/en\/wp-json\/wp\/v2\/product_brand?post=3281"},{"taxonomy":"product_cat","embeddable":true,"href":"https:\/\/etno.net\/en\/wp-json\/wp\/v2\/product_cat?post=3281"},{"taxonomy":"product_tag","embeddable":true,"href":"https:\/\/etno.net\/en\/wp-json\/wp\/v2\/product_tag?post=3281"}],"curies":[{"name":"wp","href":"https:\/\/api.w.org\/{rel}","templated":true}]}}