{"id":3405,"date":"2022-02-02T11:38:31","date_gmt":"2022-02-02T09:38:31","guid":{"rendered":"https:\/\/etno.net\/?post_type=product&#038;p=3405"},"modified":"2025-02-10T15:46:12","modified_gmt":"2025-02-10T13:46:12","slug":"matthew-cowan-and-laitakaupungin-orkesteri-wildness-makes-this-world","status":"publish","type":"product","link":"https:\/\/etno.net\/en\/julkaisu\/aanitteet\/matthew-cowan-and-laitakaupungin-orkesteri-wildness-makes-this-world","title":{"rendered":"Matthew Cowan and Laitakaupungin orkesteri: Wildness Makes This World"},"content":{"rendered":"<p>Musicians:<\/p>\n<p><strong>Charlotta Hagfors<\/strong> &#8211; voice [3-9, 12]<br \/>\n<strong>Piia Kleemola<\/strong> &#8211; violin [1, 4, 8] &amp; kantele [2, 3, 10]<br \/>\n<strong>Antti Paalanen<\/strong> &#8211; accordion [1, 6, 8, 9, 11, 12] &amp; voice [6]<br \/>\n<strong>Sami Sil\u00e9n<\/strong> &#8211; guitar [6-9, 11]<br \/>\n<strong>Teemu Vuorela<\/strong> &#8211; percussion [1-6, 8-11]<br \/>\n<strong>Petri V\u00e4lim\u00e4ki<\/strong> &#8211; double bass [1, 3-5, 7, 9, 12]<\/p>\n<p>Additional recordings by <strong>Matthew Cowan<\/strong> in Berlin: recycling truck [2], traffic in the rain [6], Nightingale calls [6], playground spring [10], bottles [12].<br \/>\nAdditional recordings by <strong>Sami Sil\u00e9n<\/strong>: ice footsteps [11].<\/p>\n<p>All parts composed by <strong>Laitakaupungin orkesteri<\/strong> and <strong>Matthew Cowan<\/strong>. Arranged and edited by <strong>Matthew Cowan<\/strong>, <strong>Antti Paalanen<\/strong>, <strong>Sami Sil\u00e9n<\/strong> and <strong>Teemu Vuorela<\/strong>.<\/p>\n<p>Produced by <strong>Matthew Cowan<\/strong>, <strong>Antti Paalanen<\/strong>, <strong>Sami Sil\u00e9n<\/strong>, <strong>Teemu Vuorela<\/strong>.<\/p>\n<p>Recorded at Soundaces Studio, Sein\u00e4joki, Finland<br \/>\nMixed by <strong>Antti Paalanen<\/strong>, <strong>Sami Sil\u00e9n<\/strong>, <strong>Teemu Vuorela<\/strong><br \/>\nMastered by <strong>Jarno Alho<\/strong>, Alho Audio Mastering<\/p>\n<h3>Side A<\/h3>\n<p><strong>Part I<\/strong><\/p>\n<!--[if lt IE 9]><script>document.createElement('audio');<\/script><![endif]-->\n<audio class=\"wp-audio-shortcode\" id=\"audio-3405-1\" preload=\"none\" style=\"width: 100%;\" controls=\"controls\"><source type=\"audio\/mpeg\" src=\"https:\/\/etno.net\/wp-content\/uploads\/2021\/09\/cowan_lko_a01_etnonet.mp3?_=1\" \/><a href=\"https:\/\/etno.net\/wp-content\/uploads\/2021\/09\/cowan_lko_a01_etnonet.mp3\">https:\/\/etno.net\/wp-content\/uploads\/2021\/09\/cowan_lko_a01_etnonet.mp3<\/a><\/audio>\n<p>&nbsp;<\/p>\n<p>Part II<\/p>\n<p>Part III<\/p>\n<p><strong>Part IV<\/strong><\/p>\n<audio class=\"wp-audio-shortcode\" id=\"audio-3405-2\" preload=\"none\" style=\"width: 100%;\" controls=\"controls\"><source type=\"audio\/mpeg\" src=\"https:\/\/etno.net\/wp-content\/uploads\/2021\/09\/cowan_lko_a04_etnonet.mp3?_=2\" \/><a href=\"https:\/\/etno.net\/wp-content\/uploads\/2021\/09\/cowan_lko_a04_etnonet.mp3\">https:\/\/etno.net\/wp-content\/uploads\/2021\/09\/cowan_lko_a04_etnonet.mp3<\/a><\/audio>\n<p>&nbsp;<\/p>\n<p>Part V<\/p>\n<p>Part VI<\/p>\n<p>Part VII<\/p>\n<h3><\/h3>\n<h3>Side B<\/h3>\n<p>Part VIII<\/p>\n<p>Part IX<\/p>\n<p><strong>Part X<\/strong><\/p>\n<audio class=\"wp-audio-shortcode\" id=\"audio-3405-3\" preload=\"none\" style=\"width: 100%;\" controls=\"controls\"><source type=\"audio\/mpeg\" src=\"https:\/\/etno.net\/wp-content\/uploads\/2021\/09\/cowan_lko_b10_etnonet.mp3?_=3\" \/><a href=\"https:\/\/etno.net\/wp-content\/uploads\/2021\/09\/cowan_lko_b10_etnonet.mp3\">https:\/\/etno.net\/wp-content\/uploads\/2021\/09\/cowan_lko_b10_etnonet.mp3<\/a><\/audio>\n<p>&nbsp;<\/p>\n<p>Part XI<\/p>\n<p>Part XII<\/p>\n","protected":false},"excerpt":{"rendered":"<p>Musicians: Charlotta Hagfors &#8211; voice [3-9, 12] Piia Kleemola &#8211; violin [1, 4, 8] &amp; kantele [2, 3, 10] Antti Paalanen &#8211; accordion [1, 6, 8, 9, 11, 12] &amp; voice [6] Sami Sil\u00e9n &#8211; guitar [6-9, 11] Teemu Vuorela &#8211; percussion [1-6, 8-11] Petri V\u00e4lim\u00e4ki &#8211; double bass [1, 3-5, 7, 9, 12] Additional [&hellip;]<\/p>\n","protected":false},"featured_media":4081,"comment_status":"closed","ping_status":"closed","template":"","meta":{"_acf_changed":false},"product_brand":[],"product_cat":[65],"product_tag":[],"class_list":{"0":"post-3405","1":"product","2":"type-product","3":"status-publish","4":"has-post-thumbnail","6":"product_cat-aanitteet","8":"first","9":"instock","10":"shipping-taxable","11":"product-type-simple"},"acf":[],"_links":{"self":[{"href":"https:\/\/etno.net\/en\/wp-json\/wp\/v2\/product\/3405","targetHints":{"allow":["GET"]}}],"collection":[{"href":"https:\/\/etno.net\/en\/wp-json\/wp\/v2\/product"}],"about":[{"href":"https:\/\/etno.net\/en\/wp-json\/wp\/v2\/types\/product"}],"replies":[{"embeddable":true,"href":"https:\/\/etno.net\/en\/wp-json\/wp\/v2\/comments?post=3405"}],"wp:featuredmedia":[{"embeddable":true,"href":"https:\/\/etno.net\/en\/wp-json\/wp\/v2\/media\/4081"}],"wp:attachment":[{"href":"https:\/\/etno.net\/en\/wp-json\/wp\/v2\/media?parent=3405"}],"wp:term":[{"taxonomy":"product_brand","embeddable":true,"href":"https:\/\/etno.net\/en\/wp-json\/wp\/v2\/product_brand?post=3405"},{"taxonomy":"product_cat","embeddable":true,"href":"https:\/\/etno.net\/en\/wp-json\/wp\/v2\/product_cat?post=3405"},{"taxonomy":"product_tag","embeddable":true,"href":"https:\/\/etno.net\/en\/wp-json\/wp\/v2\/product_tag?post=3405"}],"curies":[{"name":"wp","href":"https:\/\/api.w.org\/{rel}","templated":true}]}}