{"id":3415,"date":"2021-10-04T11:31:56","date_gmt":"2021-10-04T09:31:56","guid":{"rendered":"https:\/\/etno.net\/?post_type=product&#038;p=3415"},"modified":"2021-10-05T10:58:11","modified_gmt":"2021-10-05T08:58:11","slug":"hohka-puutarhautuminen","status":"publish","type":"product","link":"https:\/\/etno.net\/en\/julkaisu\/aanitteet\/hohka-puutarhautuminen","title":{"rendered":"Hohka: Puutarhautuminen"},"content":{"rendered":"<p><strong>1. Riikan polska<\/strong><\/p>\n<!--[if lt IE 9]><script>document.createElement('audio');<\/script><![endif]-->\n<audio class=\"wp-audio-shortcode\" id=\"audio-3415-1\" preload=\"none\" style=\"width: 100%;\" controls=\"controls\"><source type=\"audio\/mpeg\" src=\"https:\/\/etno.net\/wp-content\/uploads\/2021\/10\/puutarhautuminen_01_riikan_polska_etnonet.mp3?_=1\" \/><a href=\"https:\/\/etno.net\/wp-content\/uploads\/2021\/10\/puutarhautuminen_01_riikan_polska_etnonet.mp3\">https:\/\/etno.net\/wp-content\/uploads\/2021\/10\/puutarhautuminen_01_riikan_polska_etnonet.mp3<\/a><\/audio>\n<p>2. Lihava mies ja polkupy\u00f6r\u00e4<br \/>\n3. Vanhan polska-ukon polska<br \/>\n<strong>4. Str\u00f6mmingarnas schottis<br \/>\n<\/strong><\/p>\n<audio class=\"wp-audio-shortcode\" id=\"audio-3415-2\" preload=\"none\" style=\"width: 100%;\" controls=\"controls\"><source type=\"audio\/mpeg\" src=\"https:\/\/etno.net\/wp-content\/uploads\/2021\/10\/hohka_04_strommingarnas_schottis_etnonet.mp3?_=2\" \/><a href=\"https:\/\/etno.net\/wp-content\/uploads\/2021\/10\/hohka_04_strommingarnas_schottis_etnonet.mp3\">https:\/\/etno.net\/wp-content\/uploads\/2021\/10\/hohka_04_strommingarnas_schottis_etnonet.mp3<\/a><\/audio>\n<p>5. Puutarhautuminen<br \/>\n6. Aurinkoinen<br \/>\n7. Muutto-sarja<br \/>\n8. Hein\u00e4hambo<br \/>\n<strong>9. Nuuskis<br \/>\n<\/strong><\/p>\n<audio class=\"wp-audio-shortcode\" id=\"audio-3415-3\" preload=\"none\" style=\"width: 100%;\" controls=\"controls\"><source type=\"audio\/mpeg\" src=\"https:\/\/etno.net\/wp-content\/uploads\/2021\/10\/hohka_09_nuuskis_etnonet.mp3?_=3\" \/><a href=\"https:\/\/etno.net\/wp-content\/uploads\/2021\/10\/hohka_09_nuuskis_etnonet.mp3\">https:\/\/etno.net\/wp-content\/uploads\/2021\/10\/hohka_09_nuuskis_etnonet.mp3<\/a><\/audio>\n<p>10. Mummo lumessa<br \/>\n11. Rautakatu<br \/>\n12. Rheespun ja maksimin h\u00e4\u00e4valssi<\/p>\n<p><strong>Meriheini Luoto<\/strong> viulu, avainviulu<br \/>\n<strong>Valtteri Lehto\u00a0<\/strong>kantele, kitara<br \/>\n<strong>Veikko Muikku\u00a0<\/strong>haitari, piano<br \/>\n<strong>Maksim Purovaara\u00a0<\/strong>kontrabasso, harmooni<\/p>\n<p>Vierailevat soittajat:<br \/>\n<strong>Tatu Viitala<\/strong> perkussiot, beatbox, ja pimppu (2, 5, 7, 9, 11)<br \/>\n<strong>Paula Rantam\u00e4ki<\/strong> viulu (12)<br \/>\n<strong>Iida Savolainen<\/strong> alttoviulu (12)<br \/>\n<strong>Joonas Vapaavuori<\/strong> sello (12)<\/p>\n<p>1, 2, 6, 7, 9 s\u00e4v. <strong>Maksim Purovaara<\/strong><br \/>\n3, 4 , 10-12 s\u00e4v. <strong>Valtteri Lehto<\/strong><br \/>\n5, 8 s\u00e4v. <strong>Meriheini Luoto<\/strong><br \/>\n4 s\u00e4v. <strong>Valtteri Lehto<\/strong> &amp; <strong>Meriheini Luoto<\/strong><br \/>\nKaikki kappaleet sov. <strong>Hohka<\/strong><\/p>\n<p>\u00c4\u00e4nitetty Kallio-Kuninkalassa J\u00e4rvenp\u00e4\u00e4ss\u00e4 18.-21.8.2011<br \/>\n\u00c4\u00e4nitys <strong>Marko My\u00f6h\u00e4nen<\/strong><br \/>\nMasterointi <strong>Vesa Norilo<\/strong><br \/>\nTaiteellinen tuottaja <strong>Roope Aarnio<\/strong><br \/>\nGraafinen suunnittelu <strong>Sirpa Kinnunen<\/strong><br \/>\nTypografia<strong>\u00a0Jaakko Suomalainen<\/strong><\/p>\n<p>Sibelius-Akatemian kansanmusiikki\u00e4\u00e4nitteit\u00e4 116<br \/>\nHOHKA-001<\/p>\n","protected":false},"excerpt":{"rendered":"<p>1. Riikan polska 2. Lihava mies ja polkupy\u00f6r\u00e4 3. Vanhan polska-ukon polska 4. Str\u00f6mmingarnas schottis 5. Puutarhautuminen 6. Aurinkoinen 7. Muutto-sarja 8. Hein\u00e4hambo 9. Nuuskis 10. Mummo lumessa 11. Rautakatu 12. Rheespun ja maksimin h\u00e4\u00e4valssi Meriheini Luoto viulu, avainviulu Valtteri Lehto\u00a0kantele, kitara Veikko Muikku\u00a0haitari, piano Maksim Purovaara\u00a0kontrabasso, harmooni Vierailevat soittajat: Tatu Viitala perkussiot, beatbox, ja [&hellip;]<\/p>\n","protected":false},"featured_media":3426,"comment_status":"closed","ping_status":"closed","template":"","meta":{"_acf_changed":false},"product_brand":[],"product_cat":[65],"product_tag":[],"class_list":{"0":"post-3415","1":"product","2":"type-product","3":"status-publish","4":"has-post-thumbnail","6":"product_cat-aanitteet","8":"first","9":"instock","10":"shipping-taxable","11":"product-type-simple"},"acf":[],"_links":{"self":[{"href":"https:\/\/etno.net\/en\/wp-json\/wp\/v2\/product\/3415","targetHints":{"allow":["GET"]}}],"collection":[{"href":"https:\/\/etno.net\/en\/wp-json\/wp\/v2\/product"}],"about":[{"href":"https:\/\/etno.net\/en\/wp-json\/wp\/v2\/types\/product"}],"replies":[{"embeddable":true,"href":"https:\/\/etno.net\/en\/wp-json\/wp\/v2\/comments?post=3415"}],"wp:featuredmedia":[{"embeddable":true,"href":"https:\/\/etno.net\/en\/wp-json\/wp\/v2\/media\/3426"}],"wp:attachment":[{"href":"https:\/\/etno.net\/en\/wp-json\/wp\/v2\/media?parent=3415"}],"wp:term":[{"taxonomy":"product_brand","embeddable":true,"href":"https:\/\/etno.net\/en\/wp-json\/wp\/v2\/product_brand?post=3415"},{"taxonomy":"product_cat","embeddable":true,"href":"https:\/\/etno.net\/en\/wp-json\/wp\/v2\/product_cat?post=3415"},{"taxonomy":"product_tag","embeddable":true,"href":"https:\/\/etno.net\/en\/wp-json\/wp\/v2\/product_tag?post=3415"}],"curies":[{"name":"wp","href":"https:\/\/api.w.org\/{rel}","templated":true}]}}