{"id":3421,"date":"2021-10-04T11:41:07","date_gmt":"2021-10-04T09:41:07","guid":{"rendered":"https:\/\/etno.net\/?post_type=product&#038;p=3421"},"modified":"2021-11-11T09:12:41","modified_gmt":"2021-11-11T07:12:41","slug":"duo-hirvonen-kettunen","status":"publish","type":"product","link":"https:\/\/etno.net\/en\/julkaisu\/aanitteet\/duo-hirvonen-kettunen","title":{"rendered":"Duo Hirvonen &amp; Kettunen"},"content":{"rendered":"<p><strong>1. Tule s\u00e4 poika<br \/>\n<\/strong><\/p>\n<!--[if lt IE 9]><script>document.createElement('audio');<\/script><![endif]-->\n<audio class=\"wp-audio-shortcode\" id=\"audio-3421-1\" preload=\"none\" style=\"width: 100%;\" controls=\"controls\"><source type=\"audio\/mpeg\" src=\"https:\/\/etno.net\/wp-content\/uploads\/2021\/10\/01_duo_hirvonen_ja_kettunen.mp3?_=1\" \/><a href=\"https:\/\/etno.net\/wp-content\/uploads\/2021\/10\/01_duo_hirvonen_ja_kettunen.mp3\">https:\/\/etno.net\/wp-content\/uploads\/2021\/10\/01_duo_hirvonen_ja_kettunen.mp3<\/a><\/audio>\n<p>2. Matka polska<br \/>\n3. Keikku<br \/>\n4. Koukku<br \/>\n<strong>5. Varpuspolska ja taatipolska<br \/>\n<\/strong><\/p>\n<audio class=\"wp-audio-shortcode\" id=\"audio-3421-2\" preload=\"none\" style=\"width: 100%;\" controls=\"controls\"><source type=\"audio\/mpeg\" src=\"https:\/\/etno.net\/wp-content\/uploads\/2021\/10\/05_varpuspolska_ja_taatipolska_duo_hirvonen_ja_kettunen.mp3?_=2\" \/><a href=\"https:\/\/etno.net\/wp-content\/uploads\/2021\/10\/05_varpuspolska_ja_taatipolska_duo_hirvonen_ja_kettunen.mp3\">https:\/\/etno.net\/wp-content\/uploads\/2021\/10\/05_varpuspolska_ja_taatipolska_duo_hirvonen_ja_kettunen.mp3<\/a><\/audio>\n<p>6. Unikeko<br \/>\n7. Halljig<br \/>\n8. Maammo ja karkelo<br \/>\n<strong>9. Jokiliikkuja<br \/>\n<\/strong><\/p>\n<audio class=\"wp-audio-shortcode\" id=\"audio-3421-3\" preload=\"none\" style=\"width: 100%;\" controls=\"controls\"><source type=\"audio\/mpeg\" src=\"https:\/\/etno.net\/wp-content\/uploads\/2021\/10\/09_jokiliikkuja_duo_hirvonen_ja_kettunen.mp3?_=3\" \/><a href=\"https:\/\/etno.net\/wp-content\/uploads\/2021\/10\/09_jokiliikkuja_duo_hirvonen_ja_kettunen.mp3\">https:\/\/etno.net\/wp-content\/uploads\/2021\/10\/09_jokiliikkuja_duo_hirvonen_ja_kettunen.mp3<\/a><\/audio>\n<p>10. Johannes Yli-Nikkola<br \/>\n11 .Polkka Snellmanninkadulta<br \/>\n12. Kruunu-Marjaanan polska<\/p>\n<p>&nbsp;<\/p>\n<p><strong>P\u00e4ivi Hirvonen<\/strong>\u00a0viulu, jouhikko, laulu<br \/>\n<strong>Paavo Kettunen<\/strong>\u00a0kitara, laulu<\/p>\n<p>Vierailevat soittajat:<br \/>\n<strong>Timo Alakotila<\/strong> (6)<\/p>\n<p>Sovitukset <strong>Duo Hirvonen &amp; Kettunen<\/strong><\/p>\n<p>\u00c4\u00e4nitys <strong>Matti Pitk\u00e4nen<\/strong><br \/>\nMiksaus ja masterointi <strong>Paavokettunen<\/strong><br \/>\nTaiteellinen tuottaja <strong>Timo Alakotila<\/strong><br \/>\nKannet ja valokuvat <strong>Jimmy Tr\u00e4skelin<\/strong><\/p>\n<p>Sibelius-Akatemian kansanmusiikki\u00e4\u00e4nitteit\u00e4 108<br \/>\nKICD 108<\/p>\n","protected":false},"excerpt":{"rendered":"<p>1. Tule s\u00e4 poika 2. Matka polska 3. Keikku 4. Koukku 5. Varpuspolska ja taatipolska 6. Unikeko 7. Halljig 8. Maammo ja karkelo 9. Jokiliikkuja 10. Johannes Yli-Nikkola 11 .Polkka Snellmanninkadulta 12. Kruunu-Marjaanan polska &nbsp; P\u00e4ivi Hirvonen\u00a0viulu, jouhikko, laulu Paavo Kettunen\u00a0kitara, laulu Vierailevat soittajat: Timo Alakotila (6) Sovitukset Duo Hirvonen &amp; Kettunen \u00c4\u00e4nitys Matti Pitk\u00e4nen [&hellip;]<\/p>\n","protected":false},"featured_media":3427,"comment_status":"closed","ping_status":"closed","template":"","meta":{"_acf_changed":false},"product_brand":[],"product_cat":[65],"product_tag":[],"class_list":{"0":"post-3421","1":"product","2":"type-product","3":"status-publish","4":"has-post-thumbnail","6":"product_cat-aanitteet","8":"first","9":"instock","10":"shipping-taxable","11":"product-type-simple"},"acf":[],"_links":{"self":[{"href":"https:\/\/etno.net\/en\/wp-json\/wp\/v2\/product\/3421","targetHints":{"allow":["GET"]}}],"collection":[{"href":"https:\/\/etno.net\/en\/wp-json\/wp\/v2\/product"}],"about":[{"href":"https:\/\/etno.net\/en\/wp-json\/wp\/v2\/types\/product"}],"replies":[{"embeddable":true,"href":"https:\/\/etno.net\/en\/wp-json\/wp\/v2\/comments?post=3421"}],"wp:featuredmedia":[{"embeddable":true,"href":"https:\/\/etno.net\/en\/wp-json\/wp\/v2\/media\/3427"}],"wp:attachment":[{"href":"https:\/\/etno.net\/en\/wp-json\/wp\/v2\/media?parent=3421"}],"wp:term":[{"taxonomy":"product_brand","embeddable":true,"href":"https:\/\/etno.net\/en\/wp-json\/wp\/v2\/product_brand?post=3421"},{"taxonomy":"product_cat","embeddable":true,"href":"https:\/\/etno.net\/en\/wp-json\/wp\/v2\/product_cat?post=3421"},{"taxonomy":"product_tag","embeddable":true,"href":"https:\/\/etno.net\/en\/wp-json\/wp\/v2\/product_tag?post=3421"}],"curies":[{"name":"wp","href":"https:\/\/api.w.org\/{rel}","templated":true}]}}