{"id":3435,"date":"2021-10-05T10:37:37","date_gmt":"2021-10-05T08:37:37","guid":{"rendered":"https:\/\/etno.net\/?post_type=product&#038;p=3435"},"modified":"2021-10-14T13:39:21","modified_gmt":"2021-10-14T11:39:21","slug":"polka-chicks-viulu-ja-viinatilkka","status":"publish","type":"product","link":"https:\/\/etno.net\/en\/julkaisu\/aanitteet\/polka-chicks-viulu-ja-viinatilkka","title":{"rendered":"Polka Chicks: Viulu ja viinatilkka"},"content":{"rendered":"<p><strong>1. Linnanneito<br \/>\n<\/strong><\/p>\n<!--[if lt IE 9]><script>document.createElement('audio');<\/script><![endif]-->\n<audio class=\"wp-audio-shortcode\" id=\"audio-3435-1\" preload=\"none\" style=\"width: 100%;\" controls=\"controls\"><source type=\"audio\/mpeg\" src=\"https:\/\/etno.net\/wp-content\/uploads\/2021\/10\/polka_chicks_linnaneito_etnonet.mp3?_=1\" \/><a href=\"https:\/\/etno.net\/wp-content\/uploads\/2021\/10\/polka_chicks_linnaneito_etnonet.mp3\">https:\/\/etno.net\/wp-content\/uploads\/2021\/10\/polka_chicks_linnaneito_etnonet.mp3<\/a><\/audio>\n<p>2. Kotim\u00f6kin Jussi<br \/>\n3. Luullaan Et On Lysti Olla<br \/>\n4. Kelluvalla Pinnalla<br \/>\n<strong>5. Ajatuksia<br \/>\n<\/strong><\/p>\n<audio class=\"wp-audio-shortcode\" id=\"audio-3435-2\" preload=\"none\" style=\"width: 100%;\" controls=\"controls\"><source type=\"audio\/mpeg\" src=\"https:\/\/etno.net\/wp-content\/uploads\/2021\/10\/polka_chicks_ajatuksia_etnonet.mp3?_=2\" \/><a href=\"https:\/\/etno.net\/wp-content\/uploads\/2021\/10\/polka_chicks_ajatuksia_etnonet.mp3\">https:\/\/etno.net\/wp-content\/uploads\/2021\/10\/polka_chicks_ajatuksia_etnonet.mp3<\/a><\/audio>\n<p>6. Viulu ja Viinantilkka<br \/>\n7. Viktor&#8217;s<br \/>\n<strong>8. Bye Bye Polkka<br \/>\n<\/strong><\/p>\n<audio class=\"wp-audio-shortcode\" id=\"audio-3435-3\" preload=\"none\" style=\"width: 100%;\" controls=\"controls\"><source type=\"audio\/mpeg\" src=\"https:\/\/etno.net\/wp-content\/uploads\/2021\/10\/polka_chicks_bye_bye_polkka_etnonet.mp3?_=3\" \/><a href=\"https:\/\/etno.net\/wp-content\/uploads\/2021\/10\/polka_chicks_bye_bye_polkka_etnonet.mp3\">https:\/\/etno.net\/wp-content\/uploads\/2021\/10\/polka_chicks_bye_bye_polkka_etnonet.mp3<\/a><\/audio>\n<p>9. Hilda ja Eemil<br \/>\n10. Veijarisottiisi<\/p>\n<p><strong>Teija Lehto<\/strong> Fiddle, mandola, voice<br \/>\n<strong>Teija Niku<\/strong> 2-row diatonic accordion and 5-row chromatic accordion, voice<\/p>\n<p>Featuring <strong>Vidar Skrede<\/strong> (2 &amp; 10)<\/p>\n<p>Arrangements by Polka Chicks except 2 &amp; 10 with <strong>Vidar Skrede<\/strong> and 3 with <strong>Taito Hoffr\u00e9n<\/strong><br \/>\nProduced by Polka Chicks &amp; <strong>Taito Hoffr\u00e9n<\/strong><br \/>\nRecorded by <strong>Taito Hoffr\u00e9n<\/strong> at Kallio-Kuninkala Studio, J\u00e4rvenp\u00e4\u00e4 &amp; \u00c4\u00e4ni\u00e4 Studio, Pukkila<br \/>\nMixed by <strong>Taito Hoffr\u00e9n<\/strong><br \/>\nMastered by <strong>Svante Forsb\u00e4ck<\/strong>, <strong>Chartmakers<\/strong><br \/>\nPhotos by <strong>AJ Savolainen<\/strong> &amp; <strong>Meri Mort<\/strong><br \/>\nGraphic design by <strong>Meri Mort<\/strong><\/p>\n<p>Sibelius-Akatemian kansanmusiikki\u00e4\u00e4nitteit\u00e4 110<br \/>\nAANIA-21<\/p>\n","protected":false},"excerpt":{"rendered":"<p>1. Linnanneito 2. Kotim\u00f6kin Jussi 3. Luullaan Et On Lysti Olla 4. Kelluvalla Pinnalla 5. Ajatuksia 6. Viulu ja Viinantilkka 7. Viktor&#8217;s 8. Bye Bye Polkka 9. Hilda ja Eemil 10. Veijarisottiisi Teija Lehto Fiddle, mandola, voice Teija Niku 2-row diatonic accordion and 5-row chromatic accordion, voice Featuring Vidar Skrede (2 &amp; 10) Arrangements by [&hellip;]<\/p>\n","protected":false},"featured_media":3436,"comment_status":"closed","ping_status":"closed","template":"","meta":{"_acf_changed":false},"product_brand":[],"product_cat":[65],"product_tag":[],"class_list":{"0":"post-3435","1":"product","2":"type-product","3":"status-publish","4":"has-post-thumbnail","6":"product_cat-aanitteet","8":"first","9":"instock","10":"shipping-taxable","11":"product-type-simple"},"acf":[],"_links":{"self":[{"href":"https:\/\/etno.net\/en\/wp-json\/wp\/v2\/product\/3435","targetHints":{"allow":["GET"]}}],"collection":[{"href":"https:\/\/etno.net\/en\/wp-json\/wp\/v2\/product"}],"about":[{"href":"https:\/\/etno.net\/en\/wp-json\/wp\/v2\/types\/product"}],"replies":[{"embeddable":true,"href":"https:\/\/etno.net\/en\/wp-json\/wp\/v2\/comments?post=3435"}],"wp:featuredmedia":[{"embeddable":true,"href":"https:\/\/etno.net\/en\/wp-json\/wp\/v2\/media\/3436"}],"wp:attachment":[{"href":"https:\/\/etno.net\/en\/wp-json\/wp\/v2\/media?parent=3435"}],"wp:term":[{"taxonomy":"product_brand","embeddable":true,"href":"https:\/\/etno.net\/en\/wp-json\/wp\/v2\/product_brand?post=3435"},{"taxonomy":"product_cat","embeddable":true,"href":"https:\/\/etno.net\/en\/wp-json\/wp\/v2\/product_cat?post=3435"},{"taxonomy":"product_tag","embeddable":true,"href":"https:\/\/etno.net\/en\/wp-json\/wp\/v2\/product_tag?post=3435"}],"curies":[{"name":"wp","href":"https:\/\/api.w.org\/{rel}","templated":true}]}}