{"id":3459,"date":"2021-10-15T10:21:42","date_gmt":"2021-10-15T08:21:42","guid":{"rendered":"https:\/\/etno.net\/?post_type=product&#038;p=3459"},"modified":"2021-10-15T10:21:42","modified_gmt":"2021-10-15T08:21:42","slug":"blink","status":"publish","type":"product","link":"https:\/\/etno.net\/en\/julkaisu\/aanitteet\/blink","title":{"rendered":"Blink"},"content":{"rendered":"<p><strong>1. Polska, After Sven Donat<br \/>\n<\/strong><\/p>\n<!--[if lt IE 9]><script>document.createElement('audio');<\/script><![endif]-->\n<audio class=\"wp-audio-shortcode\" id=\"audio-3459-1\" preload=\"none\" style=\"width: 100%;\" controls=\"controls\"><source type=\"audio\/mpeg\" src=\"https:\/\/etno.net\/wp-content\/uploads\/2021\/10\/blink_1_etnonet.mp3?_=1\" \/><a href=\"https:\/\/etno.net\/wp-content\/uploads\/2021\/10\/blink_1_etnonet.mp3\">https:\/\/etno.net\/wp-content\/uploads\/2021\/10\/blink_1_etnonet.mp3<\/a><\/audio>\n<p>2. Shoeprint \/ Autumn Leaves<br \/>\n3. Ma K\u00e4in \u00dcles \/ Esmasp\u00e4ev Ennast Ehitan<br \/>\n4. Kom Lunkom<br \/>\n<strong>5. Herr Lager<br \/>\n<\/strong><\/p>\n<audio class=\"wp-audio-shortcode\" id=\"audio-3459-2\" preload=\"none\" style=\"width: 100%;\" controls=\"controls\"><source type=\"audio\/mpeg\" src=\"https:\/\/etno.net\/wp-content\/uploads\/2021\/10\/blink_5_etnonet.mp3?_=2\" \/><a href=\"https:\/\/etno.net\/wp-content\/uploads\/2021\/10\/blink_5_etnonet.mp3\">https:\/\/etno.net\/wp-content\/uploads\/2021\/10\/blink_5_etnonet.mp3<\/a><\/audio>\n<p>6. Maria, Pohjan Neito<br \/>\n7. Miss You<br \/>\n<strong>8. Polka Set From L\u00e6s\u00f8<br \/>\n<\/strong><\/p>\n<audio class=\"wp-audio-shortcode\" id=\"audio-3459-3\" preload=\"none\" style=\"width: 100%;\" controls=\"controls\"><source type=\"audio\/mpeg\" src=\"https:\/\/etno.net\/wp-content\/uploads\/2021\/10\/blink_8_etnonet.mp3?_=3\" \/><a href=\"https:\/\/etno.net\/wp-content\/uploads\/2021\/10\/blink_8_etnonet.mp3\">https:\/\/etno.net\/wp-content\/uploads\/2021\/10\/blink_8_etnonet.mp3<\/a><\/audio>\n<p><strong><br \/>\n<\/strong>9. Hiljainen Kyl\u00e4tie \/ Kuu Moon<br \/>\n10. Agnetes Vuggevise<\/p>\n<p><strong>Johanna-Adele J\u00fcssi<\/strong> (EE) Fiddle, vocals<br \/>\n<strong>Jullie Hjetland Jensen<\/strong> (DK\/NO) vocals, autoharp, triangle<br \/>\n<strong>Charlotta Hagfors<\/strong> (FI) vocals, udu, melodica, kantele, triangle<br \/>\n<strong>Emilia Amper<\/strong> (SE) nyckelharpa, vocals<br \/>\nSpecial guest: <strong>Maria Kalaniemi<\/strong> (FI) accordion<br \/>\nExecutive producer<strong> Karl Seglem<br \/>\n<\/strong>Producer<strong> Maria Kalaniemi<br \/>\n<\/strong><\/p>\n<p>Recorded and mixed at the Sibelius Academy, December 2010 and April 2011, by <strong>Vesa Norilo<br \/>\n<\/strong>Mastered by <strong>Audun Strype<\/strong>\u00a0Oslo, May 2011<\/p>\n<p>Sibelius-Akatemian kansanmusiikki\u00e4\u00e4nitteit\u00e4 109<br \/>\nNORCD1103<\/p>\n","protected":false},"excerpt":{"rendered":"<p>1. Polska, After Sven Donat 2. Shoeprint \/ Autumn Leaves 3. Ma K\u00e4in \u00dcles \/ Esmasp\u00e4ev Ennast Ehitan 4. Kom Lunkom 5. Herr Lager 6. Maria, Pohjan Neito 7. Miss You 8. Polka Set From L\u00e6s\u00f8 9. Hiljainen Kyl\u00e4tie \/ Kuu Moon 10. Agnetes Vuggevise Johanna-Adele J\u00fcssi (EE) Fiddle, vocals Jullie Hjetland Jensen (DK\/NO) vocals, [&hellip;]<\/p>\n","protected":false},"featured_media":3466,"comment_status":"closed","ping_status":"closed","template":"","meta":{"_acf_changed":false},"product_brand":[],"product_cat":[65],"product_tag":[],"class_list":{"0":"post-3459","1":"product","2":"type-product","3":"status-publish","4":"has-post-thumbnail","6":"product_cat-aanitteet","8":"first","9":"instock","10":"shipping-taxable","11":"product-type-simple"},"acf":[],"_links":{"self":[{"href":"https:\/\/etno.net\/en\/wp-json\/wp\/v2\/product\/3459","targetHints":{"allow":["GET"]}}],"collection":[{"href":"https:\/\/etno.net\/en\/wp-json\/wp\/v2\/product"}],"about":[{"href":"https:\/\/etno.net\/en\/wp-json\/wp\/v2\/types\/product"}],"replies":[{"embeddable":true,"href":"https:\/\/etno.net\/en\/wp-json\/wp\/v2\/comments?post=3459"}],"wp:featuredmedia":[{"embeddable":true,"href":"https:\/\/etno.net\/en\/wp-json\/wp\/v2\/media\/3466"}],"wp:attachment":[{"href":"https:\/\/etno.net\/en\/wp-json\/wp\/v2\/media?parent=3459"}],"wp:term":[{"taxonomy":"product_brand","embeddable":true,"href":"https:\/\/etno.net\/en\/wp-json\/wp\/v2\/product_brand?post=3459"},{"taxonomy":"product_cat","embeddable":true,"href":"https:\/\/etno.net\/en\/wp-json\/wp\/v2\/product_cat?post=3459"},{"taxonomy":"product_tag","embeddable":true,"href":"https:\/\/etno.net\/en\/wp-json\/wp\/v2\/product_tag?post=3459"}],"curies":[{"name":"wp","href":"https:\/\/api.w.org\/{rel}","templated":true}]}}