{"id":3475,"date":"2021-10-15T12:25:59","date_gmt":"2021-10-15T10:25:59","guid":{"rendered":"https:\/\/etno.net\/?post_type=product&#038;p=3475"},"modified":"2021-10-15T12:25:59","modified_gmt":"2021-10-15T10:25:59","slug":"outi-pulkkinen-and-all-the-paths-ended","status":"publish","type":"product","link":"https:\/\/etno.net\/en\/julkaisu\/aanitteet\/outi-pulkkinen-and-all-the-paths-ended","title":{"rendered":"Outi Pulkkinen: And All The Paths Ended"},"content":{"rendered":"<p>1. And<br \/>\n<strong>2. All<br \/>\n<\/strong><\/p>\n<!--[if lt IE 9]><script>document.createElement('audio');<\/script><![endif]-->\n<audio class=\"wp-audio-shortcode\" id=\"audio-3475-1\" preload=\"none\" style=\"width: 100%;\" controls=\"controls\"><source type=\"audio\/mpeg\" src=\"https:\/\/etno.net\/wp-content\/uploads\/2021\/10\/outipulkkinen_all_etnonet.mp3?_=1\" \/><a href=\"https:\/\/etno.net\/wp-content\/uploads\/2021\/10\/outipulkkinen_all_etnonet.mp3\">https:\/\/etno.net\/wp-content\/uploads\/2021\/10\/outipulkkinen_all_etnonet.mp3<\/a><\/audio>\n<p>3. The Paths<br \/>\n<strong>4. Ended<br \/>\n<\/strong><\/p>\n<audio class=\"wp-audio-shortcode\" id=\"audio-3475-2\" preload=\"none\" style=\"width: 100%;\" controls=\"controls\"><source type=\"audio\/mpeg\" src=\"https:\/\/etno.net\/wp-content\/uploads\/2021\/10\/outipulkkinen_ended_etnonet.mp3?_=2\" \/><a href=\"https:\/\/etno.net\/wp-content\/uploads\/2021\/10\/outipulkkinen_ended_etnonet.mp3\">https:\/\/etno.net\/wp-content\/uploads\/2021\/10\/outipulkkinen_ended_etnonet.mp3<\/a><\/audio>\n<p>5. Anna<br \/>\n6. Lapin joulu<br \/>\n<strong>7. Ja<br \/>\n<\/strong><\/p>\n<audio class=\"wp-audio-shortcode\" id=\"audio-3475-3\" preload=\"none\" style=\"width: 100%;\" controls=\"controls\"><source type=\"audio\/mpeg\" src=\"https:\/\/etno.net\/wp-content\/uploads\/2021\/10\/outipulkkinen_ja_etnonet.mp3?_=3\" \/><a href=\"https:\/\/etno.net\/wp-content\/uploads\/2021\/10\/outipulkkinen_ja_etnonet.mp3\">https:\/\/etno.net\/wp-content\/uploads\/2021\/10\/outipulkkinen_ja_etnonet.mp3<\/a><\/audio>\n<p>8. Kaikki polut<br \/>\n9. P\u00e4\u00e4ttyiv\u00e4t<\/p>\n<p>All music by <strong>Outi Pulkkinen<\/strong>, except track 6 by <strong>Erkki Melartin<\/strong>, text by <strong>Larin Ky\u00f6sti<\/strong>.<br \/>\nTrack 9 contains <strong>Raili Pulkkinen&#8217;s<\/strong> poem.<\/p>\n<p>All sounds and heartbeats by <strong>Outi Pulkkinen<\/strong><br \/>\nExcept speech and laughter by her children, husband and mother.<\/p>\n<p>Recorded by <strong>Outi Pulkkinen<\/strong> at studio Kyh\u00e4tt\u00f6, Kirkkonummi, Finland<br \/>\nMixed by <strong>Jouko Kyh\u00e4l\u00e4<\/strong> and <strong>Outi Pulkkinen<\/strong><br \/>\nMastered by <strong>Jouko Kyh\u00e4l\u00e4<\/strong><\/p>\n<p>Jumi-Tuotanto<\/p>\n<p>Sibelius-Akatemian kansanmusiikki\u00e4\u00e4nitteit\u00e4 112<br \/>\nJUMI 006<\/p>\n","protected":false},"excerpt":{"rendered":"<p>1. And 2. All 3. The Paths 4. Ended 5. Anna 6. Lapin joulu 7. Ja 8. Kaikki polut 9. P\u00e4\u00e4ttyiv\u00e4t All music by Outi Pulkkinen, except track 6 by Erkki Melartin, text by Larin Ky\u00f6sti. Track 9 contains Raili Pulkkinen&#8217;s poem. All sounds and heartbeats by Outi Pulkkinen Except speech and laughter by her [&hellip;]<\/p>\n","protected":false},"featured_media":3479,"comment_status":"closed","ping_status":"closed","template":"","meta":{"_acf_changed":false},"product_brand":[],"product_cat":[65],"product_tag":[],"class_list":{"0":"post-3475","1":"product","2":"type-product","3":"status-publish","4":"has-post-thumbnail","6":"product_cat-aanitteet","8":"first","9":"instock","10":"shipping-taxable","11":"product-type-simple"},"acf":[],"_links":{"self":[{"href":"https:\/\/etno.net\/en\/wp-json\/wp\/v2\/product\/3475","targetHints":{"allow":["GET"]}}],"collection":[{"href":"https:\/\/etno.net\/en\/wp-json\/wp\/v2\/product"}],"about":[{"href":"https:\/\/etno.net\/en\/wp-json\/wp\/v2\/types\/product"}],"replies":[{"embeddable":true,"href":"https:\/\/etno.net\/en\/wp-json\/wp\/v2\/comments?post=3475"}],"wp:featuredmedia":[{"embeddable":true,"href":"https:\/\/etno.net\/en\/wp-json\/wp\/v2\/media\/3479"}],"wp:attachment":[{"href":"https:\/\/etno.net\/en\/wp-json\/wp\/v2\/media?parent=3475"}],"wp:term":[{"taxonomy":"product_brand","embeddable":true,"href":"https:\/\/etno.net\/en\/wp-json\/wp\/v2\/product_brand?post=3475"},{"taxonomy":"product_cat","embeddable":true,"href":"https:\/\/etno.net\/en\/wp-json\/wp\/v2\/product_cat?post=3475"},{"taxonomy":"product_tag","embeddable":true,"href":"https:\/\/etno.net\/en\/wp-json\/wp\/v2\/product_tag?post=3475"}],"curies":[{"name":"wp","href":"https:\/\/api.w.org\/{rel}","templated":true}]}}