{"id":3481,"date":"2021-10-15T13:29:24","date_gmt":"2021-10-15T11:29:24","guid":{"rendered":"https:\/\/etno.net\/?post_type=product&#038;p=3481"},"modified":"2021-10-15T13:29:24","modified_gmt":"2021-10-15T11:29:24","slug":"las-chicas-del-tango-tango-de-norte-a-sur","status":"publish","type":"product","link":"https:\/\/etno.net\/en\/julkaisu\/aanitteet\/las-chicas-del-tango-tango-de-norte-a-sur","title":{"rendered":"Las Chicas del Tango: Tango De Norte A Sur"},"content":{"rendered":"<p><strong>1. Oye (Alfonsina Storni \/ Kukka-Maaria Ahonen)<br \/>\n<\/strong><\/p>\n<!--[if lt IE 9]><script>document.createElement('audio');<\/script><![endif]-->\n<audio class=\"wp-audio-shortcode\" id=\"audio-3481-1\" preload=\"none\" style=\"width: 100%;\" controls=\"controls\"><source type=\"audio\/mpeg\" src=\"https:\/\/etno.net\/wp-content\/uploads\/2021\/10\/oye_listen_etnonet.mp3?_=1\" \/><a href=\"https:\/\/etno.net\/wp-content\/uploads\/2021\/10\/oye_listen_etnonet.mp3\">https:\/\/etno.net\/wp-content\/uploads\/2021\/10\/oye_listen_etnonet.mp3<\/a><\/audio>\n<p>2. Yo en el fondo del mar (Alfonsina Storni \/ Johanna Juhola)<br \/>\n3. Para Unto Mononen, Tango de norte a sur (Horacio Ferrer \/ Milla Viljamaa)<br \/>\n<strong>4. Gato azul (Sibone Oroza \/ Johanna Juhola)<br \/>\n<\/strong><\/p>\n<audio class=\"wp-audio-shortcode\" id=\"audio-3481-2\" preload=\"none\" style=\"width: 100%;\" controls=\"controls\"><source type=\"audio\/mpeg\" src=\"https:\/\/etno.net\/wp-content\/uploads\/2021\/10\/gato_azul_etnonet.mp3?_=2\" \/><a href=\"https:\/\/etno.net\/wp-content\/uploads\/2021\/10\/gato_azul_etnonet.mp3\">https:\/\/etno.net\/wp-content\/uploads\/2021\/10\/gato_azul_etnonet.mp3<\/a><\/audio>\n<p>5. T\u00fa me quieres blanca (Alfonsina Storni \/ Kukka-Maaria Ahonen)<br \/>\n6. Milonga lenta y sinfonica para Jean Sibelius (Horacio Ferrer \/ Kukka-Maaria Ahonen, Jean Sibelius)<br \/>\n<strong>7. Viejo amor (Sibone Oroza \/ Johanna Juhola)<br \/>\n<\/strong><\/p>\n<audio class=\"wp-audio-shortcode\" id=\"audio-3481-3\" preload=\"none\" style=\"width: 100%;\" controls=\"controls\"><source type=\"audio\/mpeg\" src=\"https:\/\/etno.net\/wp-content\/uploads\/2021\/10\/viejo_amor_etnonet.mp3?_=3\" \/><a href=\"https:\/\/etno.net\/wp-content\/uploads\/2021\/10\/viejo_amor_etnonet.mp3\">https:\/\/etno.net\/wp-content\/uploads\/2021\/10\/viejo_amor_etnonet.mp3<\/a><\/audio>\n<p>8. Perspectiva tanguera para Alvar Aalto (Horacio Ferrer \/ Johanna Juhola)<br \/>\n9. Un sol (Alfonsina Storni \/ Milla Viljamaa)<br \/>\n10. Pequenos cortesitos (Sibone Oroza \/ Milla Viljamaa)<br \/>\n11. Suena pais (Sibone Oroza \/ Milla Viljamaa)<\/p>\n<p><strong>Kukka-Maaria<\/strong> Ahonen vocals<br \/>\n<strong>Johanna Juhola<\/strong> accordion<br \/>\n<strong>Milla Viljamaa<\/strong> piano<br \/>\n<strong>Horacio Ferrer<\/strong> vocals on tracks 3, 6 and 8<\/p>\n<p>Recorded between March and June 2011 at <strong>Kallio-Kuninkala<\/strong> and <strong>Popnalli<\/strong> by <strong>Teemu Korpip\u00e4\u00e4<\/strong><br \/>\nAdditional recordings in July 2011 at <strong>Alma Hotel<\/strong>, Sein\u00e4joki by <strong>Riku Mets\u00e4-Ketel\u00e4<\/strong><br \/>\nMixed by <strong>Teemu Korpip\u00e4\u00e4<\/strong> at <strong>Popnalli<\/strong>, Helsinki<br \/>\nProduced by <strong>Timo Alakotila<\/strong> and <strong>Las Chicas del Tango<\/strong><br \/>\nMastered in September 2011 at <strong>Virtal\u00e4de Mastering<\/strong> by <strong>Jaakko Viital\u00e4hde<\/strong><br \/>\nPremaster: <strong>Diz Heller<\/strong><\/p>\n<p>All arrangements by <strong>Las Chicas del Tango<\/strong><\/p>\n<p>Sibelius-Akatemian kansanmusiikki\u00e4\u00e4nitteit\u00e4 111<br \/>\nEUCD 2365<\/p>\n","protected":false},"excerpt":{"rendered":"<p>1. Oye (Alfonsina Storni \/ Kukka-Maaria Ahonen) 2. Yo en el fondo del mar (Alfonsina Storni \/ Johanna Juhola) 3. Para Unto Mononen, Tango de norte a sur (Horacio Ferrer \/ Milla Viljamaa) 4. Gato azul (Sibone Oroza \/ Johanna Juhola) 5. T\u00fa me quieres blanca (Alfonsina Storni \/ Kukka-Maaria Ahonen) 6. Milonga lenta y [&hellip;]<\/p>\n","protected":false},"featured_media":3483,"comment_status":"closed","ping_status":"closed","template":"","meta":{"_acf_changed":false},"product_brand":[],"product_cat":[65],"product_tag":[],"class_list":{"0":"post-3481","1":"product","2":"type-product","3":"status-publish","4":"has-post-thumbnail","6":"product_cat-aanitteet","8":"first","9":"instock","10":"shipping-taxable","11":"product-type-simple"},"acf":[],"_links":{"self":[{"href":"https:\/\/etno.net\/en\/wp-json\/wp\/v2\/product\/3481","targetHints":{"allow":["GET"]}}],"collection":[{"href":"https:\/\/etno.net\/en\/wp-json\/wp\/v2\/product"}],"about":[{"href":"https:\/\/etno.net\/en\/wp-json\/wp\/v2\/types\/product"}],"replies":[{"embeddable":true,"href":"https:\/\/etno.net\/en\/wp-json\/wp\/v2\/comments?post=3481"}],"wp:featuredmedia":[{"embeddable":true,"href":"https:\/\/etno.net\/en\/wp-json\/wp\/v2\/media\/3483"}],"wp:attachment":[{"href":"https:\/\/etno.net\/en\/wp-json\/wp\/v2\/media?parent=3481"}],"wp:term":[{"taxonomy":"product_brand","embeddable":true,"href":"https:\/\/etno.net\/en\/wp-json\/wp\/v2\/product_brand?post=3481"},{"taxonomy":"product_cat","embeddable":true,"href":"https:\/\/etno.net\/en\/wp-json\/wp\/v2\/product_cat?post=3481"},{"taxonomy":"product_tag","embeddable":true,"href":"https:\/\/etno.net\/en\/wp-json\/wp\/v2\/product_tag?post=3481"}],"curies":[{"name":"wp","href":"https:\/\/api.w.org\/{rel}","templated":true}]}}