{"id":3487,"date":"2021-10-15T13:58:09","date_gmt":"2021-10-15T11:58:09","guid":{"rendered":"https:\/\/etno.net\/?post_type=product&#038;p=3487"},"modified":"2021-10-15T14:02:42","modified_gmt":"2021-10-15T12:02:42","slug":"hanni-autere-viululauluja","status":"publish","type":"product","link":"https:\/\/etno.net\/en\/julkaisu\/aanitteet\/hanni-autere-viululauluja","title":{"rendered":"Hanni Autere: Viululaulaja"},"content":{"rendered":"<p><strong>1. Meret suuret sulavat<br \/>\n<\/strong><\/p>\n<!--[if lt IE 9]><script>document.createElement('audio');<\/script><![endif]-->\n<audio class=\"wp-audio-shortcode\" id=\"audio-3487-1\" preload=\"none\" style=\"width: 100%;\" controls=\"controls\"><source type=\"audio\/mpeg\" src=\"https:\/\/etno.net\/wp-content\/uploads\/2021\/10\/meret_suuret_sulavat_etnonet.mp3?_=1\" \/><a href=\"https:\/\/etno.net\/wp-content\/uploads\/2021\/10\/meret_suuret_sulavat_etnonet.mp3\">https:\/\/etno.net\/wp-content\/uploads\/2021\/10\/meret_suuret_sulavat_etnonet.mp3<\/a><\/audio>\n<p><em>s\u00e4v. Hanni Autere<\/em><br \/>\n<em>san. Kanteletar \/ H. Autere<br \/>\n<\/em><br \/>\n2. Mets\u00e4<br \/>\n<em>s\u00e4v. Hanni Autere<\/em><br \/>\n<em>s\u00e4v. Kanteletar<br \/>\n<\/em><br \/>\n<strong>3. Yksi kauppias Intiasta<br \/>\n<\/strong><\/p>\n<audio class=\"wp-audio-shortcode\" id=\"audio-3487-2\" preload=\"none\" style=\"width: 100%;\" controls=\"controls\"><source type=\"audio\/mpeg\" src=\"https:\/\/etno.net\/wp-content\/uploads\/2021\/10\/yksi_kauppias_intiasta_etnonet.mp3?_=2\" \/><a href=\"https:\/\/etno.net\/wp-content\/uploads\/2021\/10\/yksi_kauppias_intiasta_etnonet.mp3\">https:\/\/etno.net\/wp-content\/uploads\/2021\/10\/yksi_kauppias_intiasta_etnonet.mp3<\/a><\/audio>\n<p><em>s\u00e4v. Hanni Autere<\/em><br \/>\n<em>san. trad<br \/>\n<\/em><br \/>\n<strong>4. Tsiki<br \/>\n<\/strong><\/p>\n<audio class=\"wp-audio-shortcode\" id=\"audio-3487-3\" preload=\"none\" style=\"width: 100%;\" controls=\"controls\"><source type=\"audio\/mpeg\" src=\"https:\/\/etno.net\/wp-content\/uploads\/2021\/10\/tsiki_etnonet.mp3?_=3\" \/><a href=\"https:\/\/etno.net\/wp-content\/uploads\/2021\/10\/tsiki_etnonet.mp3\">https:\/\/etno.net\/wp-content\/uploads\/2021\/10\/tsiki_etnonet.mp3<\/a><\/audio>\n<p><em>s\u00e4v. Hanni Autere<br \/>\n<\/em><br \/>\n5. Krazem<br \/>\n<em>s\u00e4v.&amp;san. Hanni Autere<\/em><\/p>\n<p>Hanni Autereen taiteellisen tohtorintutkinnon kirjallinen ty\u00f6. Kirjallisen ty\u00f6n lis\u00e4n\u00e4 on liitelevy.<\/p>\n<p>Sibelius-Akatemian kansanmusiikki\u00e4\u00e4nitteit\u00e4 107<br \/>\nSibKaCD 107<\/p>\n","protected":false},"excerpt":{"rendered":"<p>1. Meret suuret sulavat s\u00e4v. Hanni Autere san. Kanteletar \/ H. Autere 2. Mets\u00e4 s\u00e4v. Hanni Autere s\u00e4v. Kanteletar 3. Yksi kauppias Intiasta s\u00e4v. Hanni Autere san. trad 4. Tsiki s\u00e4v. Hanni Autere 5. Krazem s\u00e4v.&amp;san. Hanni Autere Hanni Autereen taiteellisen tohtorintutkinnon kirjallinen ty\u00f6. Kirjallisen ty\u00f6n lis\u00e4n\u00e4 on liitelevy. Sibelius-Akatemian kansanmusiikki\u00e4\u00e4nitteit\u00e4 107 SibKaCD 107<\/p>","protected":false},"featured_media":3491,"comment_status":"closed","ping_status":"closed","template":"","meta":{"_acf_changed":false},"product_brand":[],"product_cat":[65],"product_tag":[],"class_list":{"0":"post-3487","1":"product","2":"type-product","3":"status-publish","4":"has-post-thumbnail","6":"product_cat-aanitteet","8":"first","9":"instock","10":"shipping-taxable","11":"product-type-simple"},"acf":[],"_links":{"self":[{"href":"https:\/\/etno.net\/en\/wp-json\/wp\/v2\/product\/3487","targetHints":{"allow":["GET"]}}],"collection":[{"href":"https:\/\/etno.net\/en\/wp-json\/wp\/v2\/product"}],"about":[{"href":"https:\/\/etno.net\/en\/wp-json\/wp\/v2\/types\/product"}],"replies":[{"embeddable":true,"href":"https:\/\/etno.net\/en\/wp-json\/wp\/v2\/comments?post=3487"}],"wp:featuredmedia":[{"embeddable":true,"href":"https:\/\/etno.net\/en\/wp-json\/wp\/v2\/media\/3491"}],"wp:attachment":[{"href":"https:\/\/etno.net\/en\/wp-json\/wp\/v2\/media?parent=3487"}],"wp:term":[{"taxonomy":"product_brand","embeddable":true,"href":"https:\/\/etno.net\/en\/wp-json\/wp\/v2\/product_brand?post=3487"},{"taxonomy":"product_cat","embeddable":true,"href":"https:\/\/etno.net\/en\/wp-json\/wp\/v2\/product_cat?post=3487"},{"taxonomy":"product_tag","embeddable":true,"href":"https:\/\/etno.net\/en\/wp-json\/wp\/v2\/product_tag?post=3487"}],"curies":[{"name":"wp","href":"https:\/\/api.w.org\/{rel}","templated":true}]}}