{"id":3492,"date":"2021-10-18T08:10:30","date_gmt":"2021-10-18T06:10:30","guid":{"rendered":"https:\/\/etno.net\/?post_type=product&#038;p=3492"},"modified":"2021-10-18T08:22:26","modified_gmt":"2021-10-18T06:22:26","slug":"meri-tuuli-saarnio-nieve","status":"publish","type":"product","link":"https:\/\/etno.net\/en\/julkaisu\/aanitteet\/meri-tuuli-saarnio-nieve","title":{"rendered":"Meri-Tuuli Saarnio: Nieve"},"content":{"rendered":"<p><strong>1. Kokko<br \/>\n<\/strong><\/p>\n<!--[if lt IE 9]><script>document.createElement('audio');<\/script><![endif]-->\n<audio class=\"wp-audio-shortcode\" id=\"audio-3492-1\" preload=\"none\" style=\"width: 100%;\" controls=\"controls\"><source type=\"audio\/mpeg\" src=\"https:\/\/etno.net\/wp-content\/uploads\/2021\/10\/nieve_kokko_etnonet.mp3?_=1\" \/><a href=\"https:\/\/etno.net\/wp-content\/uploads\/2021\/10\/nieve_kokko_etnonet.mp3\">https:\/\/etno.net\/wp-content\/uploads\/2021\/10\/nieve_kokko_etnonet.mp3<\/a><\/audio>\n<p>2. Herida<br \/>\n3. Kamelia<br \/>\n4. Nieve<br \/>\n<strong>5. Omenapuu<br \/>\n<\/strong><\/p>\n<audio class=\"wp-audio-shortcode\" id=\"audio-3492-2\" preload=\"none\" style=\"width: 100%;\" controls=\"controls\"><source type=\"audio\/mpeg\" src=\"https:\/\/etno.net\/wp-content\/uploads\/2021\/10\/nieve_omenapuu_etnonet.mp3?_=2\" \/><a href=\"https:\/\/etno.net\/wp-content\/uploads\/2021\/10\/nieve_omenapuu_etnonet.mp3\">https:\/\/etno.net\/wp-content\/uploads\/2021\/10\/nieve_omenapuu_etnonet.mp3<\/a><\/audio>\n<p>6. Bastille<br \/>\n7. Pierrot<br \/>\n8. Rue Lepic<br \/>\n<strong>9. Timantti<br \/>\n<\/strong><\/p>\n<audio class=\"wp-audio-shortcode\" id=\"audio-3492-3\" preload=\"none\" style=\"width: 100%;\" controls=\"controls\"><source type=\"audio\/mpeg\" src=\"https:\/\/etno.net\/wp-content\/uploads\/2021\/10\/nieve_timantti_etnonet.mp3?_=3\" \/><a href=\"https:\/\/etno.net\/wp-content\/uploads\/2021\/10\/nieve_timantti_etnonet.mp3\">https:\/\/etno.net\/wp-content\/uploads\/2021\/10\/nieve_timantti_etnonet.mp3<\/a><\/audio>\n<p>10. Sametti<\/p>\n<p>Arrangements<br \/>\n<strong>Meri Tuuli Saarnio<\/strong> accordions, voice<br \/>\n<strong>Saarnio<\/strong>, <strong>Alakotila <\/strong>piano\u00a0(3, 4, 6, 8, 9)<br \/>\n<strong>Antti Vuori<\/strong> soprano, saxophone (3, 4, 6, 8, 9, 10)<br \/>\n<strong>Anna-Karin Korhonen<\/strong> concert, kantele, background vocals (5, 10)<br \/>\n<strong>Kukka Lehto <\/strong>violin (7)<br \/>\n<strong>Salla Hakkola<\/strong> folk harp (7)<\/p>\n<p>All compositions\/lyrics: <strong>Meri-Tuuli Saarnio<\/strong> (1,5 trad.)<br \/>\nProducer: <strong>Meri-Tuuli Saarnio<\/strong><br \/>\nRecorded in: February\/May 2010 in Kallio-Kuninkala, J\u00e4rvenp\u00e4\u00e4<br \/>\nMixed by:<strong> Marko My\u00f6h\u00e4nen<\/strong> at Sibelius-Academy studios, Helsinki.<br \/>\nMastering engineer: <strong>Pauli Saastamoinen<\/strong>, Finnvox Studios, Helsinki<\/p>\n<p>Bests Oy<\/p>\n<p>Sibelius-Akatemian kansanmusiikki\u00e4\u00e4nitteit\u00e4 113<br \/>\nNIEVE<\/p>\n","protected":false},"excerpt":{"rendered":"<p>1. Kokko 2. Herida 3. Kamelia 4. Nieve 5. Omenapuu 6. Bastille 7. Pierrot 8. Rue Lepic 9. Timantti 10. Sametti Arrangements Meri Tuuli Saarnio accordions, voice Saarnio, Alakotila piano\u00a0(3, 4, 6, 8, 9) Antti Vuori soprano, saxophone (3, 4, 6, 8, 9, 10) Anna-Karin Korhonen concert, kantele, background vocals (5, 10) Kukka Lehto violin [&hellip;]<\/p>\n","protected":false},"featured_media":3493,"comment_status":"closed","ping_status":"closed","template":"","meta":{"_acf_changed":false},"product_brand":[],"product_cat":[65],"product_tag":[],"class_list":{"0":"post-3492","1":"product","2":"type-product","3":"status-publish","4":"has-post-thumbnail","6":"product_cat-aanitteet","8":"first","9":"instock","10":"shipping-taxable","11":"product-type-simple"},"acf":[],"_links":{"self":[{"href":"https:\/\/etno.net\/en\/wp-json\/wp\/v2\/product\/3492","targetHints":{"allow":["GET"]}}],"collection":[{"href":"https:\/\/etno.net\/en\/wp-json\/wp\/v2\/product"}],"about":[{"href":"https:\/\/etno.net\/en\/wp-json\/wp\/v2\/types\/product"}],"replies":[{"embeddable":true,"href":"https:\/\/etno.net\/en\/wp-json\/wp\/v2\/comments?post=3492"}],"wp:featuredmedia":[{"embeddable":true,"href":"https:\/\/etno.net\/en\/wp-json\/wp\/v2\/media\/3493"}],"wp:attachment":[{"href":"https:\/\/etno.net\/en\/wp-json\/wp\/v2\/media?parent=3492"}],"wp:term":[{"taxonomy":"product_brand","embeddable":true,"href":"https:\/\/etno.net\/en\/wp-json\/wp\/v2\/product_brand?post=3492"},{"taxonomy":"product_cat","embeddable":true,"href":"https:\/\/etno.net\/en\/wp-json\/wp\/v2\/product_cat?post=3492"},{"taxonomy":"product_tag","embeddable":true,"href":"https:\/\/etno.net\/en\/wp-json\/wp\/v2\/product_tag?post=3492"}],"curies":[{"name":"wp","href":"https:\/\/api.w.org\/{rel}","templated":true}]}}