{"id":3499,"date":"2021-10-18T09:13:49","date_gmt":"2021-10-18T07:13:49","guid":{"rendered":"https:\/\/etno.net\/?post_type=product&#038;p=3499"},"modified":"2021-11-19T14:03:57","modified_gmt":"2021-11-19T12:03:57","slug":"maria-kalaniemi-timo-alakotila-akero","status":"publish","type":"product","link":"https:\/\/etno.net\/en\/julkaisu\/aanitteet\/maria-kalaniemi-timo-alakotila-akero","title":{"rendered":"Maria Kalaniemi &amp; Timo Alakotila: \u00c5ker\u00f6"},"content":{"rendered":"<p>1. \u00c5ker\u00f6<br \/>\n<strong>2. Syyssoitto<br \/>\n<\/strong><\/p>\n<!--[if lt IE 9]><script>document.createElement('audio');<\/script><![endif]-->\n<audio class=\"wp-audio-shortcode\" id=\"audio-3499-1\" preload=\"none\" style=\"width: 100%;\" controls=\"controls\"><source type=\"audio\/mpeg\" src=\"https:\/\/etno.net\/wp-content\/uploads\/2021\/10\/akero_syyssoitto_etnonet.mp3?_=1\" \/><a href=\"https:\/\/etno.net\/wp-content\/uploads\/2021\/10\/akero_syyssoitto_etnonet.mp3\">https:\/\/etno.net\/wp-content\/uploads\/2021\/10\/akero_syyssoitto_etnonet.mp3<\/a><\/audio>\n<p>3. Koskaan et muuttua saa<br \/>\n4. Kaipaus<br \/>\n5. Viola<br \/>\n6. Y\u00f6tuulet<br \/>\n<strong>7. Kohti Pispalaa<br \/>\n<\/strong><\/p>\n<audio class=\"wp-audio-shortcode\" id=\"audio-3499-2\" preload=\"none\" style=\"width: 100%;\" controls=\"controls\"><source type=\"audio\/mpeg\" src=\"https:\/\/etno.net\/wp-content\/uploads\/2021\/10\/akero_kohti_piispalaa_etnonet.mp3?_=2\" \/><a href=\"https:\/\/etno.net\/wp-content\/uploads\/2021\/10\/akero_kohti_piispalaa_etnonet.mp3\">https:\/\/etno.net\/wp-content\/uploads\/2021\/10\/akero_kohti_piispalaa_etnonet.mp3<\/a><\/audio>\n<p>8. Tr\u00e4det<br \/>\n9. Gr\u00f6nbacka<br \/>\n10. Kengo-Antas vals<br \/>\n<strong>11. Ta in hiid in fiol<br \/>\n<\/strong><\/p>\n<audio class=\"wp-audio-shortcode\" id=\"audio-3499-3\" preload=\"none\" style=\"width: 100%;\" controls=\"controls\"><source type=\"audio\/mpeg\" src=\"https:\/\/etno.net\/wp-content\/uploads\/2021\/10\/akero_ta_in_hiid_in_fiol_etnonet.mp3?_=3\" \/><a href=\"https:\/\/etno.net\/wp-content\/uploads\/2021\/10\/akero_ta_in_hiid_in_fiol_etnonet.mp3\">https:\/\/etno.net\/wp-content\/uploads\/2021\/10\/akero_ta_in_hiid_in_fiol_etnonet.mp3<\/a><\/audio>\n<p>12. Vaiennut viulu<br \/>\n13. Silta<br \/>\n14. Soittajan kaipuu<\/p>\n<p><strong>Maria Kalaniemi<\/strong> accordion<br \/>\n<strong>Timo Alakotila<\/strong> piano<\/p>\n<p>Vierailevat muusikot:<br \/>\n<strong>Tero Lindberg<\/strong> trumpet<br \/>\n<strong>Heikko Pohto<\/strong> alto saxophone<br \/>\n<strong>Antti Rissanen<\/strong> trombone<br \/>\n<strong>Anssi Nyk\u00e4nen<\/strong> drums, percussion<\/p>\n<p>\u00c4\u00e4nitys ja miksaus: <strong>Risto Hemmi<\/strong>, <strong>Finnvox Studios<\/strong> Helsinki, 31.10-9.11.2011<\/p>\n<p>\u00c5ker\u00f6 Records<\/p>\n<p>Sibelius-Akatemian kansanmusiikki\u00e4\u00e4nitteit\u00e4\u00a0114<br \/>\n\u00c5KER\u00d6CD011<\/p>\n","protected":false},"excerpt":{"rendered":"<p>1. \u00c5ker\u00f6 2. Syyssoitto 3. Koskaan et muuttua saa 4. Kaipaus 5. Viola 6. Y\u00f6tuulet 7. Kohti Pispalaa 8. Tr\u00e4det 9. Gr\u00f6nbacka 10. Kengo-Antas vals 11. Ta in hiid in fiol 12. Vaiennut viulu 13. Silta 14. Soittajan kaipuu Maria Kalaniemi accordion Timo Alakotila piano Vierailevat muusikot: Tero Lindberg trumpet Heikko Pohto alto saxophone Antti [&hellip;]<\/p>\n","protected":false},"featured_media":3500,"comment_status":"closed","ping_status":"closed","template":"","meta":{"_acf_changed":false},"product_brand":[],"product_cat":[65],"product_tag":[],"class_list":{"0":"post-3499","1":"product","2":"type-product","3":"status-publish","4":"has-post-thumbnail","6":"product_cat-aanitteet","8":"first","9":"instock","10":"shipping-taxable","11":"product-type-simple"},"acf":[],"_links":{"self":[{"href":"https:\/\/etno.net\/en\/wp-json\/wp\/v2\/product\/3499","targetHints":{"allow":["GET"]}}],"collection":[{"href":"https:\/\/etno.net\/en\/wp-json\/wp\/v2\/product"}],"about":[{"href":"https:\/\/etno.net\/en\/wp-json\/wp\/v2\/types\/product"}],"replies":[{"embeddable":true,"href":"https:\/\/etno.net\/en\/wp-json\/wp\/v2\/comments?post=3499"}],"wp:featuredmedia":[{"embeddable":true,"href":"https:\/\/etno.net\/en\/wp-json\/wp\/v2\/media\/3500"}],"wp:attachment":[{"href":"https:\/\/etno.net\/en\/wp-json\/wp\/v2\/media?parent=3499"}],"wp:term":[{"taxonomy":"product_brand","embeddable":true,"href":"https:\/\/etno.net\/en\/wp-json\/wp\/v2\/product_brand?post=3499"},{"taxonomy":"product_cat","embeddable":true,"href":"https:\/\/etno.net\/en\/wp-json\/wp\/v2\/product_cat?post=3499"},{"taxonomy":"product_tag","embeddable":true,"href":"https:\/\/etno.net\/en\/wp-json\/wp\/v2\/product_tag?post=3499"}],"curies":[{"name":"wp","href":"https:\/\/api.w.org\/{rel}","templated":true}]}}