{"id":3508,"date":"2021-10-27T09:54:56","date_gmt":"2021-10-27T07:54:56","guid":{"rendered":"https:\/\/etno.net\/?post_type=product&#038;p=3508"},"modified":"2021-10-27T09:54:56","modified_gmt":"2021-10-27T07:54:56","slug":"duo-emilia-lajunen-suvi-oskala-tyttorinki","status":"publish","type":"product","link":"https:\/\/etno.net\/en\/julkaisu\/aanitteet\/duo-emilia-lajunen-suvi-oskala-tyttorinki","title":{"rendered":"Duo Emilia Lajunen &amp; Suvi Oskala: Tytt\u00f6rinki"},"content":{"rendered":"<p><strong>1. Joutsen Polska<br \/>\n<\/strong><\/p>\n<!--[if lt IE 9]><script>document.createElement('audio');<\/script><![endif]-->\n<audio class=\"wp-audio-shortcode\" id=\"audio-3508-1\" preload=\"none\" style=\"width: 100%;\" controls=\"controls\"><source type=\"audio\/mpeg\" src=\"https:\/\/etno.net\/wp-content\/uploads\/2021\/10\/tyttorinki_joutsen_polska_etnonet.mp3?_=1\" \/><a href=\"https:\/\/etno.net\/wp-content\/uploads\/2021\/10\/tyttorinki_joutsen_polska_etnonet.mp3\">https:\/\/etno.net\/wp-content\/uploads\/2021\/10\/tyttorinki_joutsen_polska_etnonet.mp3<\/a><\/audio>\n<p>2. Sipin Masurkka<br \/>\n3. M\u00e4kel\u00e4\u00e4sen Tulopeli<br \/>\n<strong>4. Madetojan Polska<br \/>\n<\/strong><\/p>\n<audio class=\"wp-audio-shortcode\" id=\"audio-3508-2\" preload=\"none\" style=\"width: 100%;\" controls=\"controls\"><source type=\"audio\/mpeg\" src=\"https:\/\/etno.net\/wp-content\/uploads\/2021\/10\/tyttorinki_madetojan_polska_etnonet.mp3?_=2\" \/><a href=\"https:\/\/etno.net\/wp-content\/uploads\/2021\/10\/tyttorinki_madetojan_polska_etnonet.mp3\">https:\/\/etno.net\/wp-content\/uploads\/2021\/10\/tyttorinki_madetojan_polska_etnonet.mp3<\/a><\/audio>\n<p>5. Polkka<br \/>\n6. Polskan<br \/>\n<strong>7. Kuuden Ruplan Valssi<br \/>\n<\/strong><\/p>\n<audio class=\"wp-audio-shortcode\" id=\"audio-3508-3\" preload=\"none\" style=\"width: 100%;\" controls=\"controls\"><source type=\"audio\/mpeg\" src=\"https:\/\/etno.net\/wp-content\/uploads\/2021\/10\/tyttorinki_kuuden_ruplan_valssi_etnonet.mp3?_=3\" \/><a href=\"https:\/\/etno.net\/wp-content\/uploads\/2021\/10\/tyttorinki_kuuden_ruplan_valssi_etnonet.mp3\">https:\/\/etno.net\/wp-content\/uploads\/2021\/10\/tyttorinki_kuuden_ruplan_valssi_etnonet.mp3<\/a><\/audio>\n<p>8. Evij\u00e4rvel\u00e4inen Jenkka<br \/>\n9. Lampolan Polkka<br \/>\n10. Starc &amp; Tytt\u00f6rinki<\/p>\n<p>Kaikki s\u00e4velm\u00e4t trad.<\/p>\n<p>Kaikki sovitukset<br \/>\n<strong>Emilia Lajunen<\/strong><br \/>\n<strong>Suvi Oskala<\/strong><\/p>\n<p>\u00c4\u00e4nitetty <strong>Kallio-kuninkalan studiossa<\/strong>, J\u00e4rvenp\u00e4\u00e4ss\u00e4<br \/>\n\u00c4\u00e4nitys ja miksaus <strong>Samuli Volanto<\/strong><br \/>\nMasterointi <strong>Pauli Saastamoinen<\/strong>, Finnvox, Helsinki<\/p>\n<p><strong>Suvi ja Emilia<\/strong> soittavat <strong>Per Klingan<\/strong> rakentamilla ja suunnittelemilla viisikielisill\u00e4 viuluilla<\/p>\n<p>Sibelius-Akatemian kansanmusiikki\u00e4\u00e4nitteit\u00e4 121<br \/>\nSUVISCD03<\/p>\n","protected":false},"excerpt":{"rendered":"<p>1. Joutsen Polska 2. Sipin Masurkka 3. M\u00e4kel\u00e4\u00e4sen Tulopeli 4. Madetojan Polska 5. Polkka 6. Polskan 7. Kuuden Ruplan Valssi 8. Evij\u00e4rvel\u00e4inen Jenkka 9. Lampolan Polkka 10. Starc &amp; Tytt\u00f6rinki Kaikki s\u00e4velm\u00e4t trad. Kaikki sovitukset Emilia Lajunen Suvi Oskala \u00c4\u00e4nitetty Kallio-kuninkalan studiossa, J\u00e4rvenp\u00e4\u00e4ss\u00e4 \u00c4\u00e4nitys ja miksaus Samuli Volanto Masterointi Pauli Saastamoinen, Finnvox, Helsinki Suvi ja [&hellip;]<\/p>\n","protected":false},"featured_media":3509,"comment_status":"closed","ping_status":"closed","template":"","meta":{"_acf_changed":false},"product_brand":[],"product_cat":[65],"product_tag":[],"class_list":{"0":"post-3508","1":"product","2":"type-product","3":"status-publish","4":"has-post-thumbnail","6":"product_cat-aanitteet","8":"first","9":"instock","10":"shipping-taxable","11":"product-type-simple"},"acf":[],"_links":{"self":[{"href":"https:\/\/etno.net\/en\/wp-json\/wp\/v2\/product\/3508","targetHints":{"allow":["GET"]}}],"collection":[{"href":"https:\/\/etno.net\/en\/wp-json\/wp\/v2\/product"}],"about":[{"href":"https:\/\/etno.net\/en\/wp-json\/wp\/v2\/types\/product"}],"replies":[{"embeddable":true,"href":"https:\/\/etno.net\/en\/wp-json\/wp\/v2\/comments?post=3508"}],"wp:featuredmedia":[{"embeddable":true,"href":"https:\/\/etno.net\/en\/wp-json\/wp\/v2\/media\/3509"}],"wp:attachment":[{"href":"https:\/\/etno.net\/en\/wp-json\/wp\/v2\/media?parent=3508"}],"wp:term":[{"taxonomy":"product_brand","embeddable":true,"href":"https:\/\/etno.net\/en\/wp-json\/wp\/v2\/product_brand?post=3508"},{"taxonomy":"product_cat","embeddable":true,"href":"https:\/\/etno.net\/en\/wp-json\/wp\/v2\/product_cat?post=3508"},{"taxonomy":"product_tag","embeddable":true,"href":"https:\/\/etno.net\/en\/wp-json\/wp\/v2\/product_tag?post=3508"}],"curies":[{"name":"wp","href":"https:\/\/api.w.org\/{rel}","templated":true}]}}