{"id":3510,"date":"2021-10-27T09:55:03","date_gmt":"2021-10-27T07:55:03","guid":{"rendered":"https:\/\/etno.net\/?post_type=product&#038;p=3510"},"modified":"2021-10-27T09:55:03","modified_gmt":"2021-10-27T07:55:03","slug":"pelios-gourmet","status":"publish","type":"product","link":"https:\/\/etno.net\/en\/julkaisu\/aanitteet\/pelios-gourmet","title":{"rendered":"Pelios: Gourmet!"},"content":{"rendered":"<p><strong>1. Systarna<br \/>\n<\/strong><\/p>\n<!--[if lt IE 9]><script>document.createElement('audio');<\/script><![endif]-->\n<audio class=\"wp-audio-shortcode\" id=\"audio-3510-1\" preload=\"none\" style=\"width: 100%;\" controls=\"controls\"><source type=\"audio\/mpeg\" src=\"https:\/\/etno.net\/wp-content\/uploads\/2021\/10\/pelios_systarna_etnonet.mp3?_=1\" \/><a href=\"https:\/\/etno.net\/wp-content\/uploads\/2021\/10\/pelios_systarna_etnonet.mp3\">https:\/\/etno.net\/wp-content\/uploads\/2021\/10\/pelios_systarna_etnonet.mp3<\/a><\/audio>\n<p>2. Vallipigan och Konungen<br \/>\n3. Ljusgangar<br \/>\n4. Elverumsvisan<br \/>\n<strong>5. Vals om Kv\u00e4llen<br \/>\n<\/strong><\/p>\n<audio class=\"wp-audio-shortcode\" id=\"audio-3510-2\" preload=\"none\" style=\"width: 100%;\" controls=\"controls\"><source type=\"audio\/mpeg\" src=\"https:\/\/etno.net\/wp-content\/uploads\/2021\/10\/pelios_vals_om_kvallen_etnonet.mp3?_=2\" \/><a href=\"https:\/\/etno.net\/wp-content\/uploads\/2021\/10\/pelios_vals_om_kvallen_etnonet.mp3\">https:\/\/etno.net\/wp-content\/uploads\/2021\/10\/pelios_vals_om_kvallen_etnonet.mp3<\/a><\/audio>\n<p>6. V\u00e4ntan<br \/>\n7. Unger Sven<br \/>\n8. Fyra Flickor<br \/>\n<strong>9. Bara Du<br \/>\n<\/strong><\/p>\n<audio class=\"wp-audio-shortcode\" id=\"audio-3510-3\" preload=\"none\" style=\"width: 100%;\" controls=\"controls\"><source type=\"audio\/mpeg\" src=\"https:\/\/etno.net\/wp-content\/uploads\/2021\/10\/pelios_bara_du_etnonet.mp3?_=3\" \/><a href=\"https:\/\/etno.net\/wp-content\/uploads\/2021\/10\/pelios_bara_du_etnonet.mp3\">https:\/\/etno.net\/wp-content\/uploads\/2021\/10\/pelios_bara_du_etnonet.mp3<\/a><\/audio>\n<p>10. Tordyveln och Flugan<br \/>\n11. Rocken Snurrar<br \/>\n12. Roddarvisa<\/p>\n<p>All arrangements by <strong>Pelios<\/strong>, except for track 5 arr. by <strong>Suvi Oskala<br \/>\n<\/strong>Featuring<strong> Milla Viljamaa<\/strong>, rhodes on track 9<br \/>\n<strong>Suvi&#8217;s<\/strong> instrument is a five-string fiddle, Violina, built and designed by <strong>Per Klinga<\/strong><br \/>\nProduced by <strong>Pelios<\/strong>, sp\u00e5r, track 9 produced by<strong> Pelios<\/strong> and <strong>Hannu Oskala<\/strong><br \/>\nRecorded in <strong>Kallio-Kuninkala studios<\/strong> in J\u00e4rvenp\u00e4\u00e4, Finland<br \/>\nRecorded, mixed and mastered by <strong>Hannu Oskala<\/strong><\/p>\n<p>Sibelius-Akatemian kansanmusiikki\u00e4\u00e4nitteit\u00e4 120<br \/>\nSUVISCD02<\/p>\n","protected":false},"excerpt":{"rendered":"<p>1. Systarna 2. Vallipigan och Konungen 3. Ljusgangar 4. Elverumsvisan 5. Vals om Kv\u00e4llen 6. V\u00e4ntan 7. Unger Sven 8. Fyra Flickor 9. Bara Du 10. Tordyveln och Flugan 11. Rocken Snurrar 12. Roddarvisa All arrangements by Pelios, except for track 5 arr. by Suvi Oskala Featuring Milla Viljamaa, rhodes on track 9 Suvi&#8217;s instrument [&hellip;]<\/p>\n","protected":false},"featured_media":3511,"comment_status":"closed","ping_status":"closed","template":"","meta":{"_acf_changed":false},"product_brand":[],"product_cat":[65],"product_tag":[],"class_list":{"0":"post-3510","1":"product","2":"type-product","3":"status-publish","4":"has-post-thumbnail","6":"product_cat-aanitteet","8":"first","9":"instock","10":"shipping-taxable","11":"product-type-simple"},"acf":[],"_links":{"self":[{"href":"https:\/\/etno.net\/en\/wp-json\/wp\/v2\/product\/3510","targetHints":{"allow":["GET"]}}],"collection":[{"href":"https:\/\/etno.net\/en\/wp-json\/wp\/v2\/product"}],"about":[{"href":"https:\/\/etno.net\/en\/wp-json\/wp\/v2\/types\/product"}],"replies":[{"embeddable":true,"href":"https:\/\/etno.net\/en\/wp-json\/wp\/v2\/comments?post=3510"}],"wp:featuredmedia":[{"embeddable":true,"href":"https:\/\/etno.net\/en\/wp-json\/wp\/v2\/media\/3511"}],"wp:attachment":[{"href":"https:\/\/etno.net\/en\/wp-json\/wp\/v2\/media?parent=3510"}],"wp:term":[{"taxonomy":"product_brand","embeddable":true,"href":"https:\/\/etno.net\/en\/wp-json\/wp\/v2\/product_brand?post=3510"},{"taxonomy":"product_cat","embeddable":true,"href":"https:\/\/etno.net\/en\/wp-json\/wp\/v2\/product_cat?post=3510"},{"taxonomy":"product_tag","embeddable":true,"href":"https:\/\/etno.net\/en\/wp-json\/wp\/v2\/product_tag?post=3510"}],"curies":[{"name":"wp","href":"https:\/\/api.w.org\/{rel}","templated":true}]}}