{"id":3521,"date":"2021-11-05T11:20:16","date_gmt":"2021-11-05T09:20:16","guid":{"rendered":"https:\/\/etno.net\/?post_type=product&#038;p=3521"},"modified":"2021-11-05T11:27:13","modified_gmt":"2021-11-05T09:27:13","slug":"voi-kun-osais-soittaa-viulun-soiton-aloittaminen-multi-instrumentalistin-nakokulmasta","status":"publish","type":"product","link":"https:\/\/etno.net\/en\/julkaisu\/opinnaytteet\/maisteriopinnot\/voi-kun-osais-soittaa-viulun-soiton-aloittaminen-multi-instrumentalistin-nakokulmasta","title":{"rendered":"Voi kun osais soittaa Viulun soiton aloittaminen multi-instrumentalistin n\u00e4k\u00f6kulmasta"},"content":{"rendered":"<h2>Sis\u00e4llys<\/h2>\n<p><strong>1 Johdanto<\/strong><\/p>\n<p><strong>2 Taustaa<\/strong><\/p>\n<p style=\"padding-left: 40px\">2.1 Musiikillinen kasvuymp\u00e4rist\u00f6<br \/>\n2.2 Musiikkiopinnot<br \/>\n2.3 Muusikon ty\u00f6<\/p>\n<p><strong>3 Multi-instrumentalismi<\/strong><\/p>\n<p style=\"padding-left: 40px\">3.1 Harmooni ja piano<br \/>\n3.2 Kitara, kantele ja mandoliini<br \/>\n3.3 Nokkahuilu<br \/>\n3.4 V\u00e4h\u00e4riviset haitarit<br \/>\n3.5\u00a0Viulu<\/p>\n<p><strong>4 Soittotunnit<\/strong><\/p>\n<p style=\"padding-left: 40px\">4.1 Ensimm\u00e4inen tunti<br \/>\n4.2 Toinen tunti<br \/>\n4.3 Kolmas tunti<br \/>\n4.4 Nelj\u00e4s tunti<br \/>\n4.5 Viides tunti<br \/>\n4.6 Kuudes tunti<br \/>\n4.7 Seitsem\u00e4s tunti<br \/>\n4.8 Kahdeksas tunti<br \/>\n4.9 Yhdeks\u00e4s tunti<br \/>\n4.10 Kymmenes tunti<\/p>\n<p><strong>5 Viulunsoitto kosketinsoittajan n\u00e4k\u00f6kulmasta<\/strong><\/p>\n<p style=\"padding-left: 40px\">5.1 Viulu ja piano<br \/>\n5.2 Viulu ja harmooni<\/p>\n<p><strong>6 Pohdintaa<\/strong><\/p>\n<p>&nbsp;<\/p>\n<h2 style=\"margin-top: 6.0pt\"><span style=\"font-style: normal\">Johdanto<\/span><\/h2>\n<p class=\"Standard\" style=\"margin: 6.0pt 0cm 6.0pt 0cm\">T\u00e4ss\u00e4 projektity\u00f6ss\u00e4 pohdin viulun soittamisen aloittamista muun muusikon osaamiseni valossa. Tarkastelen viiden kuukauden aikana saamiani viulutunteja ja sit\u00e4, miten aikaisemmat kokemukset eri soitinten parissa edesauttoivat viulunsoiton oppimista niin motorisella kuin esteettisell\u00e4kin tasolla.<\/p>","protected":false},"excerpt":{"rendered":"<p>Projektity\u00f6<br \/>\nSibelius Akatemian kansanmusiikin maisteriopinnot<br \/>\nKansanmusiikin aineryhm\u00e4<br \/>\nTaideyliopiston Sibelius-Akatemia<br \/>\n2021<\/p>","protected":false},"featured_media":0,"comment_status":"closed","ping_status":"closed","template":"","meta":{"_acf_changed":false},"product_brand":[],"product_cat":[81,76],"product_tag":[],"class_list":{"0":"post-3521","1":"product","2":"type-product","3":"status-publish","5":"product_cat-maisteriopinnot","6":"product_cat-opinnaytteet","8":"first","9":"instock","10":"shipping-taxable","11":"product-type-simple"},"acf":[],"_links":{"self":[{"href":"https:\/\/etno.net\/en\/wp-json\/wp\/v2\/product\/3521","targetHints":{"allow":["GET"]}}],"collection":[{"href":"https:\/\/etno.net\/en\/wp-json\/wp\/v2\/product"}],"about":[{"href":"https:\/\/etno.net\/en\/wp-json\/wp\/v2\/types\/product"}],"replies":[{"embeddable":true,"href":"https:\/\/etno.net\/en\/wp-json\/wp\/v2\/comments?post=3521"}],"wp:attachment":[{"href":"https:\/\/etno.net\/en\/wp-json\/wp\/v2\/media?parent=3521"}],"wp:term":[{"taxonomy":"product_brand","embeddable":true,"href":"https:\/\/etno.net\/en\/wp-json\/wp\/v2\/product_brand?post=3521"},{"taxonomy":"product_cat","embeddable":true,"href":"https:\/\/etno.net\/en\/wp-json\/wp\/v2\/product_cat?post=3521"},{"taxonomy":"product_tag","embeddable":true,"href":"https:\/\/etno.net\/en\/wp-json\/wp\/v2\/product_tag?post=3521"}],"curies":[{"name":"wp","href":"https:\/\/api.w.org\/{rel}","templated":true}]}}