{"id":3525,"date":"2021-11-11T11:13:30","date_gmt":"2021-11-11T09:13:30","guid":{"rendered":"https:\/\/etno.net\/?post_type=product&#038;p=3525"},"modified":"2022-08-17T18:45:54","modified_gmt":"2022-08-17T16:45:54","slug":"maria-kalaniemi-kevaan-kurjet","status":"publish","type":"product","link":"https:\/\/etno.net\/en\/julkaisu\/aanitteet\/maria-kalaniemi-kevaan-kurjet","title":{"rendered":"Maria Kalaniemi: Kev\u00e4\u00e4n Kurjet"},"content":{"rendered":"<p>Liitelevy <strong>Maria Kalaniemen <\/strong>ohjelmistoa harmonikalle kirjalle, Sibelius-Akatemian kansanmusiikin osaston julkaisuja 14.<\/p>\n<p>1. Kuun henki<br \/>\n<strong>2. Skymningspolskan<br \/>\n<\/strong><\/p>\n<!--[if lt IE 9]><script>document.createElement('audio');<\/script><![endif]-->\n<audio class=\"wp-audio-shortcode\" id=\"audio-3525-1\" preload=\"none\" style=\"width: 100%;\" controls=\"controls\"><source type=\"audio\/mpeg\" src=\"https:\/\/etno.net\/wp-content\/uploads\/2021\/11\/kevaan_kurjet_kpl2.mp3?_=1\" \/><a href=\"https:\/\/etno.net\/wp-content\/uploads\/2021\/11\/kevaan_kurjet_kpl2.mp3\">https:\/\/etno.net\/wp-content\/uploads\/2021\/11\/kevaan_kurjet_kpl2.mp3<\/a><\/audio>\n<p>3. Kamppi<br \/>\n4. Linj\u00e4rv<br \/>\n<strong>5. Olin sairas kun luokseni saavuit<br \/>\n<\/strong><\/p>\n<audio class=\"wp-audio-shortcode\" id=\"audio-3525-2\" preload=\"none\" style=\"width: 100%;\" controls=\"controls\"><source type=\"audio\/mpeg\" src=\"https:\/\/etno.net\/wp-content\/uploads\/2021\/11\/kevaan_kurjet_kpl5.mp3?_=2\" \/><a href=\"https:\/\/etno.net\/wp-content\/uploads\/2021\/11\/kevaan_kurjet_kpl5.mp3\">https:\/\/etno.net\/wp-content\/uploads\/2021\/11\/kevaan_kurjet_kpl5.mp3<\/a><\/audio>\n<p>6. Kev\u00e4\u00e4n kurjet<br \/>\n7. Kaamos<br \/>\n<strong>8. Istunpa s\u00e4nkys laitalla<br \/>\n<\/strong><\/p>\n<audio class=\"wp-audio-shortcode\" id=\"audio-3525-3\" preload=\"none\" style=\"width: 100%;\" controls=\"controls\"><source type=\"audio\/mpeg\" src=\"https:\/\/etno.net\/wp-content\/uploads\/2021\/11\/kevaan_kurjet_kpl8.mp3?_=3\" \/><a href=\"https:\/\/etno.net\/wp-content\/uploads\/2021\/11\/kevaan_kurjet_kpl8.mp3\">https:\/\/etno.net\/wp-content\/uploads\/2021\/11\/kevaan_kurjet_kpl8.mp3<\/a><\/audio>\n<p>10. Ahma<br \/>\n11. Lovina<br \/>\n12. Oradea<br \/>\n13. Jusslin<br \/>\n14.\u00a0 Napoleon<\/p>\n<p>Sibelius-Akatemian kansanmusiikki\u00e4\u00e4nitteit\u00e4 84<br \/>\nSibKaCD 084<\/p>\n","protected":false},"excerpt":{"rendered":"<p>Liitelevy Maria Kalaniemen ohjelmistoa harmonikalle kirjalle, Sibelius-Akatemian kansanmusiikin osaston julkaisuja 14. 1. Kuun henki 2. Skymningspolskan 3. Kamppi 4. Linj\u00e4rv 5. Olin sairas kun luokseni saavuit 6. Kev\u00e4\u00e4n kurjet 7. Kaamos 8. Istunpa s\u00e4nkys laitalla 10. Ahma 11. Lovina 12. Oradea 13. Jusslin 14.\u00a0 Napoleon Sibelius-Akatemian kansanmusiikki\u00e4\u00e4nitteit\u00e4 84 SibKaCD 084<\/p>","protected":false},"featured_media":3526,"comment_status":"closed","ping_status":"closed","template":"","meta":{"_acf_changed":false},"product_brand":[],"product_cat":[65],"product_tag":[],"class_list":{"0":"post-3525","1":"product","2":"type-product","3":"status-publish","4":"has-post-thumbnail","6":"product_cat-aanitteet","8":"first","9":"instock","10":"shipping-taxable","11":"product-type-simple"},"acf":[],"_links":{"self":[{"href":"https:\/\/etno.net\/en\/wp-json\/wp\/v2\/product\/3525","targetHints":{"allow":["GET"]}}],"collection":[{"href":"https:\/\/etno.net\/en\/wp-json\/wp\/v2\/product"}],"about":[{"href":"https:\/\/etno.net\/en\/wp-json\/wp\/v2\/types\/product"}],"replies":[{"embeddable":true,"href":"https:\/\/etno.net\/en\/wp-json\/wp\/v2\/comments?post=3525"}],"wp:featuredmedia":[{"embeddable":true,"href":"https:\/\/etno.net\/en\/wp-json\/wp\/v2\/media\/3526"}],"wp:attachment":[{"href":"https:\/\/etno.net\/en\/wp-json\/wp\/v2\/media?parent=3525"}],"wp:term":[{"taxonomy":"product_brand","embeddable":true,"href":"https:\/\/etno.net\/en\/wp-json\/wp\/v2\/product_brand?post=3525"},{"taxonomy":"product_cat","embeddable":true,"href":"https:\/\/etno.net\/en\/wp-json\/wp\/v2\/product_cat?post=3525"},{"taxonomy":"product_tag","embeddable":true,"href":"https:\/\/etno.net\/en\/wp-json\/wp\/v2\/product_tag?post=3525"}],"curies":[{"name":"wp","href":"https:\/\/api.w.org\/{rel}","templated":true}]}}