{"id":3546,"date":"2022-01-10T10:41:15","date_gmt":"2022-01-10T08:41:15","guid":{"rendered":"https:\/\/etno.net\/?post_type=product&#038;p=3546"},"modified":"2025-02-10T16:22:18","modified_gmt":"2025-02-10T14:22:18","slug":"ritva-nero-immortal-tradition","status":"publish","type":"product","link":"https:\/\/etno.net\/en\/julkaisu\/aanitteet\/ritva-nero-immortal-tradition","title":{"rendered":"Ritva Nero: Immortal Tradition"},"content":{"rendered":"<p><a href=\"https:\/\/etno.net\/wp-content\/uploads\/2022\/05\/ritva_nero_immortal_tradition_vihkonen.pdf\">CD booklet (PDF)<\/a><\/p>\n<p><strong>Immortal Tradition<\/strong> is a collection of dances that were fashionable in the 1800s; such as polka, mazurka and maanitus, that have now in true spirit of the 21st century evolved into massive festival thunder. Explosive elements have been borrowed from the metal tradition of today, whereas the melodies drew their inspiration from dance repertoires that were present, and partly still are, in the Finnish and Border Karelian regions.<\/p>\n<p><strong>Sanna Salonen<\/strong> Soprano Saxophone<br \/>\n<strong>Petri Prauda<\/strong> Bagpipes, Jew&#8217;s Harp<br \/>\n<strong>Emilia Lajunen<\/strong> Nyckelharp, Kontrabasharpa<br \/>\n<strong>Jani Snellman<\/strong> Electric Bass<br \/>\n<strong>Patrik F\u00e4lt<\/strong> Drums<\/p>\n<p>On tracks 1, 2, 3, 4 &amp; 9 <strong>Hanna Ryyn\u00e4nen<\/strong> &#8211; Concert Kantele, Saarij\u00e4rvi Kantele<br \/>\nOn track 6 <strong>Sirpa Juvonen<\/strong> &amp; <strong>Petri Prauda<\/strong> &#8211; Voice<\/p>\n<p>Recorded by <strong>Samuli Volanto<\/strong> at Kallio-Kuninkala, J\u00e4rvenp\u00e4\u00e4<br \/>\nMixed by <strong>Samuli Volanto<\/strong> at Matkastudio, Tampere<br \/>\nMastered by <strong>Mika Jussila<\/strong>, Finnvox Studio, Helsinki<br \/>\nExecutive producer<strong> Jyri Lehtonen<\/strong> \/ Bafe&#8217;s Factory<br \/>\nPublished by Bafe&#8217;s Factor<\/p>\n<p>1. Trepatska Thrasher<br \/>\n<strong>2. Slayer of Schottische<br \/>\n<\/strong><\/p>\n<!--[if lt IE 9]><script>document.createElement('audio');<\/script><![endif]-->\n<audio class=\"wp-audio-shortcode\" id=\"audio-3546-1\" preload=\"none\" style=\"width: 100%;\" controls=\"controls\"><source type=\"audio\/mpeg\" src=\"https:\/\/etno.net\/wp-content\/uploads\/2022\/01\/ritva_nero_slayer_of_schottische.mp3?_=1\" \/><a href=\"https:\/\/etno.net\/wp-content\/uploads\/2022\/01\/ritva_nero_slayer_of_schottische.mp3\">https:\/\/etno.net\/wp-content\/uploads\/2022\/01\/ritva_nero_slayer_of_schottische.mp3<\/a><\/audio>\n<p>3. Moshpit Mazurka<br \/>\n4. Megapolka<br \/>\n<strong>5. Rahapolska Helsingist\u00e4<br \/>\n<\/strong><\/p>\n<audio class=\"wp-audio-shortcode\" id=\"audio-3546-2\" preload=\"none\" style=\"width: 100%;\" controls=\"controls\"><source type=\"audio\/mpeg\" src=\"https:\/\/etno.net\/wp-content\/uploads\/2022\/01\/ritva_nero_rahapolska_helsingista.mp3?_=2\" \/><a href=\"https:\/\/etno.net\/wp-content\/uploads\/2022\/01\/ritva_nero_rahapolska_helsingista.mp3\">https:\/\/etno.net\/wp-content\/uploads\/2022\/01\/ritva_nero_rahapolska_helsingista.mp3<\/a><\/audio>\n<p>6. Kaks&#8217;askelvalssi<br \/>\n7. Dragon Quadrille<br \/>\n<strong>8. Rutvan Polkka<br \/>\n<\/strong><\/p>\n<audio class=\"wp-audio-shortcode\" id=\"audio-3546-3\" preload=\"none\" style=\"width: 100%;\" controls=\"controls\"><source type=\"audio\/mpeg\" src=\"https:\/\/etno.net\/wp-content\/uploads\/2022\/01\/ritva_nero_rutvan_polkka.mp3?_=3\" \/><a href=\"https:\/\/etno.net\/wp-content\/uploads\/2022\/01\/ritva_nero_rutvan_polkka.mp3\">https:\/\/etno.net\/wp-content\/uploads\/2022\/01\/ritva_nero_rutvan_polkka.mp3<\/a><\/audio>\n<p>9. Master of Maanitus<\/p>\n","protected":false},"excerpt":{"rendered":"<p>CD booklet (PDF) Immortal Tradition is a collection of dances that were fashionable in the 1800s; such as polka, mazurka and maanitus, that have now in true spirit of the 21st century evolved into massive festival thunder. Explosive elements have been borrowed from the metal tradition of today, whereas the melodies drew their inspiration from [&hellip;]<\/p>\n","protected":false},"featured_media":4092,"comment_status":"closed","ping_status":"closed","template":"","meta":{"_acf_changed":false},"product_brand":[],"product_cat":[65],"product_tag":[],"class_list":{"0":"post-3546","1":"product","2":"type-product","3":"status-publish","4":"has-post-thumbnail","6":"product_cat-aanitteet","8":"first","9":"instock","10":"shipping-taxable","11":"product-type-simple"},"acf":[],"_links":{"self":[{"href":"https:\/\/etno.net\/en\/wp-json\/wp\/v2\/product\/3546","targetHints":{"allow":["GET"]}}],"collection":[{"href":"https:\/\/etno.net\/en\/wp-json\/wp\/v2\/product"}],"about":[{"href":"https:\/\/etno.net\/en\/wp-json\/wp\/v2\/types\/product"}],"replies":[{"embeddable":true,"href":"https:\/\/etno.net\/en\/wp-json\/wp\/v2\/comments?post=3546"}],"wp:featuredmedia":[{"embeddable":true,"href":"https:\/\/etno.net\/en\/wp-json\/wp\/v2\/media\/4092"}],"wp:attachment":[{"href":"https:\/\/etno.net\/en\/wp-json\/wp\/v2\/media?parent=3546"}],"wp:term":[{"taxonomy":"product_brand","embeddable":true,"href":"https:\/\/etno.net\/en\/wp-json\/wp\/v2\/product_brand?post=3546"},{"taxonomy":"product_cat","embeddable":true,"href":"https:\/\/etno.net\/en\/wp-json\/wp\/v2\/product_cat?post=3546"},{"taxonomy":"product_tag","embeddable":true,"href":"https:\/\/etno.net\/en\/wp-json\/wp\/v2\/product_tag?post=3546"}],"curies":[{"name":"wp","href":"https:\/\/api.w.org\/{rel}","templated":true}]}}