{"id":3558,"date":"2022-05-11T11:12:21","date_gmt":"2022-05-11T09:12:21","guid":{"rendered":"https:\/\/etno.net\/?post_type=product&#038;p=3558"},"modified":"2025-02-10T16:17:57","modified_gmt":"2025-02-10T14:17:57","slug":"krishna-nagaraja-tales-from-norway","status":"publish","type":"product","link":"https:\/\/etno.net\/en\/julkaisu\/aanitteet\/krishna-nagaraja-tales-from-norway","title":{"rendered":"Krishna Nagaraja: Tales from Norway"},"content":{"rendered":"<p><strong>Stingar for string quartet (2020)<br \/>\n<\/strong>1. I. Udelt takt<br \/>\n<strong>2. II. Telespringar<br \/>\n<\/strong><\/p>\n<!--[if lt IE 9]><script>document.createElement('audio');<\/script><![endif]-->\n<audio class=\"wp-audio-shortcode\" id=\"audio-3558-1\" preload=\"none\" style=\"width: 100%;\" controls=\"controls\"><source type=\"audio\/mpeg\" src=\"https:\/\/etno.net\/wp-content\/uploads\/2022\/05\/talesfromnorwaytrack2.mp3?_=1\" \/><a href=\"https:\/\/etno.net\/wp-content\/uploads\/2022\/05\/talesfromnorwaytrack2.mp3\">https:\/\/etno.net\/wp-content\/uploads\/2022\/05\/talesfromnorwaytrack2.mp3<\/a><\/audio>\n<p>3. III. Valdresspringar<\/p>\n<p><strong>A Norwegian Suite for solo Hardanger fiddle (2019)<br \/>\n4. I. Lyarsl\u00e5tt<br \/>\n<\/strong><\/p>\n<audio class=\"wp-audio-shortcode\" id=\"audio-3558-2\" preload=\"none\" style=\"width: 100%;\" controls=\"controls\"><source type=\"audio\/mpeg\" src=\"https:\/\/etno.net\/wp-content\/uploads\/2022\/05\/talesfromnorwaytrack4.mp3?_=2\" \/><a href=\"https:\/\/etno.net\/wp-content\/uploads\/2022\/05\/talesfromnorwaytrack4.mp3\">https:\/\/etno.net\/wp-content\/uploads\/2022\/05\/talesfromnorwaytrack4.mp3<\/a><\/audio>\n<p>5. II. N\u00f8kkensl\u00e5tt<br \/>\n<strong>6. III. Huldresl\u00e5tt<br \/>\n<\/strong><\/p>\n<audio class=\"wp-audio-shortcode\" id=\"audio-3558-3\" preload=\"none\" style=\"width: 100%;\" controls=\"controls\"><source type=\"audio\/mpeg\" src=\"https:\/\/etno.net\/wp-content\/uploads\/2022\/05\/talesfromnorwaytrack6.mp3?_=3\" \/><a href=\"https:\/\/etno.net\/wp-content\/uploads\/2022\/05\/talesfromnorwaytrack6.mp3\">https:\/\/etno.net\/wp-content\/uploads\/2022\/05\/talesfromnorwaytrack6.mp3<\/a><\/audio>\n<p>7. IV. Vandresl\u00e5tt<\/p>\n<p>Total time 55:34<\/p>\n<p><strong>Krishna Nagaraja <\/strong>Hardanger fiddle, Recording Producer, Finland<br \/>\n<strong>Diego Ceruti <\/strong>Editing, mixing<br \/>\n<strong>Andrea De Bernardi <\/strong>Mastering, <strong>Eleven Mastering<\/strong>, Italy<br \/>\nStringar recorded at <strong>Organo Hall, Music Centre<\/strong>, Helsinki, Finland on 9-10 May 2021<\/p>\n<p>A Norwegian Suite recorded at: <strong>The Shelter (Matteo Tovaglieri)<\/strong> &#8211; Meda Italy<br \/>\ntracks 5 &amp; 7 on 17-18 June 2021 &amp; tracks 4 &amp; 6 on 29-30 June 2021<br \/>\nProducer, engineer, editor &amp; mastering <strong>Diego Ceruti<\/strong>, Italy<br \/>\nMastering <strong>Andrea De Bernardi, Eleven Mastering<\/strong>, Italy<\/p>\n<p>A&amp;R Challenge Classics <strong>Marcel Landman<\/strong> &amp; <strong>Valentine Laout<\/strong><br \/>\nLiner notes: <strong>Krishna Nagaraja<\/strong><br \/>\nCover painting by <strong>Ernst Josephson&#8217;s<\/strong> &#8221;Str\u00f6mkarlen&#8221;<br \/>\nProduct coordination &amp; booklet editing: <strong>Boudewijn Hagemans<\/strong><br \/>\nGraphic design: <strong>Natasja Wallenburg<\/strong> &amp; J<strong>uan Carlos Villarroel<\/strong><\/p>\n","protected":false},"excerpt":{"rendered":"<p>Stingar for string quartet (2020) 1. I. Udelt takt 2. II. Telespringar 3. III. Valdresspringar A Norwegian Suite for solo Hardanger fiddle (2019) 4. I. Lyarsl\u00e5tt 5. II. N\u00f8kkensl\u00e5tt 6. III. Huldresl\u00e5tt 7. IV. Vandresl\u00e5tt Total time 55:34 Krishna Nagaraja Hardanger fiddle, Recording Producer, Finland Diego Ceruti Editing, mixing Andrea De Bernardi Mastering, Eleven Mastering, [&hellip;]<\/p>\n","protected":false},"featured_media":4089,"comment_status":"closed","ping_status":"closed","template":"","meta":{"_acf_changed":false},"product_brand":[],"product_cat":[65],"product_tag":[],"class_list":{"0":"post-3558","1":"product","2":"type-product","3":"status-publish","4":"has-post-thumbnail","6":"product_cat-aanitteet","8":"first","9":"instock","10":"shipping-taxable","11":"product-type-simple"},"acf":[],"_links":{"self":[{"href":"https:\/\/etno.net\/en\/wp-json\/wp\/v2\/product\/3558","targetHints":{"allow":["GET"]}}],"collection":[{"href":"https:\/\/etno.net\/en\/wp-json\/wp\/v2\/product"}],"about":[{"href":"https:\/\/etno.net\/en\/wp-json\/wp\/v2\/types\/product"}],"replies":[{"embeddable":true,"href":"https:\/\/etno.net\/en\/wp-json\/wp\/v2\/comments?post=3558"}],"wp:featuredmedia":[{"embeddable":true,"href":"https:\/\/etno.net\/en\/wp-json\/wp\/v2\/media\/4089"}],"wp:attachment":[{"href":"https:\/\/etno.net\/en\/wp-json\/wp\/v2\/media?parent=3558"}],"wp:term":[{"taxonomy":"product_brand","embeddable":true,"href":"https:\/\/etno.net\/en\/wp-json\/wp\/v2\/product_brand?post=3558"},{"taxonomy":"product_cat","embeddable":true,"href":"https:\/\/etno.net\/en\/wp-json\/wp\/v2\/product_cat?post=3558"},{"taxonomy":"product_tag","embeddable":true,"href":"https:\/\/etno.net\/en\/wp-json\/wp\/v2\/product_tag?post=3558"}],"curies":[{"name":"wp","href":"https:\/\/api.w.org\/{rel}","templated":true}]}}