{"id":3567,"date":"2022-06-13T09:50:15","date_gmt":"2022-06-13T07:50:15","guid":{"rendered":"https:\/\/etno.net\/?post_type=product&#038;p=3567"},"modified":"2025-02-10T16:22:05","modified_gmt":"2025-02-10T14:22:05","slug":"tuultepesa","status":"publish","type":"product","link":"https:\/\/etno.net\/en\/julkaisu\/aanitteet\/tuultepesa","title":{"rendered":"Tuultenpes\u00e4: Vindstilla"},"content":{"rendered":"<p>Tuultenpes\u00e4n ilmaisu syntyy kymmenien erilaisten huilujen kuulaista ja karheankauniista s\u00e4vyist\u00e4. Vanhojen perinnes\u00e4velmien ohella kuullaan my\u00f6s uusia s\u00e4vellyksi\u00e4, ja useissa kappaleissa huilut s\u00e4est\u00e4v\u00e4t laulua. Yhteissoitto on v\u00e4lill\u00e4 meditatiivisen kelluvaa, keinuvaa ja hengitt\u00e4v\u00e4\u00e4, v\u00e4lill\u00e4 transsinomaisesti sykkiv\u00e4\u00e4 ja py\u00f6rteilev\u00e4\u00e4. Toistuvat rytmikuviot ja sovitusten kerroksellisuus synnytt\u00e4v\u00e4t uusia s\u00e4vyj\u00e4 ja sointikentti\u00e4.<\/p>\n<p>Tuultenpes\u00e4 is a Finnish-Swedish flute ensemble founded in spring 2016. In their music, you van hear an array of historical and contemporary flutes, recorders and whistles, joined in from time to time by vocals. The repertoire is based on the Nordic and Finno-Ugric folk music traditions, improvisation and new compositions. Tuultenpes\u00e4 was originally born as a collaboration project between two ensembles, <em>Wind on Wind<\/em> and <em>Zephyr.<\/em><\/p>\n<p>1 \u00a0Viseslaget 1:23<br \/>\n<strong>2 \u00a0Drops 3:06<\/strong><\/p>\n<!--[if lt IE 9]><script>document.createElement('audio');<\/script><![endif]-->\n<audio class=\"wp-audio-shortcode\" id=\"audio-3567-1\" preload=\"none\" style=\"width: 100%;\" controls=\"controls\"><source type=\"audio\/mpeg\" src=\"https:\/\/etno.net\/wp-content\/uploads\/2022\/06\/2_drops-1.mp3?_=1\" \/><a href=\"https:\/\/etno.net\/wp-content\/uploads\/2022\/06\/2_drops-1.mp3\">https:\/\/etno.net\/wp-content\/uploads\/2022\/06\/2_drops-1.mp3<\/a><\/audio>\n<p>3 \u00a0Monsoon 3:48<br \/>\n4 \u00a0Light Winds 0:43<br \/>\n5 \u00a0Omv\u00e4g l\u00e5ng \u2013 A Long Detour 5:06<br \/>\n<strong>6 \u00a0Haver\u00f6polskor 3:05<\/strong><\/p>\n<audio class=\"wp-audio-shortcode\" id=\"audio-3567-2\" preload=\"none\" style=\"width: 100%;\" controls=\"controls\"><source type=\"audio\/mpeg\" src=\"https:\/\/etno.net\/wp-content\/uploads\/2022\/06\/6_haveropolskor.mp3?_=2\" \/><a href=\"https:\/\/etno.net\/wp-content\/uploads\/2022\/06\/6_haveropolskor.mp3\">https:\/\/etno.net\/wp-content\/uploads\/2022\/06\/6_haveropolskor.mp3<\/a><\/audio>\n<p>7 \u00a0Lumisade \u2013 Snowfall 3:43<br \/>\n8 \u00a0Sisot \u2013 Sisters 2:58<br \/>\n9 \u00a0Vi\u2019 du koma? \u2013 Will you come? 3:59<br \/>\n<strong>10 \u00a0Kr\u00e5kan \u2013 The Crow 2:49<\/strong><\/p>\n<audio class=\"wp-audio-shortcode\" id=\"audio-3567-3\" preload=\"none\" style=\"width: 100%;\" controls=\"controls\"><source type=\"audio\/mpeg\" src=\"https:\/\/etno.net\/wp-content\/uploads\/2022\/06\/10_kra\u030akan_-_the_crow.mp3?_=3\" \/><a href=\"https:\/\/etno.net\/wp-content\/uploads\/2022\/06\/10_kra\u030akan_-_the_crow.mp3\">https:\/\/etno.net\/wp-content\/uploads\/2022\/06\/10_kra\u030akan_-_the_crow.mp3<\/a><\/audio>\n<p>11 \u00a0Pollonesse &amp; Polon\u00e4s 4:31<br \/>\n12 \u00a0Tulvii \u2013 Flooding 6:31<br \/>\n13 \u00a0Vis visa &amp; The Wise 3:44<\/p>\n<p><strong>Kristiina Ilmonen<\/strong><br \/>\nM\u00e5nmarkapipa D high (tracks 2, 8), M\u00e5nmarkapipa D low (7, 10, 11, 13), M\u00e5nmarkapipa Gm (5), M\u00e5nmarkapipa A (11), Offerdalspipa G (3, 12), overtone flute D (9)<\/p>\n<p><strong>Mimmi Laaksonen<\/strong><br \/>\nM\u00e5nmarkapipa D high (1), Offerdalspipa A (10), M\u00e4kel\u00e4 flute (5), \u00c5spipa D low (3, 7, 11), \u00c5spipa G (2, 8, 12, 13)<\/p>\n<p><strong>Leena Laitinen<\/strong><br \/>\nvocals (5, 7, 8, 10), alto recorder (5, 11), bass recorder (11), M\u00e5nmarkapipa D high (1), Offerdalspipa D (3, 13), \u00c5spipa D low (2, 12)<\/p>\n<p><strong>G\u00f6ran M\u00e5nsson<\/strong><br \/>\nPaetzold Contrabass Recorder (2, 3, 7, 8, 10, 11, 13), M\u00e5nmarkapipa D high (1), flauto d\u2019amore (tracks 5, 12), Offerdalspipa G (12), M\u00e5nmarkapipa G (6)<\/p>\n<p><strong>Kirsi Ojala<\/strong><br \/>\nbass recorder (7), mouth harp (8), M\u00e4kel\u00e4 flute (5), overtone flute D (9), \u00c5spipa D low (2, 3, 7, 10, 11, 13), \u00c5spipa G (8, 12)<\/p>\n<p><strong>Jonas Simonson<\/strong><br \/>\nalto flute (2, 3, 7, 8, 10, 11, 13), M\u00e5nmarkapipa G (5, 6), overtone flute D (4, 9), overtone flute E (8), Offerdalspipa G (12)<\/p>\n<p>&nbsp;<\/p>\n<p>Recorded by <strong>Taito Hoffr\u00e9n<\/strong> at Kallio-Kuninkala Studio, J\u00e4rvenp\u00e4\u00e4, Finland in 2019 and \u00c4\u00e4ni\u00e4 Studio, Pukkila, Finland 2020.<br \/>\nMixed by <strong>Johannes Lundberg<\/strong> &amp; <strong>Jonas Simonson<\/strong> at Studio Epidemin, Gothenburg, Sweden.<br \/>\nMastered by<strong> Taito Hoffr\u00e9n<\/strong> at \u00c4\u00e4ni\u00e4 Studio. Photographs by<strong> Patrick Masse<\/strong> and<strong> Jimmy Tr\u00e4skelin<\/strong>.<br \/>\nGraphic design by <strong>Eva Karlsson<\/strong>.<br \/>\nLyrics partially translated into English by <strong>Anni-Kaisa Leminen<\/strong><\/p>\n","protected":false},"excerpt":{"rendered":"<p>Tuultenpes\u00e4n ilmaisu syntyy kymmenien erilaisten huilujen kuulaista ja karheankauniista s\u00e4vyist\u00e4. Vanhojen perinnes\u00e4velmien ohella kuullaan my\u00f6s uusia s\u00e4vellyksi\u00e4, ja useissa kappaleissa huilut s\u00e4est\u00e4v\u00e4t laulua. Yhteissoitto on v\u00e4lill\u00e4 meditatiivisen kelluvaa, keinuvaa ja hengitt\u00e4v\u00e4\u00e4, v\u00e4lill\u00e4 transsinomaisesti sykkiv\u00e4\u00e4 ja py\u00f6rteilev\u00e4\u00e4. Toistuvat rytmikuviot ja sovitusten kerroksellisuus synnytt\u00e4v\u00e4t uusia s\u00e4vyj\u00e4 ja sointikentti\u00e4. Tuultenpes\u00e4 is a Finnish-Swedish flute ensemble founded in spring [&hellip;]<\/p>\n","protected":false},"featured_media":4091,"comment_status":"closed","ping_status":"closed","template":"","meta":{"_acf_changed":false},"product_brand":[],"product_cat":[65],"product_tag":[],"class_list":{"0":"post-3567","1":"product","2":"type-product","3":"status-publish","4":"has-post-thumbnail","6":"product_cat-aanitteet","8":"first","9":"instock","10":"shipping-taxable","11":"product-type-simple"},"acf":[],"_links":{"self":[{"href":"https:\/\/etno.net\/en\/wp-json\/wp\/v2\/product\/3567","targetHints":{"allow":["GET"]}}],"collection":[{"href":"https:\/\/etno.net\/en\/wp-json\/wp\/v2\/product"}],"about":[{"href":"https:\/\/etno.net\/en\/wp-json\/wp\/v2\/types\/product"}],"replies":[{"embeddable":true,"href":"https:\/\/etno.net\/en\/wp-json\/wp\/v2\/comments?post=3567"}],"wp:featuredmedia":[{"embeddable":true,"href":"https:\/\/etno.net\/en\/wp-json\/wp\/v2\/media\/4091"}],"wp:attachment":[{"href":"https:\/\/etno.net\/en\/wp-json\/wp\/v2\/media?parent=3567"}],"wp:term":[{"taxonomy":"product_brand","embeddable":true,"href":"https:\/\/etno.net\/en\/wp-json\/wp\/v2\/product_brand?post=3567"},{"taxonomy":"product_cat","embeddable":true,"href":"https:\/\/etno.net\/en\/wp-json\/wp\/v2\/product_cat?post=3567"},{"taxonomy":"product_tag","embeddable":true,"href":"https:\/\/etno.net\/en\/wp-json\/wp\/v2\/product_tag?post=3567"}],"curies":[{"name":"wp","href":"https:\/\/api.w.org\/{rel}","templated":true}]}}