{"id":3589,"date":"2022-08-11T18:00:10","date_gmt":"2022-08-11T16:00:10","guid":{"rendered":"https:\/\/etno.net\/?post_type=product&#038;p=3589"},"modified":"2022-08-11T18:11:12","modified_gmt":"2022-08-11T16:11:12","slug":"elokuvamusiikin-savellystyota-oppimassa","status":"publish","type":"product","link":"https:\/\/etno.net\/en\/julkaisu\/opinnaytteet\/maisteriopinnot\/elokuvamusiikin-savellystyota-oppimassa","title":{"rendered":"Elokuvamusiikin s\u00e4vellysty\u00f6t\u00e4 oppimassa"},"content":{"rendered":"<h2><strong>Sis\u00e4llysluettelo<\/strong><\/h2>\n<p>Tausta ja tavoitteet<br \/>\nElokuvas\u00e4vellyskurssin aloitus<br \/>\nEnsimm\u00e4inen s\u00e4vellysty\u00f6<br \/>\nToinen s\u00e4vellysty\u00f6<br \/>\nTapaaminen kapellimestarin kanssa<br \/>\n\u00c4\u00e4nityksiin valmistautuminen<br \/>\n\u00c4\u00e4nitysp\u00e4iv\u00e4<br \/>\nJ\u00e4lkity\u00f6st\u00f6<br \/>\nYhteenveto<\/p>\n<h2 id=\"tausta-ja-tavoitteet\"><strong>Tausta ja tavoitteet<\/strong><\/h2>\n<p>Joulukuussa 2018 kuulin, ett\u00e4 musiikkiteknologian aineryhm\u00e4n j\u00e4rjest\u00e4m\u00e4lle elokuvamusiikin kurssille oli avautunut haku. L\u00e4hetin s\u00e4hk\u00f6postin, jossa kerroin olevani kiinnostunut siit\u00e4, ja ilokseni muutaman viikon p\u00e4\u00e4st\u00e4 minulle ilmoitettiin, ett\u00e4 olin p\u00e4\u00e4ssyt mukaan\u00a0kolmen muun opiskelijan kanssa. Tavoitteena oli s\u00e4velt\u00e4\u00e4 musiikkia kahteen aikaisemmin julkaistuun elokuvakohtaukseen ja orkestroida musiikki isolle orkesterille. Soivaa musiikkia oli ennakkotietojen mukaan tarkoitus tehd\u00e4 noin nelj\u00e4n minuutin verran.<\/p>\n<p>Kurssin vierailevana opettajana toimii Stephen Endelman, joka on Los Angelesissa asuva Grammy-palkittu brittil\u00e4inen s\u00e4velt\u00e4j\u00e4 ja kapellimestari. H\u00e4n on toiminut my\u00f6s tuottajana ja opettajana. Endelman on opiskellut klassista s\u00e4velt\u00e4mist\u00e4 Guildhall School of Music and Drama oppilaitoksessa Lontoossa. H\u00e4nell\u00e4 on vuosien kokemus sek\u00e4 indie-elokuvatuotannoista ett\u00e4 suuren kokoluokan ja budjetin Hollywood-projekteista.<\/p>\n<p>Opintojakso oli suunnattu my\u00f6s orkesterinjohdon ja musiikkiteknologian opiskelijoille. Kapellimestari Atso Almila toimi orkesterinjohdon opiskelijoiden opettajana ja lehtori Miikka Huttunen musiikkiteknologian opiskelijoiden opettajana. Kurssin suunnitellut soveltavan musiikin lehtori P\u00e4ivi Takala toimi my\u00f6s opettajana osalla oppitunneista.<\/p>\n<p>Syy, miksi hakeuduin mukaan, oli se, ett\u00e4 olen aina ollut todella kiinnostunut elokuvista, elokuvamusiikista ja sen s\u00e4velt\u00e4misest\u00e4. Maisterivaiheessa olin k\u00e4ynyt muutamia elokuvamusiikin kursseja Sibelius-Akatemiassa, joten olin p\u00e4\u00e4ssyt harjaannuttamaan taitojani jo aikaisemmin. Olin my\u00f6s opiskellut Akatemiassa pelimusiikkia, jonka tuottaminen muistuttaa monin osin elokuvamusiikin s\u00e4velt\u00e4mist\u00e4. Kurssi tuntui ainutlaatuiselta tilaisuudelta p\u00e4\u00e4st\u00e4 s\u00e4velt\u00e4m\u00e4\u00e4n ja sovittamaan musiikkia isolle orkesterille. Suurena etuna oli my\u00f6s se, ett\u00e4 musiikkiteknologian opiskelijat \u00e4\u00e4nitt\u00e4v\u00e4t teoksen, joten sen kautta oli mahdollista saada musiikillisia n\u00e4ytteit\u00e4 elokuvamusiikin osaamisesta omaan portfolioon.<\/p>\n<p>Olin my\u00f6s pitk\u00e4\u00e4n halunnut s\u00e4velt\u00e4\u00e4 oikealle orkesterille musiikkia ja kehitt\u00e4\u00e4 orkestrointitaitojani. T\u00e4t\u00e4 ennen olin tehnyt klassiselle orkesterille musiikkia p\u00e4\u00e4asiassa erilaisilla \u00e4\u00e4nitysohjelmilla samplekirjastoja hy\u00f6dynt\u00e4en. Lis\u00e4ksi halusin kehitt\u00e4\u00e4 itse\u00e4ni s\u00e4velt\u00e4j\u00e4n\u00e4 ja monipuolistaa osaamistani.<\/p>","protected":false},"excerpt":{"rendered":"<p>Projektity\u00f6<br \/>\nTaideyliopiston Sibelius-Akatemia<br \/>\nKansanmusiikin aineryhm\u00e4<br \/>\n2022<\/p>","protected":false},"featured_media":0,"comment_status":"closed","ping_status":"closed","template":"","meta":{"_acf_changed":false},"product_brand":[],"product_cat":[81,76],"product_tag":[],"class_list":{"0":"post-3589","1":"product","2":"type-product","3":"status-publish","5":"product_cat-maisteriopinnot","6":"product_cat-opinnaytteet","8":"first","9":"instock","10":"shipping-taxable","11":"product-type-simple"},"acf":[],"_links":{"self":[{"href":"https:\/\/etno.net\/en\/wp-json\/wp\/v2\/product\/3589","targetHints":{"allow":["GET"]}}],"collection":[{"href":"https:\/\/etno.net\/en\/wp-json\/wp\/v2\/product"}],"about":[{"href":"https:\/\/etno.net\/en\/wp-json\/wp\/v2\/types\/product"}],"replies":[{"embeddable":true,"href":"https:\/\/etno.net\/en\/wp-json\/wp\/v2\/comments?post=3589"}],"wp:attachment":[{"href":"https:\/\/etno.net\/en\/wp-json\/wp\/v2\/media?parent=3589"}],"wp:term":[{"taxonomy":"product_brand","embeddable":true,"href":"https:\/\/etno.net\/en\/wp-json\/wp\/v2\/product_brand?post=3589"},{"taxonomy":"product_cat","embeddable":true,"href":"https:\/\/etno.net\/en\/wp-json\/wp\/v2\/product_cat?post=3589"},{"taxonomy":"product_tag","embeddable":true,"href":"https:\/\/etno.net\/en\/wp-json\/wp\/v2\/product_tag?post=3589"}],"curies":[{"name":"wp","href":"https:\/\/api.w.org\/{rel}","templated":true}]}}