{"id":3591,"date":"2022-08-11T18:12:52","date_gmt":"2022-08-11T16:12:52","guid":{"rendered":"https:\/\/etno.net\/?post_type=product&#038;p=3591"},"modified":"2022-08-11T18:14:35","modified_gmt":"2022-08-11T16:14:35","slug":"etnofuturistisen-yhtyeen-konseptin-luominen","status":"publish","type":"product","link":"https:\/\/etno.net\/en\/julkaisu\/opinnaytteet\/maisteriopinnot\/etnofuturistisen-yhtyeen-konseptin-luominen","title":{"rendered":"Etnofuturistisen yhtyeen konseptin luominen"},"content":{"rendered":"<h2><strong>Sis\u00e4llysluettelo<\/strong><\/h2>\n<p><strong>Taustaa ja motivaatio<\/strong><\/p>\n<p><strong>Vaiheet<\/strong><\/p>\n<p><strong>Yhtye kokonaiskonseptina<\/strong><\/p>\n<p><strong>Mielikuvat, avainsanat ja genret<\/strong><\/p>\n<p><strong>Yhtyeen ja musiikin funktiot<\/strong><\/p>\n<p style=\"padding-left: 40px\">Funktio 1: tanssi ja liikuttaminen<\/p>\n<p style=\"padding-left: 40px\">Funktio 2: kansanmusiikkia laajemmalle yleis\u00f6lle<\/p>\n<p style=\"padding-left: 40px\">Funktio 3: toismaailmallinen kokemus, samanismi ja yhteis\u00f6llisyys<\/p>\n<p style=\"padding-left: 40px\">Funktio 4: etnofuturismi, vaihtoehtokulttuuri, paikallisuus ja kest\u00e4v\u00e4t arvot<\/p>\n<p><strong>Yhtyeen nimi ja laulukieli<\/strong><\/p>\n<p><strong>Esikuvat ja referenssit<\/strong><\/p>\n<p><strong>Visuaalinen ilme<\/strong><\/p>\n<p><strong>Konserttikokemus ja tapahtuman ritualisointi<\/strong><\/p>\n<p><strong>Soittimisto<\/strong><\/p>\n<p><strong>Ammattimaisuus ja julkinen imago<\/strong><\/p>\n<p><strong>S\u00e4vellysideat ja tyylin kokeileminen demojen avulla<\/strong><\/p>\n<p><strong>Lopuksi<\/strong><\/p>\n<div class=\"field-items\">\n<div class=\"field-item even\">\n<h2 id=\"taustaa-ja-motivaatio\">Taustaa ja motivaatio<\/h2>\n<p>Valitsin t\u00e4m\u00e4n projektity\u00f6n aiheeksi projektin, jonka olen halunnut muutenkin toteuttaa osana omaa taiteellista ty\u00f6skentely\u00e4ni. Kyseess\u00e4 on uuden yhtyeen perustaminen ja sen kokonaistyylin kehitt\u00e4minen. Tavoitteena on k\u00e4ynnist\u00e4\u00e4 yhtye, jossa voin toimia luovana j\u00e4senen\u00e4 ja muusikkona ammattimaisesti opintojeni j\u00e4lkeen, ja se, ett\u00e4 yhtye ei j\u00e4\u00e4 pieneksi sivuprojektiksi vaan menestyy my\u00f6s kansainv\u00e4lisesti ja kansanmusiikin marginaalia laajemmalla kent\u00e4ll\u00e4. Projektity\u00f6 k\u00e4sitt\u00e4\u00e4 yhtyeen perustamisen suunnitteluvaiheen ja tyylin pohdintaa.<\/p>\n<p>Projektity\u00f6n kirjallisen osion tarkoituksena on yht\u00e4\u00e4lt\u00e4 j\u00e4sennell\u00e4 yhtyeen kokonaiskonseptin kehitt\u00e4misty\u00f6h\u00f6n kuuluvia osa-alueita sek\u00e4 sanallistaa projektin tavoitteita ja toisaalta dokumentoida t\u00e4m\u00e4n alkuvaiheen prosessia. Tavallisesti ennen yhtyeen kokoamista ei ole tarpeen eik\u00e4 v\u00e4ltt\u00e4m\u00e4tt\u00e4 j\u00e4rkev\u00e4\u00e4k\u00e4\u00e4n yksin ideoida yhtyekonsepteja niin pitk\u00e4lle kuin t\u00e4ss\u00e4 projektity\u00f6ss\u00e4, mutta t\u00e4ss\u00e4 tapauksessa teksti toimiikin samalla akateemisena kurssity\u00f6n\u00e4. Hahmottelemani visio toimii enemm\u00e4nkin toivelistana kuin lukkoon ly\u00f6tyn\u00e4 suunnitelmana, kun yhtyett\u00e4 todella aletaan perustaa. Tekstin lukeminen voi olla kiinnostavaa projektin konseptista tai yleisemmin yhtyekonseptoinnista kiinnostuneille sek\u00e4 minulle itselleni tulevaisuudessa projektin edetty\u00e4. K\u00e4yt\u00e4n tekstiss\u00e4 paljon \u201dfiilist\u00e4\u201d ja mielikuvia kuvailevia puhekielisi\u00e4 sanoja.<\/p>\n<p>Motivaationi yhtyeen perustamiselle on luoda itselleni projekti, joka l\u00e4htee omista taiteellisista l\u00e4ht\u00f6kohdistani ja on ty\u00f6kalu omaan luovaan ty\u00f6h\u00f6ni. T\u00e4m\u00e4 ei siis poissulje sit\u00e4, ett\u00e4 kaikki yhtyeen j\u00e4senet olisivat tasavertaisia. Toteamukseni on pikemminkin kontrastina sille, ett\u00e4 olen t\u00e4h\u00e4n asti l\u00e4hinn\u00e4 toiminut muusikkona muiden johtamissa yhtyeiss\u00e4, joissa olen \u201dvain\u201d soittaja ilman merkitt\u00e4v\u00e4\u00e4 omistajuuden kokemusta.<\/p>\n<p>T\u00e4ss\u00e4 vaiheessa kirjoitusty\u00f6t\u00e4 olen jo muistini varassa, mutta er\u00e4s alkuun panevista motivaattoreistani oli se, ett\u00e4 kuvittelin sellaisen keikkatilanteen, jossa haluaisin olla esiintyj\u00e4n\u00e4; lavalla on kova meininki, yleis\u00f6\u00e4 on paljon ja se tanssii, soitamme kovaa ja tosissamme, b\u00e4ndill\u00e4 on hyv\u00e4 yhteishenki ja rentous, on tilaa leikki\u00e4 ja improvisoida ja meill\u00e4 on mahdollisesti coolit kuteetkin p\u00e4\u00e4ll\u00e4. Sitten vain kuvittelin prosessia taaksep\u00e4in eli sit\u00e4, miten loisin yhtyeen, jonka avulla voin saavuttaa t\u00e4m\u00e4n tilanteen. Toinen varhainen tavoitteeni oli luoda konserttitilanteesta jotain, joka nostattaa kuulijan arkitodellisuuden yl\u00e4puolelle \u2013 jotain toismaailmallista (arkitodellisuuden ulkopuolista) ja ehk\u00e4 yhteis\u00f6llist\u00e4kin. Kolmas ajatus oli yksinkertaisesti tehd\u00e4 tanssittavaa musiikkia, sill\u00e4 keikoilla tanssiminen on mielest\u00e4ni ihanaa ja vaikka musiikki ei saisi yleis\u00f6ss\u00e4 aikaan mit\u00e4\u00e4n muuta kuin tanssimista, se olisi jo enemm\u00e4n kuin tarpeeksi.<\/p>\n<p>Vaikka jo usean vuoden ajan olen suunnitellut projektia, \u00e4\u00e4nitellyt s\u00e4vellysideoita k\u00e4nnyk\u00e4ll\u00e4 ja kuunnellut inspiraatioksi muita yhtyeit\u00e4, on projektin konkreettisempi k\u00e4ynnist\u00e4minen (tekem\u00e4ll\u00e4 kappaleista demoja ja kirjoittamalla t\u00e4m\u00e4 kirjallinen osio) edennyt projektiin liittym\u00e4tt\u00f6mist\u00e4 syist\u00e4 hitaasti. Siksi olen alkuper\u00e4iseen suunnitelmaan verrattuna maltillistanut sit\u00e4, miten pitk\u00e4lle t\u00e4m\u00e4n kurssity\u00f6n puitteissa aion p\u00e4\u00e4st\u00e4 yhtyeen alkuun saattamisessa. En siis viel\u00e4 kokoa b\u00e4ndi\u00e4, \u00e4\u00e4nit\u00e4 sen kanssa varsinaisia demoja tai ota promokuvia. Luettelen kuitenkin n\u00e4m\u00e4kin tulevat ty\u00f6vaiheet seuraavassa osiossa. My\u00f6s soiva materiaali eli demot, joilla kokeilen s\u00e4vellystyylin toimivuutta, j\u00e4\u00e4v\u00e4t pieneen osaan projektia kirjallisen konseptoinnin ollessa keskeisin sis\u00e4lt\u00f6.<\/p>\n<\/div>\n<\/div>","protected":false},"excerpt":{"rendered":"<p>Projektity\u00f6<br \/>\nTaideyliopiston Sibelius-Akatemia<br \/>\nKansanmusiikin aineryhm\u00e4<br \/>\n2022<\/p>","protected":false},"featured_media":0,"comment_status":"closed","ping_status":"closed","template":"","meta":{"_acf_changed":false},"product_brand":[],"product_cat":[81,76],"product_tag":[],"class_list":{"0":"post-3591","1":"product","2":"type-product","3":"status-publish","5":"product_cat-maisteriopinnot","6":"product_cat-opinnaytteet","8":"first","9":"instock","10":"shipping-taxable","11":"product-type-simple"},"acf":[],"_links":{"self":[{"href":"https:\/\/etno.net\/en\/wp-json\/wp\/v2\/product\/3591","targetHints":{"allow":["GET"]}}],"collection":[{"href":"https:\/\/etno.net\/en\/wp-json\/wp\/v2\/product"}],"about":[{"href":"https:\/\/etno.net\/en\/wp-json\/wp\/v2\/types\/product"}],"replies":[{"embeddable":true,"href":"https:\/\/etno.net\/en\/wp-json\/wp\/v2\/comments?post=3591"}],"wp:attachment":[{"href":"https:\/\/etno.net\/en\/wp-json\/wp\/v2\/media?parent=3591"}],"wp:term":[{"taxonomy":"product_brand","embeddable":true,"href":"https:\/\/etno.net\/en\/wp-json\/wp\/v2\/product_brand?post=3591"},{"taxonomy":"product_cat","embeddable":true,"href":"https:\/\/etno.net\/en\/wp-json\/wp\/v2\/product_cat?post=3591"},{"taxonomy":"product_tag","embeddable":true,"href":"https:\/\/etno.net\/en\/wp-json\/wp\/v2\/product_tag?post=3591"}],"curies":[{"name":"wp","href":"https:\/\/api.w.org\/{rel}","templated":true}]}}