{"id":3593,"date":"2022-08-11T18:16:52","date_gmt":"2022-08-11T16:16:52","guid":{"rendered":"https:\/\/etno.net\/?post_type=product&#038;p=3593"},"modified":"2022-08-11T18:16:52","modified_gmt":"2022-08-11T16:16:52","slug":"ritva-nero-immortal-tradition-2","status":"publish","type":"product","link":"https:\/\/etno.net\/en\/julkaisu\/opinnaytteet\/maisteriopinnot\/ritva-nero-immortal-tradition-2","title":{"rendered":"Ritva Nero: Immortal Tradition"},"content":{"rendered":"<h2><strong>Sis\u00e4llysluettelo<\/strong><\/h2>\n<p><strong>1 Johdanto<\/strong><\/p>\n<p><strong>2 Ritva Nero<\/strong><\/p>\n<p><strong>3 Ritva Nerolle s\u00e4velt\u00e4minen<\/strong><\/p>\n<p><strong>4 Immortal Tradition<\/strong><\/p>\n<p style=\"padding-left: 40px\">4.1 Albumin suunnittelu<\/p>\n<p style=\"padding-left: 40px\">4.2 Studioty\u00f6skentely<\/p>\n<p style=\"padding-left: 40px\">4.3 Editointi ja miksaus<\/p>\n<p><strong>5 Yhteisty\u00f6 Bafe\u2019s Factoryn kanssa<\/strong><\/p>\n<p style=\"padding-left: 40px\">5.1 Sopimukset<\/p>\n<p style=\"padding-left: 40px\">5.2 Levyn tekstit<\/p>\n<p><strong>6 Pohdintaa<\/strong><\/p>\n<p><strong>Liitteet<\/strong><\/p>\n<p><strong>Aineisto ja l\u00e4hteet<\/strong><\/p>\n<p><strong>Kuvaluettelo<\/strong><\/p>\n<p>&nbsp;<\/p>\n<h2 id=\"1-johdanto\">1 Johdanto<\/h2>\n<p><em>Ritva Nero: Immortal Tradition<\/em>\u00a0-projektity\u00f6ss\u00e4 tavoitteenani on s\u00e4velt\u00e4\u00e4, \u00e4\u00e4nitt\u00e4\u00e4 ja tuottaa debyyttialbumi kansanmusiikkiyhtyeelle Ritva Nero. T\u00e4ss\u00e4 kirjallisessa osiossa k\u00e4yd\u00e4\u00e4n projektity\u00f6n vaiheita l\u00e4pi ja lopuksi arvioidaan, miten projektity\u00f6skentely onnistui. Albumin suunnittelu aloitettiin syksyll\u00e4 2018, \u00e4\u00e4nitykset toteutettiin tammikuussa 2019 ja albumi julkaistiin kolmen vuoden kuluttua \u00e4\u00e4nityksist\u00e4.<\/p>\n<p>Viisihenkinen Ritva Nero perustettiin vuonna 2017 ja yhtyeen tyyli\u00e4 voidaan kuvailla sanoin\u00a0<em>Party Metal Folk.\u00a0<\/em>Ritva Neron ohjelmistossa kansantanssikappaleisiin yhdistyy tihe\u00e4 ja matalataajuuksinen s\u00e4estys, ja kokoonpanossa soittimina ovat sopraanosaksofoni, s\u00e4kkipilli, avainviulu, s\u00e4hk\u00f6basso ja metallimusiikin rummut. Toimittaja Tove Djupsj\u00f6backa mainitsee vuonna 2018 Pinnan alla \u2011blogissaan kokeneensa \u201dnerokkaana juuri sen, ett\u00e4 musiikki toimii sek\u00e4 moshaamiseen ett\u00e4 perinteiseen sottiisiin\u201d (Djupsj\u00f6backa, 2018). Tavoitteenani on ollut Ritva Neron perustamisesta l\u00e4htien luoda yhtyeelle tyyli\u00e4, jossa erilaisiin Suomen ja Karjalan alueilla soitettuihin kansantanssilajeihin yhdistyy tyylipiirteit\u00e4 metallimusiikista.<\/p>\n<p><em>Immortal Tradition<\/em>\u00a0-albumin rakentuminen jakautuu kolmeen vaiheeseen: albumikokonaisuuden suunnitteluun, studio\u00e4\u00e4nityksiin sek\u00e4 raitojen editointiin ja miksaukseen \u00e4\u00e4nitt\u00e4j\u00e4 Samuli Volannon kanssa. Albumilla Ritva Nero l\u00e4hestyi ohjelmistoaan eri tavoin kuin live-esityksiss\u00e4, ja prosessissa tarkasteltiin my\u00f6s studio-olosuhteiden luomia mahdollisuuksia osana musiikin tekemist\u00e4. Albumin editointivaihe oli poikkeuksellisen pitk\u00e4; esimerkiksi kappaleiden rakenteita ja tempoja muutettiin useaan kertaan. Studiossa \u00e4\u00e4nitetyist\u00e4 12 kappaleesta yhdeks\u00e4n p\u00e4\u00e4tyi osaksi albumikokonaisuutta.<\/p>\n<p>Albumin viimeistelyvaihe sai loppukirin syksyll\u00e4 2021 Ritva Neron kirjoittaessa levy- ja kustannussopimukset helsinkil\u00e4isen levy-yhti\u00f6 Bafe\u2019s Factoryn kanssa. Julkaisulle luotiin nopea aikataulu ja siihen liittyvist\u00e4 markkinointimateriaaleista sovittiin.\u00a0<em>Trepatska Thrasher\u00a0<\/em>-single julkaistiin lokakuussa 2021 ja\u00a0<em>Immortal Tradition<\/em>\u00a0-albumi tammikuussa 2022.<\/p>","protected":false},"excerpt":{"rendered":"<p>Projektity\u00f6<br \/>\nTaideyliopiston Sibelius-Akatemia<br \/>\nKansanmusiikin aineryhm\u00e4<br \/>\n2022<\/p>","protected":false},"featured_media":0,"comment_status":"closed","ping_status":"closed","template":"","meta":{"_acf_changed":false},"product_brand":[],"product_cat":[81,76],"product_tag":[],"class_list":{"0":"post-3593","1":"product","2":"type-product","3":"status-publish","5":"product_cat-maisteriopinnot","6":"product_cat-opinnaytteet","8":"first","9":"instock","10":"shipping-taxable","11":"product-type-simple"},"acf":[],"_links":{"self":[{"href":"https:\/\/etno.net\/en\/wp-json\/wp\/v2\/product\/3593","targetHints":{"allow":["GET"]}}],"collection":[{"href":"https:\/\/etno.net\/en\/wp-json\/wp\/v2\/product"}],"about":[{"href":"https:\/\/etno.net\/en\/wp-json\/wp\/v2\/types\/product"}],"replies":[{"embeddable":true,"href":"https:\/\/etno.net\/en\/wp-json\/wp\/v2\/comments?post=3593"}],"wp:attachment":[{"href":"https:\/\/etno.net\/en\/wp-json\/wp\/v2\/media?parent=3593"}],"wp:term":[{"taxonomy":"product_brand","embeddable":true,"href":"https:\/\/etno.net\/en\/wp-json\/wp\/v2\/product_brand?post=3593"},{"taxonomy":"product_cat","embeddable":true,"href":"https:\/\/etno.net\/en\/wp-json\/wp\/v2\/product_cat?post=3593"},{"taxonomy":"product_tag","embeddable":true,"href":"https:\/\/etno.net\/en\/wp-json\/wp\/v2\/product_tag?post=3593"}],"curies":[{"name":"wp","href":"https:\/\/api.w.org\/{rel}","templated":true}]}}