{"id":3616,"date":"2022-10-04T11:53:28","date_gmt":"2022-10-04T09:53:28","guid":{"rendered":"https:\/\/etno.net\/?post_type=product&#038;p=3616"},"modified":"2022-10-04T11:53:28","modified_gmt":"2022-10-04T09:53:28","slug":"kokonaisvaltainen-taiteilijan-ammattiin-kasvaminen","status":"publish","type":"product","link":"https:\/\/etno.net\/en\/julkaisu\/opinnaytteet\/maisteriopinnot\/kokonaisvaltainen-taiteilijan-ammattiin-kasvaminen","title":{"rendered":"Kokonaisvaltainen taiteilijan ammattiin kasvaminen"},"content":{"rendered":"<h2>Tiivistelm\u00e4<\/h2>\n<p>Ty\u00f6ss\u00e4 tutkittiin kokonaisvaltaista taiteilijan ammattiin kasvamista autoetnografisella tutkimusotteella. Tutkimuksessa tarkasteltiin erilaisten l\u00e4hestymiskulmien, joita olivat kehollinen ty\u00f6skentely, yhteis\u00f6llisyys, meditaatio, luovan virran harjoitukset ja unity\u00f6skentely, kautta kirjoittajan kasvua aikav\u00e4lill\u00e4 2014\u20132021.<\/p>\n<p>Kirjoittajan kasvu taiteilijan ammattiin, joka oli niin mielen, kehon kuin yhteis\u00f6jen tasoilla tapahtunut kokonaisvaltainen prosessi, tapahtui merkitt\u00e4viss\u00e4 m\u00e4\u00e4rin my\u00f6s muualla kuin taideopetuksessa. Muutosta tapahtui muun muassa h\u00e4nen maailmankuvassaan, k\u00e4sityksess\u00e4 omasta itsest\u00e4\u00e4n, tavassa k\u00e4ytt\u00e4\u00e4 kehoa ja olla kontaktissa ymp\u00e4rist\u00f6\u00f6n, ja n\u00e4iden my\u00f6t\u00e4 my\u00f6s taiteellisessa ajattelussa ja toiminnassa. Tarkasteltujen l\u00e4hestymiskulmien vaikutukset kirjoittajan taiteilijan ty\u00f6ss\u00e4 toimiseen ovat olleet moninaiset<\/p>\n<p>Erilaiset keholliset ja luovan virran menetelm\u00e4t, meditaatio, yhteis\u00f6llisyys ja unity\u00f6skentely auttoivat kirjoittajaa p\u00e4\u00e4sem\u00e4\u00e4n yli monista tarkasteluv\u00e4lin alkup\u00e4\u00e4n ja keskiv\u00e4lin taiteilijan ammatissa toimimiseen vaikuttaneista henkisist\u00e4 ja fyysisist\u00e4 haasteista, saavuttamaan h\u00e4nen albumiunelmansa ja luomaan h\u00e4nelle itsellens\u00e4 merkitykselliselt\u00e4 tuntuvan tavan toimia taiteilijan ammatissa<\/p>\n<p>Lopuksi kirjoittaja pohti tutkimuksen pohjalta kokonaisvaltaisen l\u00e4hestymistavan mahdollisuuksia taidekasvatuksessa ja sit\u00e4, miksi ja miten huomioida olemisen eri aspekteja, kuten kehollisuutta, mielt\u00e4 ja yhteis\u00f6llisyytt\u00e4 taiteilijan ammattiin kasvun polulla.<\/p>\n<h2>Sis\u00e4llys<\/h2>\n<div class=\"entry-content\">\n<p><strong>1 Johdanto<\/strong><\/p>\n<p><strong>2 Tutkimusasetelma<\/strong><\/p>\n<p>2.1 Tutkimusteht\u00e4v\u00e4<br \/>\n2.2 Tutkimusmenetelm\u00e4<\/p>\n<p><strong>3 L\u00e4hestymiskulmia taiteilijaksi kasvamisen polulla<\/strong><\/p>\n<p class=\"has-text-align-left\">3.1 Kehollinen ty\u00f6skentely<\/p>\n<p>3.1.1 Kehollinen ty\u00f6skentely muusikon ammattiin kasvun rinnalla<br \/>\n3.1.2 Miten k\u00e4sitykseni kehosta ovat muuttuneet?<br \/>\n3.1.3 Miten kehollinen ty\u00f6skentely ja muutokset ajattelussani kehollisuudesta ovat vaikuttaneet siihen, millaiseksi taiteilijaksi olen kasvanut?<br \/>\n3.1.4 Yksi kehollinen prosessi \u2013 matka kohti tasapainoisempaa hermoston toimintaa<\/p>\n<p>3.2 Yhteis\u00f6llisyys<br \/>\n3.3 Meditaatio<br \/>\n3.4 Luovan virran harjoitukset ja unity\u00f6skentely<\/p>\n<p><strong>4 Pohdinta<\/strong><\/p>\n<p>4.1 Mit\u00e4 mahdollisuuksia kokonaisvaltainen l\u00e4hestymistapa voi tarjota taiteiljaksi kasvun polulla?<br \/>\n4.2 Miten opettajana voisi tukea oppilasta kokonaisvaltaisesti taiteilijan kasvun tiell\u00e4?<br \/>\n4.3 Pohdintaa tutkielmaprosessin kulusta<\/p>\n<p><strong>5 L\u00e4hteet<\/strong><\/p>\n<\/div>","protected":false},"excerpt":{"rendered":"<p>Seminaarity\u00f6<br \/>\nOpettajan pedagogiset ty\u00f6t<br \/>\nTampereen yliopisto<br \/>\nKirjallinen ty\u00f6<br \/>\nTaideyliopiston Sibelius-Akatemia<br \/>\nKansanmusiikin aineryhm\u00e4<br \/>\n2022<\/p>","protected":false},"featured_media":0,"comment_status":"closed","ping_status":"closed","template":"","meta":{"_acf_changed":false},"product_brand":[],"product_cat":[81,76],"product_tag":[],"class_list":{"0":"post-3616","1":"product","2":"type-product","3":"status-publish","5":"product_cat-maisteriopinnot","6":"product_cat-opinnaytteet","8":"first","9":"instock","10":"shipping-taxable","11":"product-type-simple"},"acf":[],"_links":{"self":[{"href":"https:\/\/etno.net\/en\/wp-json\/wp\/v2\/product\/3616","targetHints":{"allow":["GET"]}}],"collection":[{"href":"https:\/\/etno.net\/en\/wp-json\/wp\/v2\/product"}],"about":[{"href":"https:\/\/etno.net\/en\/wp-json\/wp\/v2\/types\/product"}],"replies":[{"embeddable":true,"href":"https:\/\/etno.net\/en\/wp-json\/wp\/v2\/comments?post=3616"}],"wp:attachment":[{"href":"https:\/\/etno.net\/en\/wp-json\/wp\/v2\/media?parent=3616"}],"wp:term":[{"taxonomy":"product_brand","embeddable":true,"href":"https:\/\/etno.net\/en\/wp-json\/wp\/v2\/product_brand?post=3616"},{"taxonomy":"product_cat","embeddable":true,"href":"https:\/\/etno.net\/en\/wp-json\/wp\/v2\/product_cat?post=3616"},{"taxonomy":"product_tag","embeddable":true,"href":"https:\/\/etno.net\/en\/wp-json\/wp\/v2\/product_tag?post=3616"}],"curies":[{"name":"wp","href":"https:\/\/api.w.org\/{rel}","templated":true}]}}