{"id":3758,"date":"2023-03-14T13:14:25","date_gmt":"2023-03-14T11:14:25","guid":{"rendered":"https:\/\/etno.net\/?post_type=product&#038;p=3758"},"modified":"2023-03-21T10:43:37","modified_gmt":"2023-03-21T08:43:37","slug":"jouhikko-the-bowed-lyre-2","status":"publish","type":"product","link":"https:\/\/etno.net\/en\/julkaisu\/opinnaytteet\/tohtoriopinnot\/jouhikko-the-bowed-lyre-2","title":{"rendered":"Jouhikko \/ The Bowed Lyre"},"content":{"rendered":"<p>Rauno Niemisen tohtorintutkinto koostuu kolmesta osasta: museosoitinten kopioiden rakentamisesta,\u00a0<em>Jouhikko &#8211; The Bowed Lyre<\/em>\u00a0-kirjasta sek\u00e4 kirjallisesta raportista.\u00a0<em>Soitinten tutkiminen rakentamalla &#8211; Esimerkkin\u00e4 jouhikko<\/em>.<\/p>\n<p>Rauno Nieminen on kehitt\u00e4nyt menetelm\u00e4n, jonka avulla voi rakentaa kopioita museosoittimista. Kopioiden rakentaminen on lis\u00e4\u00e4ntynyt viime vuosikymmenin\u00e4, koska nykyisen suuntauksen mukaan soittimia ei en\u00e4\u00e4 konservoida museoissa soittokuntoon. Jos halutaan tiet\u00e4\u00e4 miten soitin on toiminut ja soinut, siit\u00e4 rakennetaan kopio. Koska soitinkopioita on kuitenkin tehty tieteellisten periaatteiden mukaisesti v\u00e4h\u00e4n, ei kopioiden rakentamiselle ole kehittynyt omia menetelmi\u00e4 ja tutkimusperinnett\u00e4.<\/p>\n<p>Soitinkopiointimenetelm\u00e4ss\u00e4 ker\u00e4t\u00e4\u00e4n tietoja paitsi soittimesta, my\u00f6s sen historiasta, musiikista, soittamisesta, soittajista ja soittimeen liittyv\u00e4st\u00e4 arkistomateriaalista. Kirjallinen raportti esittelee tutkimuksen taustaa, tutkimusmenetelm\u00e4n ja menetelm\u00e4n kehitt\u00e4misen soitinkopioiden rakentamisen avulla. Esimerkkisoittimesta ker\u00e4\u00e4m\u00e4ns\u00e4 historia ja musiikki tiedot Nieminen on julkaissut kirjassa\u00a0<em>Jouhikko &#8211; The Bowed Lyre<\/em>.<\/p>\n<p><strong>Tiivistelm\u00e4<\/strong><\/p>\n<p>Nieminen, Rauno 2008<br \/>\nSoitinten tutkiminen rakentamalla. Esimerkkin\u00e4 jouhikko.<br \/>\nSibelius-Akatemia. Kansanmusiikin osasto.<br \/>\nTohtorinty\u00f6n kirjallinen osa. 209 sivua.<\/p>\n<p>Tohtorintutkintoni koostuu kolmesta osasta: k\u00e4yt\u00e4nn\u00f6llisest\u00e4 osasta, soitto-oppaasta (Jouhikko\/The Bowed Lyre) ja kirjallisesta raportista. K\u00e4yt\u00e4nn\u00f6llinen osa k\u00e4sitt\u00e4\u00e4 yhdeks\u00e4ntoista museosoittimen kopion rakentamisen. Rakentamisen avulla kehitin soitinkopiointimenetelm\u00e4n, joka mahdollisti soittimien tarkkojen kopioiden rakentamisen. Soitto-oppaassa olen julkaissut kaikki tiedossa olevat jouhikkonuotinnokset Viron mantereelta ja saaristosta sek\u00e4 Savosta ja Karjalasta. Oppaassa on mukana my\u00f6s liitelevy, joka sis\u00e4lt\u00e4\u00e4 alkuper\u00e4iset jouhikko\u00e4\u00e4nitteet vuosilta 1908-1931. Julkaisussa on tietoja jouhikon historiasta ja soittajista, viritys- ja soitto-ohjeet sek\u00e4 jouhikon huolto- ja k\u00e4ytt\u00f6ohjeet. Lis\u00e4ksi tekstiin on kirjattu se tieto, jonka olen saanut jouhikkoa soittamalla ja rakentamalla. Tutkimukseni kirjallisessa raportissa esittelen tutkimukseni taustaa ja kehitt\u00e4m\u00e4ni soitinkopiointimenetelm\u00e4n. Lis\u00e4ksi olen kirjannut raporttiin tutkimusmenetelm\u00e4n ja soitinkopiointimenetelm\u00e4n kehitysprosessin.<\/p>\n<p>Soitinkopioiden rakentaminen museosoittimista on lis\u00e4\u00e4ntynyt viime vuosikymmenin\u00e4. Museosoittimia ei nykyisen suuntauksen mukaan en\u00e4\u00e4 yritet\u00e4 konservoida soittokuntoon, vaan soittimesta rakennetaan kopio. Koska soitinkopioita on kuitenkin tehty tieteellisten periaatteiden mukaisesti vain v\u00e4h\u00e4n, ei kopioiden rakentamiselle ole muodostunut tutkimusperinnett\u00e4 eik\u00e4 sille ole kehitetty omia menetelmi\u00e4. T\u00e4m\u00e4n tutkimuksen p\u00e4\u00e4aiheena olikin selvitt\u00e4\u00e4, miten soittimia voi tutkia rakentamalla ja saako rakentamalla soittimista sellaista tietoa, jota niist\u00e4 ei muuten saisi. Esimerkkisoittimeni jouhikon avulla olen tutkimuksen aikana kehitt\u00e4nyt kymmenkohtaisen soitinkopiointimenetelm\u00e4n. Keskeist\u00e4 t\u00e4ss\u00e4 tutkimuksessa on ollut soitinrakentajan n\u00e4k\u00f6kulma, ja kopiointimenetelm\u00e4 on sellaisenaan sovellettavissa mink\u00e4 tahansa soittimen kopioimiseen.<\/p>\n<p>Tutkittavaan soittimeen, sen historiaan ja musiikkiin on perehdytty laajasti. Tavoitteenani on ollut selvitt\u00e4\u00e4, kuinka paljon soittimen eri osa-alueiden tuntemusta tarvitaan kopion rakentamisessa. Soittimesta ker\u00e4tty\u00e4 dokumenttiaineistoa ja asetettuja tutkimuskysymyksi\u00e4 olen testannut kopioiden rakentamisen avulla.<\/p>\n<p>Esimerkkisoittimena olleessa jouhikosta saatiin menetelm\u00e4n avulla uutta tietoa. Uusia tutkimustuloksia syntyi, kun pystyin yhdist\u00e4m\u00e4\u00e4n eri l\u00e4hteiden tietoja ja testaamaan n\u00e4it\u00e4 tietoja kopioita rakentamalla. Tutkimus osoitti, ett\u00e4 menetelm\u00e4n avulla voidaan saada tietoa soittimen rakenteesta, rakentamisesta, soittamisesta, soitettavuudesta, \u00e4\u00e4nest\u00e4, historiasta, virityksist\u00e4 ja viritystasosta. Soittimen toimintaan, rakenteeseen ja \u00e4\u00e4neen vaikuttavat materiaalien ja kielien fysikaaliset ominaisuudet sek\u00e4 rakentajien k\u00e4ytt\u00e4m\u00e4t rakennusv\u00e4lineet ja -tekniikat.<\/p>\n<p><strong>Avainsanat:<\/strong> kokeellinen arkeologia, kopio, soitinkopiointomenetelm\u00e4, jouhikko<\/p>","protected":false},"excerpt":{"rendered":"<p>Kansanmusiikki-instituutin julkaisuja KIJ 61, ISSN 0355-9270, ISBN 978-951-9268-42-2<br \/>\nJuminkeon julkaisuja 60, ISBN 978-952-5385-38-0<br \/>\nEnglanninkielinen k\u00e4\u00e4nn\u00f6s: George Woolston<br \/>\nUlkoasu: Joppe Kirsikka-aho, First Page<br \/>\nKustannustoimittaja: Helena Ruhkala<br \/>\nNuottien puhtaaksikirjoitus: Janne Sepp\u00e4nen<br \/>\nNuotinnokset 83-98: Jouni Koskim\u00e4ki, assistenttina Joona J\u00e4ntti<br \/>\nPaino: Painotalo Casper<br \/>\nKansikuva: Hannu H\u00e4yh\u00e4<br \/>\nCD masterointi: IMU \/ Matti Kontio<br \/>\nDigitaalinen restaurointi: Jens von Weissenberg<\/p>\n<p>Teoksen julkaisemista varten Juminkeko-s\u00e4\u00e4ti\u00f6 on saanut varoja EU:n Interreg III A Karjala-ohjelmassa toteutetun Kansan Musiikki -hankkeen kautta. Kansanmusiikkihankkeiden julkaisusarjassa julkaisu on nro 6.<\/p>","protected":false},"featured_media":1400,"comment_status":"closed","ping_status":"closed","template":"","meta":{"_acf_changed":false},"product_brand":[],"product_cat":[76,78],"product_tag":[112,156,157,158],"class_list":{"0":"post-3758","1":"product","2":"type-product","3":"status-publish","4":"has-post-thumbnail","6":"product_cat-opinnaytteet","7":"product_cat-tohtoriopinnot","8":"product_tag-jouhikko","9":"product_tag-kokeellinen-arkeologia","10":"product_tag-kopio","11":"product_tag-soitinkopiointomenetelma","13":"first","14":"instock","15":"shipping-taxable","16":"product-type-simple"},"acf":[],"_links":{"self":[{"href":"https:\/\/etno.net\/en\/wp-json\/wp\/v2\/product\/3758","targetHints":{"allow":["GET"]}}],"collection":[{"href":"https:\/\/etno.net\/en\/wp-json\/wp\/v2\/product"}],"about":[{"href":"https:\/\/etno.net\/en\/wp-json\/wp\/v2\/types\/product"}],"replies":[{"embeddable":true,"href":"https:\/\/etno.net\/en\/wp-json\/wp\/v2\/comments?post=3758"}],"wp:featuredmedia":[{"embeddable":true,"href":"https:\/\/etno.net\/en\/wp-json\/wp\/v2\/media\/1400"}],"wp:attachment":[{"href":"https:\/\/etno.net\/en\/wp-json\/wp\/v2\/media?parent=3758"}],"wp:term":[{"taxonomy":"product_brand","embeddable":true,"href":"https:\/\/etno.net\/en\/wp-json\/wp\/v2\/product_brand?post=3758"},{"taxonomy":"product_cat","embeddable":true,"href":"https:\/\/etno.net\/en\/wp-json\/wp\/v2\/product_cat?post=3758"},{"taxonomy":"product_tag","embeddable":true,"href":"https:\/\/etno.net\/en\/wp-json\/wp\/v2\/product_tag?post=3758"}],"curies":[{"name":"wp","href":"https:\/\/api.w.org\/{rel}","templated":true}]}}