{"id":3770,"date":"2023-05-16T11:26:19","date_gmt":"2023-05-16T09:26:19","guid":{"rendered":"https:\/\/etno.net\/?post_type=product&#038;p=3770"},"modified":"2023-05-16T11:26:19","modified_gmt":"2023-05-16T09:26:19","slug":"vesilinnun-sydan-audioessee-introksi-maisterikonsertille","status":"publish","type":"product","link":"https:\/\/etno.net\/en\/julkaisu\/opinnaytteet\/maisteriopinnot\/vesilinnun-sydan-audioessee-introksi-maisterikonsertille","title":{"rendered":"Vesilinnun syd\u00e4n &#8211; Audioessee introksi maisterikonsertille"},"content":{"rendered":"<h2>Sis\u00e4llysluettelo<\/h2>\n<p><strong>1 Johdanto<\/strong><\/p>\n<p><strong>2 Audioesseen m\u00e4\u00e4rittely<\/strong><\/p>\n<p><strong>3 Aineistot<\/strong><\/p>\n<p style=\"text-align: left;padding-left: 40px\">3.1 Vesilinnun syd\u00e4n<\/p>\n<p style=\"text-align: left;padding-left: 40px\">3.2 Kentt\u00e4-\u00e4\u00e4nitykset<\/p>\n<p style=\"text-align: left;padding-left: 40px\">3.3 \u00c4\u00e4nipankit<\/p>\n<p style=\"text-align: left;padding-left: 40px\">3.4 Laulut<\/p>\n<p style=\"padding-left: 80px\">3.4.1 Luontoni lakkasi<br \/>\n3.4.2 Virta vierii, ranta pysyy<br \/>\n3.4.3 Helise heli\u00e4 mets\u00e4<br \/>\n3.4.4 Loitut<br \/>\n3.4.5 Me istumme\/I\u017emalainen mets\u00e4<\/p>\n<p><strong>4 Ty\u00f6skentelyv\u00e4lineet<\/strong><\/p>\n<p style=\"padding-left: 40px\">4.1 Tallentimet<\/p>\n<p style=\"padding-left: 40px\">4.2 Audacity-ohjelma<\/p>\n<p><strong>5 Esseen kirjoittaminen<\/strong><\/p>\n<p><strong>6 Audioesseen koonti<\/strong><\/p>\n<p><strong>7 Loppupohdinta<\/strong><\/p>\n<p><strong>L\u00e4hteet ja aineistot<\/strong><\/p>\n<p><strong>Liite<\/strong><\/p>\n<h2>Johdanto<\/h2>\n<p>Olen jo lapsesta l\u00e4htien ollut kiinnostunut audiomuotoisesta kerronnasta ja sen mahdollisuuksista. Musiikillisen ja laulullisen tarinankerronnan lis\u00e4ksi mielt\u00e4ni kiehtoivat muutkin tavat tukea tarinankerrontaa, kuten Kylli-t\u00e4din yksinkertaiset vesiv\u00e4riviivat, n\u00e4yttelij\u00e4 Sinikka Sokan pienill\u00e4 eleill\u00e4 luodut Grimmin satuhahmot ja Disneyn kasettisatukirjat. Teini-ik\u00e4isen\u00e4 Yleisradion ohjelmien kuuntelemisesta tuli minun ja is\u00e4ni yhteinen harrastus, ja tuolloin l\u00f6ysin radiodraamat. Ylen Radioteatterin Knalli ja sateenvarjo -sarja on yh\u00e4 edelleen lukuisten kuunteluiden j\u00e4lkeen t\u00e4n\u00e4 p\u00e4iv\u00e4n\u00e4 soittolistallani.<\/p>\n<p>Viihdett\u00e4 hakiessani tartun elokuvaa mieluummin kirjaan, \u00e4\u00e4nikirjaa mieluummin fyysiseen kirjaan, mutta t\u00e4t\u00e4 mieluummin kuitenkin juuri kuunnelmaan. Jonkinlainen kutkutus nimenomaan kerrontaa tukevaan \u00e4\u00e4nimaisemaan minulla on aina ollut. \u00c4\u00e4ni ruokkii mielikuvitusta, se voi selitt\u00e4\u00e4 valikoiden ja j\u00e4tt\u00e4\u00e4 paljon tilaa omille tulkinnoille, ja antaa paljon taiteellisia vapauksia tekij\u00f6ille.<\/p>\n<p>Olen erityisesti Yle Areenan monipuolisen audiotarjonnan my\u00f6t\u00e4 tutustunut audioesseisiin ja kokenut ne paitsi mielenkiintoisiksi kuunnella my\u00f6s mahdollisuutena ilmaista itse itse\u00e4ni aikaisempaa monipuolisemmin. Pid\u00e4n itse\u00e4ni monimediataiteilijana, sill\u00e4 taiteellinen ty\u00f6skentelyni sis\u00e4lt\u00e4\u00e4 l\u00e4hes aina muitakin ty\u00f6skentely- ja ilmaisumuotoja kuin pelk\u00e4n musiikin. Koen esimerkiksi uuden musiikin luomisen hyvin visuaaliseksi prosessiksi, jossa k\u00e4yt\u00e4n hyv\u00e4ksi tarinankerronnallista ja kuvataiteellista osaamistani. S\u00e4vellysprosessini saattaa alkaa v\u00e4rikartan maalaamisesta ensin mieless\u00e4ni ja sitten konkreettisesti paperille, ja kehyskertomusten hahmottelusta.<\/p>\n<p>Audioesseen valmistaminen itse antaa minulle mahdollisuuden yritt\u00e4\u00e4 laajentaa omaa ja kuulijani k\u00e4sityst\u00e4 minusta taiteilijana ja musiikintekij\u00e4n\u00e4. Muusikolla ei yleens\u00e4 ole ennen konserttiaan mahdollisuutta esitt\u00e4\u00e4 yleis\u00f6lle taiteellisen ty\u00f6n prosessejaan, vaan kuulija saa kokea valmiit teokset. Tulevan maisterikonserttini teemat, luontosuhde ja keskener\u00e4isyys, ovat minulle hyvin t\u00e4rkeit\u00e4, ja haluan t\u00e4ll\u00e4 ty\u00f6ll\u00e4 esitell\u00e4 n\u00e4it\u00e4 aiheita ennen konserttia. Toivon ennakkomateriaaliin tutustuvan kuulijan saavan jonkinlaisen k\u00e4sityksen henkil\u00f6kohtaisesta kiinnostuksestani luonnon yhteydest\u00e4 kansanperinteisiin ja -musiikkiin, sek\u00e4 omaan taiteilijuuteeni.<\/p>\n<p>Projektity\u00f6ni on toinen osa Vesilinnun syd\u00e4n -kokonaisuutta. Vesilinnun syd\u00e4n \u2013 Heart of a Loon on kaksiosainen taiteellinen ty\u00f6, jonka ensimm\u00e4inen osuus, audioessee, toimii introna tai peilin\u00e4 toiselle osuudelle, maisterikonsertilleni. Konsertti sis\u00e4lt\u00e4\u00e4 niin ik\u00e4\u00e4n paljon luontotematiikkaa, jota ei kuitenkaan selitet\u00e4 sanallisin keinoin, vaan p\u00e4\u00e4painoina on ihmis\u00e4\u00e4nen luonnolliset s\u00e4vyt ja itsens\u00e4 kokeminen ymp\u00e4rist\u00f6ss\u00e4. My\u00f6s jotkin audioesseen musiikilliset materiaalit ja yksitt\u00e4iset aiheet tulevat todenn\u00e4k\u00f6isesti sis\u00e4ltym\u00e4\u00e4n konserttiini.<\/p>\n<p>Haluan antaa maisterikonserttini yleis\u00f6lle mahdollisuuden kuunnella audioesseen ennen konserttiani jakamalla sit\u00e4 hyviss\u00e4 ajoin julkisesti. Audioessee toimii introna konsertilleni, ja se sis\u00e4lt\u00e4\u00e4 ajatuksia, jotka eiv\u00e4t mahtuisi k\u00e4siohjelmaan. Toisaalta haluan, ett\u00e4 audioessee sek\u00e4 maisterikonserttini toimisivat hyvin itsen\u00e4isin\u00e4kin teoksina.<\/p>\n<p>Tavoitteenani on kokeilla t\u00e4t\u00e4 itselleni uutta ilmaisumuotoa ja pohtia sen mahdollisuuksia tulevaisuuden ty\u00f6skentelyss\u00e4ni. Erilaisten taiteellisten elementtien yhdist\u00e4minen on minulle tuttu ja t\u00e4rke\u00e4 tapa ty\u00f6skennell\u00e4, ja audioessee n\u00e4ytt\u00e4isi hyv\u00e4lt\u00e4 mahdollisuudelta kokeilla itseilmaisua, johon aiemmat tekemiseni eiv\u00e4t ole ylt\u00e4neet.<\/p>\n<p>Tavoitteeni on tehd\u00e4 valmis, noin 30\u201445 minuutin pituinen audioessee, joka sis\u00e4lt\u00e4\u00e4 itse kirjoittamiani ja valmiista kirjallisuudesta lainattuja tekstej\u00e4, ty\u00f6t\u00e4 varten valmistamaani ja esitt\u00e4m\u00e4\u00e4ni musiikkia sek\u00e4 tallentamiani kentt\u00e4-\u00e4\u00e4nityksi\u00e4.<\/p>\n<p>Koska minulla on vain hyvin v\u00e4h\u00e4n kokemusta \u00e4\u00e4nenmuokkausohjelmien k\u00e4ytt\u00e4misest\u00e4, aloitan k\u00e4yt\u00e4nn\u00f6ss\u00e4 l\u00e4hes alusta ohjelmien parissa ty\u00f6skentelyn. Ty\u00f6tunteja ohjelmien opetteluun ja audioesseen viilaamiseen saisi upotettua hyvinkin paljon, mink\u00e4 joudun ottamaan huomioon omassa aikataulussani. K\u00e4yt\u00e4nn\u00f6ss\u00e4 t\u00e4m\u00e4n projektity\u00f6n kannalta t\u00e4m\u00e4 tarkoittaa sit\u00e4, etten l\u00e4ht\u00f6kohtaisesti yrit\u00e4 luoda teknisesti liian monimutkaista ja kunnianhimoista audiota, vaan pikemminkin tutustun aiheeseen ja luotan siihen, ett\u00e4 jo yksinkertaiset ideat ja ratkaisut kantavat. En pyri heti ensimm\u00e4isell\u00e4 kokeilulla t\u00e4ydelliseen radiovalmiiseen tuotokseen, ja jos tai kun innostun audiomuokkauksesta enemm\u00e4n, voin tulevaisuudessa jatkaa taitojeni kehitt\u00e4mist\u00e4.<\/p>","protected":false},"excerpt":{"rendered":"<div class=\"nimi\">Projektity\u00f6<br \/>\nTaideyliopiston Sibelius Akatemia<br \/>\nKansanmusiikin aineryhm\u00e4<br \/>\nKev\u00e4t 2023<\/div>","protected":false},"featured_media":0,"comment_status":"closed","ping_status":"closed","template":"","meta":{"_acf_changed":false},"product_brand":[],"product_cat":[81,76],"product_tag":[],"class_list":{"0":"post-3770","1":"product","2":"type-product","3":"status-publish","5":"product_cat-maisteriopinnot","6":"product_cat-opinnaytteet","8":"first","9":"instock","10":"shipping-taxable","11":"product-type-simple"},"acf":[],"_links":{"self":[{"href":"https:\/\/etno.net\/en\/wp-json\/wp\/v2\/product\/3770","targetHints":{"allow":["GET"]}}],"collection":[{"href":"https:\/\/etno.net\/en\/wp-json\/wp\/v2\/product"}],"about":[{"href":"https:\/\/etno.net\/en\/wp-json\/wp\/v2\/types\/product"}],"replies":[{"embeddable":true,"href":"https:\/\/etno.net\/en\/wp-json\/wp\/v2\/comments?post=3770"}],"wp:attachment":[{"href":"https:\/\/etno.net\/en\/wp-json\/wp\/v2\/media?parent=3770"}],"wp:term":[{"taxonomy":"product_brand","embeddable":true,"href":"https:\/\/etno.net\/en\/wp-json\/wp\/v2\/product_brand?post=3770"},{"taxonomy":"product_cat","embeddable":true,"href":"https:\/\/etno.net\/en\/wp-json\/wp\/v2\/product_cat?post=3770"},{"taxonomy":"product_tag","embeddable":true,"href":"https:\/\/etno.net\/en\/wp-json\/wp\/v2\/product_tag?post=3770"}],"curies":[{"name":"wp","href":"https:\/\/api.w.org\/{rel}","templated":true}]}}