{"id":3775,"date":"2023-05-24T16:20:58","date_gmt":"2023-05-24T14:20:58","guid":{"rendered":"https:\/\/etno.net\/?post_type=product&#038;p=3775"},"modified":"2023-05-24T16:33:58","modified_gmt":"2023-05-24T14:33:58","slug":"oi-miksi-on-meita-niin-vahan-harmonikan-ja-lauluaanen-suhde-havaintoja-sovituksellisista-rooleista-yhdistamisen-haasteista-ja-aanien-yhteen-sulautumisesta","status":"publish","type":"product","link":"https:\/\/etno.net\/en\/julkaisu\/opinnaytteet\/maisteriopinnot\/oi-miksi-on-meita-niin-vahan-harmonikan-ja-lauluaanen-suhde-havaintoja-sovituksellisista-rooleista-yhdistamisen-haasteista-ja-aanien-yhteen-sulautumisesta","title":{"rendered":"\u201dOi miksi on meit\u00e4 niin v\u00e4h\u00e4n\u201d \u2013 Harmonikan ja laulu\u00e4\u00e4nen suhde \u2013 havaintoja sovituksellisista rooleista, yhdist\u00e4misen haasteista ja \u00e4\u00e4nien yhteen sulautumisesta"},"content":{"rendered":"<h2>Sis\u00e4llysluettelo<\/h2>\n<p><strong>1 Johdanto<\/strong><\/p>\n<p><strong>2 Taustaa harmonikansoiton ja laulun yhdist\u00e4misest\u00e4<\/strong><\/p>\n<p><strong>3 Toteutus<\/strong><\/p>\n<p><strong>4 Tavoitteet ja oletukset<\/strong><\/p>\n<p><strong>5 Sovitusversiot ja taustaa sovituksista<\/strong><\/p>\n<p style=\"padding-left: 40px\">5.1 Versio 1<\/p>\n<p style=\"padding-left: 80px\">5.1.1 Sovituksesta<\/p>\n<p style=\"padding-left: 40px\">5.2 Versio 2<\/p>\n<p style=\"padding-left: 80px\">5.2.1 Sovituksesta<\/p>\n<p style=\"padding-left: 40px\">5.3 Versio 3<\/p>\n<p style=\"padding-left: 80px\">5.3.1 Sovituksesta<\/p>\n<p style=\"padding-left: 40px\">5.4 Versio 4<\/p>\n<p style=\"padding-left: 80px\">5.4.1 Sovituksesta<\/p>\n<p style=\"padding-left: 40px\">5.5 Versio 5<\/p>\n<p style=\"padding-left: 80px\">5.5.1 Sovituksesta<\/p>\n<p style=\"padding-left: 40px\">5.6 Versio 6<\/p>\n<p style=\"padding-left: 80px\">5.6.1 Sovituksesta<\/p>\n<p><strong>6 Prosessianalyysi<\/strong><\/p>\n<p style=\"padding-left: 40px\">6.1 Motorisista haasteista yleisesti<\/p>\n<p style=\"padding-left: 40px\">6.2 Havaintoja 1. versiosta &#8211; toisistaan eri\u00e4vien melodioiden ja roolien yhteen sulautuminen<\/p>\n<p style=\"padding-left: 40px\">6.3 Havaintoja 2. versiosta &#8211; laulu\u00e4\u00e4nen sulautumisesta harmonikan \u00e4\u00e4neen ja resonanssista<\/p>\n<p style=\"padding-left: 40px\">6.4 Havaintoja 3. versiosta &#8211; sointumerkkien vaikutus sek\u00e4 ajatuksia melodian laulamisesta ilman sanoja<\/p>\n<p style=\"padding-left: 40px\">6.5 Havaintoja 4. versiosta &#8211; poikkeavan harmonian haasteet<\/p>\n<p style=\"padding-left: 40px\">6.6 Havaintoja 5. versiosta &#8211; keskittymist\u00e4 vaativa sovitus<\/p>\n<p style=\"padding-left: 40px\">6.7 Havaintoja 6. versiosta &#8211; monipuolisesti haastava sovitus<\/p>\n<p><strong>7 &#8221;Oi miksi on meit\u00e4 niin v\u00e4h\u00e4n&#8221; &#8211; maisterikonserttisovitus\/s\u00e4vellys<\/strong><\/p>\n<p><strong>8 Lopuksi<\/strong><\/p>\n<p><strong>9 L\u00e4hteet<\/strong><\/p>\n<h2>Johdanto<\/h2>\n<p>Harmonikan soittaminen ja laulaminen ovat olleet aina luonnollinen osa muusikkouttani. En kuitenkaan ole yhdist\u00e4nyt n\u00e4it\u00e4 kahta ennen kuin vasta nelisen vuotta sitten, kun tein sovituksia laulu- ja soittoyhtyeelle. Siin\u00e4 yhdistin ensimm\u00e4isen kerran haitaria ja laulua niin, ett\u00e4 haitarin rooli oli my\u00f6s ik\u00e4\u00e4n kuin oma stemmansa kokonaisuudessa, eik\u00e4 niink\u00e4\u00e4n vain s\u00e4est\u00e4v\u00e4ss\u00e4 roolissa. Aloin samoihin aikoihin kehitt\u00e4\u00e4 my\u00f6s solistista laulamista kuoro- ja taustalaulamisen sijaan, jolloin koin my\u00f6s luonnolliseksi, ett\u00e4 aloin tehd\u00e4 sit\u00e4 enemm\u00e4n my\u00f6s p\u00e4\u00e4instrumenttini harmonikan kanssa. Minua on pitk\u00e4\u00e4n kiinnostanut, kuinka toisistaan merkitt\u00e4v\u00e4sti eri\u00e4vi\u00e4 ja haastavia melodioita ja s\u00e4velkulkuja onkaan mahdollista soittaa ja laulaa yht\u00e4 aikaa, ja mit\u00e4 siin\u00e4 onnistuminen vaatii. Halusin l\u00e4hesty\u00e4 laulun ja soiton yhdist\u00e4mist\u00e4 n\u00e4k\u00f6kulmasta, jossa laulu ei ole aina melodian roolissa ja soitto s\u00e4est\u00e4v\u00e4ss\u00e4 roolissa. Olennaisena tekij\u00e4n\u00e4 n\u00e4in my\u00f6s sen, ett\u00e4 laulu\u00e4\u00e4nell\u00e4 ei ole sanoja, vaan se olisi soittimen \u00e4\u00e4nten kanssa tasavertainen \u00e4\u00e4ni. Tarkastelin siis tilannetta, jossa laulu\u00e4\u00e4nell\u00e4 ja molemmilla k\u00e4sill\u00e4 on selke\u00e4sti omat roolit, jotka v\u00e4lill\u00e4 sulautuvat toisiinsa mutta v\u00e4lill\u00e4 kulkevat toisistaan poikkeavia linjoja. Olin projektin aloittamisen aikoihin t\u00f6rm\u00e4nnyt sattumalta \u201cOi miks on meit\u00e4 n\u00e4in v\u00e4h\u00e4isen\u201d -s\u00e4velm\u00e4\u00e4n arkistonauha\u00e4\u00e4nitteell\u00e4 ja sen melodia puhutteli minua ja melodista s\u00e4vellystyyli\u00e4ni (SKS\u00c4 SAK223:25. 1906). P\u00e4\u00e4tin sovittaa t\u00e4st\u00e4 inkeril\u00e4isest\u00e4 runolaulumelodiasta projektity\u00f6t\u00e4 varten kuusi eri versiota. N\u00e4iss\u00e4 oikealla k\u00e4dell\u00e4 eli diskantilla, vasemmalla k\u00e4dell\u00e4 eli bassolla sek\u00e4 laulu\u00e4\u00e4nell\u00e4 vaihtelin kolmea eri roolia, jotka olivat s\u00e4estys, stemma ja melodia. Sovitin versiot l\u00e4hes t\u00e4ysin pelk\u00e4n Sibelius-nuotinnusohjelman avulla ilman harmonikkaa, jotta versioiden soittamisen opettelu l\u00e4htisi mahdollisimman alusta. \u00c4\u00e4nitin omaa harjoitteluani ja kirjoitin harjoitteluprosessista ajatuksia muistiin. \u00c4\u00e4nitteit\u00e4 ja muistiinpanoja tarkastelemalla p\u00e4\u00e4sin analysoimaan harmonikan soiton ja laulun yhdist\u00e4mist\u00e4.<\/p>\n<p>Prosessin aikana s\u00e4velsin ja harjoittelin samalla maisterikonserttiani, jossa suurimmassa osassa kappaleista my\u00f6s lauloin ja soitin yht\u00e4 aikaa. Lis\u00e4ksi tein maisterikonserttiin pidemm\u00e4n sovitus-s\u00e4vellyksen \u201cOi miks on meit\u00e4 n\u00e4in v\u00e4h\u00e4isen\u201d -laulumelodian pohjalta ja sis\u00e4llytin siihen kohtia my\u00f6hemmin t\u00e4ss\u00e4 ty\u00f6ss\u00e4 esittelemist\u00e4ni versioista 1. ja 5. Konsertin kappaleiden harjoitteleminen antoi omalta osaltaan lis\u00e4\u00e4 kokemusta ja n\u00e4k\u00f6kulmia my\u00f6s t\u00e4h\u00e4n projektity\u00f6h\u00f6n.<\/p>","protected":false},"excerpt":{"rendered":"<p>Projektity\u00f6<br \/>\nTaideyliopiston Sibelius Akatemia<br \/>\nKansanmusiikin aineryhm\u00e4<br \/>\nKev\u00e4t 2023<\/p>","protected":false},"featured_media":0,"comment_status":"closed","ping_status":"closed","template":"","meta":{"_acf_changed":false},"product_brand":[],"product_cat":[81,76],"product_tag":[],"class_list":{"0":"post-3775","1":"product","2":"type-product","3":"status-publish","5":"product_cat-maisteriopinnot","6":"product_cat-opinnaytteet","8":"first","9":"instock","10":"shipping-taxable","11":"product-type-simple"},"acf":[],"_links":{"self":[{"href":"https:\/\/etno.net\/en\/wp-json\/wp\/v2\/product\/3775","targetHints":{"allow":["GET"]}}],"collection":[{"href":"https:\/\/etno.net\/en\/wp-json\/wp\/v2\/product"}],"about":[{"href":"https:\/\/etno.net\/en\/wp-json\/wp\/v2\/types\/product"}],"replies":[{"embeddable":true,"href":"https:\/\/etno.net\/en\/wp-json\/wp\/v2\/comments?post=3775"}],"wp:attachment":[{"href":"https:\/\/etno.net\/en\/wp-json\/wp\/v2\/media?parent=3775"}],"wp:term":[{"taxonomy":"product_brand","embeddable":true,"href":"https:\/\/etno.net\/en\/wp-json\/wp\/v2\/product_brand?post=3775"},{"taxonomy":"product_cat","embeddable":true,"href":"https:\/\/etno.net\/en\/wp-json\/wp\/v2\/product_cat?post=3775"},{"taxonomy":"product_tag","embeddable":true,"href":"https:\/\/etno.net\/en\/wp-json\/wp\/v2\/product_tag?post=3775"}],"curies":[{"name":"wp","href":"https:\/\/api.w.org\/{rel}","templated":true}]}}