{"id":3782,"date":"2023-06-06T10:46:13","date_gmt":"2023-06-06T08:46:13","guid":{"rendered":"https:\/\/etno.net\/?post_type=product&#038;p=3782"},"modified":"2023-06-06T10:46:14","modified_gmt":"2023-06-06T08:46:14","slug":"vaanija-yhden-savellyksen-synty","status":"publish","type":"product","link":"https:\/\/etno.net\/en\/julkaisu\/opinnaytteet\/maisteriopinnot\/vaanija-yhden-savellyksen-synty","title":{"rendered":"Vaanija \u2013 yhden s\u00e4vellyksen synty"},"content":{"rendered":"<h2>Sis\u00e4llysluettelo<\/h2>\n<p><strong>1 Johdanto<\/strong><\/p>\n<p style=\"padding-left: 40px\">1.1 Taustaa<br \/>\n1.2 S\u00e4velt\u00e4v\u00e4n\u00e4 kanttorina<br \/>\n1.3 S\u00e4velt\u00e4v\u00e4n\u00e4 kansanmuusikkona<\/p>\n<p><strong>2 S\u00e4vellysprosessi<\/strong><\/p>\n<p style=\"padding-left: 40px\">2.1 Itsen\u00e4iset ty\u00f6skentelyt<br \/>\n2.2 Ty\u00f6skentely muiden kanssa<\/p>\n<p><strong>3 Johtop\u00e4\u00e4t\u00f6kset<\/strong><\/p>\n<p><strong>Liite<\/strong><\/p>\n<p><strong>L\u00e4hteet<\/strong><\/p>\n<h2>Johdanto<\/h2>\n<p>Jos oikein muistan, niin ensimm\u00e4inen nuotinnettu s\u00e4vellykseni syntyi 1990-luvun loppupuolella Nastolassa. S\u00e4vellys on kahdeksan tahdin mittainen, duurissa ja pianoteos. Kappaleen ambitus ei ole kovin laaja, eih\u00e4n ollut s\u00e4velt\u00e4j\u00e4n k\u00e4den ulottuvuuskaan. Sek\u00e4 oikean k\u00e4den soittama diskanttipuoli ett\u00e4 vasemman k\u00e4den puoli on kirjoitettu tarkasti ulos. Teos sai luontoaiheisen nimen Pikku Sammakko, ja se kuuluu niihin harvoihin s\u00e4velt\u00e4miini kappaleisiin, jotka ovat ylip\u00e4\u00e4t\u00e4\u00e4n saaneet nimen. Kappale j\u00e4i l\u00e4hinn\u00e4 perhepiirin tietoon.\u00a0 T\u00e4m\u00e4n kokeilun j\u00e4lkeen aikaa kuluikin reilusti yli kymmenen vuotta, ennen kuin sain taas aikaiseksi jotain, mit\u00e4 uskalsin kutsua s\u00e4vellykseksi.<\/p>\n<figure class=\"wp-block-image size-full is-resized\"><img fetchpriority=\"high\" decoding=\"async\" class=\"wp-image-17554\" src=\"https:\/\/intra.etno.net\/wp-content\/uploads\/SonjaProjektityo%CC%88kuva1.jpg\" alt=\"\" width=\"477\" height=\"253\" \/><figcaption class=\"wp-element-caption\">Pikku Sammakko, ensimm\u00e4inen s\u00e4vellys (alkuper\u00e4inen nuotti)<\/figcaption><\/figure>\n<p>Huolimatta siit\u00e4, ett\u00e4 kuvailemani ensimm\u00e4inen s\u00e4vellyskerta oli ehk\u00e4 enemm\u00e4nkin jonkinlaista lapsen roolileikki\u00e4 kuin varsinaista tarkoitusta tuottaa sis\u00e4ll\u00f6lt\u00e4\u00e4n merkityksellinen s\u00e4vellys, muistan silti tunnetilan kuinka hienoa oli luoda uutta ja siirt\u00e4\u00e4 jotakin omista k\u00e4sist\u00e4 l\u00e4htenytt\u00e4 paperille. Oli suuri ylpeys saada piirt\u00e4\u00e4 nuotteja, jotka olivat kuin koodikielt\u00e4 silloin: harva niist\u00e4 ymm\u00e4rsi ja vaikka itsek\u00e4\u00e4n en osannut viel\u00e4 paljoa, tuntui silti silt\u00e4 ett\u00e4 t\u00e4ss\u00e4 ollaan jonkin todella hienon ja taianomaisen \u00e4\u00e4rell\u00e4. Nyt, yli kaksikymment\u00e4 vuotta my\u00f6hemmin, olen ehtinyt kerrytt\u00e4\u00e4 musiikillista osaamista, varmuutta ja rutiinia jo melkoisesti, mutta s\u00e4velt\u00e4misest\u00e4 pystyn yh\u00e4 parhaina hetkin\u00e4 l\u00f6yt\u00e4m\u00e4\u00e4n tuota samaa, Pikku Sammakon aikaista lapsenomaista luomisen riemua.<\/p>\n<p>T\u00e4m\u00e4 projektity\u00f6 k\u00e4sittelee yhden maisterikonsertissani esitett\u00e4v\u00e4n kappaleen, Vaanijan, s\u00e4vellysprosessin taiteellisen osuuden ja kirjallisen raportoinnin t\u00e4st\u00e4 prosessista. Projektity\u00f6 ajoittuu tammi\u2013toukokuulle 2023 alkaen siit\u00e4, kun ensimm\u00e4isen kerran aloitin uuden s\u00e4vellyksen kanssa ty\u00f6skentelyn ja p\u00e4\u00e4ttyen toukokuuhun, jolloin ty\u00f6st\u00e4mme yhdess\u00e4 b\u00e4ndin kanssa jo esityskuntoista kappaletta. Lis\u00e4ksi liit\u00e4n projektity\u00f6h\u00f6ni maisterikonserttini linkin, jonka kautta Vaanija on kuultavissa. T\u00e4m\u00e4 projekti on siis s\u00e4vellysty\u00f6, jossa sek\u00e4 s\u00e4vell\u00e4n ett\u00e4 soitan kappaleen itse, eli s\u00e4vell\u00e4n musiikkia itselleni ja yhtyeelleni.<\/p>\n<p>T\u00e4ss\u00e4 projektity\u00f6n kirjallisessa raportissa k\u00e4yt\u00e4n esimerkkein\u00e4 prosessin etenemisest\u00e4 nuotinnoksia, \u00e4\u00e4nitteit\u00e4 ja p\u00e4iv\u00e4kirjamaista teksti\u00e4, jossa kuvaan kunkin s\u00e4vellystuokion vireystilaa, ongelmia ja haasteita, oivalluksia tai mit\u00e4 nyt sill\u00e4 hetkell\u00e4 tapahtuukin. Toisinaan t\u00e4m\u00e4 tapahtuu tajunnanvirtamaisesti mutta kuitenkin niin, ett\u00e4 se t\u00e4ss\u00e4 raportissa hahmottuu j\u00e4rkev\u00e4ksi, luettavaksi kokonaisuudeksi. Ty\u00f6ni tueksi tutustuin joihinkin henkil\u00f6kohtaiseen s\u00e4vellysty\u00f6h\u00f6n keskittyviin tohtorintutkintojen kirjallisiin osioihin kansanmusiikin alalla: viulisti-laulaja P\u00e4ivi Hirvosen tutkielmaan\u00a0<em>Soolosoiton mahti \u2013 laulava viulisti nykykansanmusiikin s\u00e4velt\u00e4j\u00e4n\u00e4 ja esitt\u00e4j\u00e4n\u00e4<\/em>\u00a0(2020), kantelisti Pauliina Syrj\u00e4l\u00e4n ekspositioon\u00a0<em>Lempe\u00e4 nostattamassa \u2013 kansanmuusikko improvisoivana s\u00e4velt\u00e4j\u00e4n\u00e4<\/em>\u00a0(2020), sek\u00e4 haitaristi Antti Paalasen kirjalliseen ty\u00f6h\u00f6n\u00a0<em>Palkeen kieli \u2013 vaihto\u00e4\u00e4nisen haitarin paljerytmiikka s\u00e4vellysty\u00f6ss\u00e4<\/em>\u00a0(2015).<\/p>\n<p>Kuinka\u00a0 s\u00e4vell\u00e4n uuden kappaleen? Mist\u00e4 saan ideat, tai mik\u00e4 yleens\u00e4 toimii motiivina uuden kappaleen syntymiselle? Olenko s\u00e4velt\u00e4j\u00e4n\u00e4 enemm\u00e4n intuitiivinen vai analyyttinen, ent\u00e4 kauanko yleens\u00e4 s\u00e4vellysty\u00f6skentely kest\u00e4\u00e4? N\u00e4it\u00e4 kysymyksi\u00e4 en ollut itse tullut edes ajatelleeksi ennen kuin k\u00e4vin keskustelua siskoni, ammattihuilisti Hanna Tissarin kanssa. Olimme muistaakseni olleet tilanteessa, jossa h\u00e4n sai soitettavakseen s\u00e4velt\u00e4m\u00e4ni tuotoksen, ja my\u00f6hemmin harjoitusten j\u00e4lkeen h\u00e4n esitti keskustelun lomassa mietteen siit\u00e4, miten olisi mielenkiintoista tiet\u00e4\u00e4, mit\u00e4 s\u00e4velt\u00e4j\u00e4n p\u00e4\u00e4ss\u00e4 tapahtuu. En sill\u00e4 hetkell\u00e4 pystynyt antamaan kovin tarkentavaa vastausta, ja t\u00e4st\u00e4 sitten syntyikin ajatus projektity\u00f6h\u00f6n: tutkia ja kirjoittaa yl\u00f6s omaa s\u00e4velt\u00e4mist\u00e4ni mahdollisimman tarkasti.<\/p>\n<p>Maisteriopinnoissani kansanmusiikin aineryhm\u00e4ss\u00e4 tavoitteenani on ollut kehitty\u00e4 erityisesti esiintyv\u00e4n\u00e4 artistina ja varsinkin tuoda esiin omaa solistista puoltani kanttori-kansanmuusikko-pianistina. Koen, ett\u00e4 varsinkin viimeisen nelj\u00e4n-viiden vuoden aikana erityisesti musiikin s\u00e4velt\u00e4minen on ollut yksi parhaimmista keinoista n\u00e4ytt\u00e4\u00e4, millainen muusikko ja taiteilija min\u00e4 olen. Pureudun siis t\u00e4ss\u00e4 projektity\u00f6ss\u00e4 muusikkouteeni ja taiteilijuuteeni s\u00e4velt\u00e4misen kautta, ja analysoin sek\u00e4 reflektoin omaa ty\u00f6skentely\u00e4ni Vaanija-teoksen parissa.<\/p>","protected":false},"excerpt":{"rendered":"<p>Projektity\u00f6<br \/>\nTaideyliopiston Sibelius Akatemia<br \/>\nKansanmusiikin aineryhm\u00e4<br \/>\nKev\u00e4t 2023<\/p>","protected":false},"featured_media":0,"comment_status":"closed","ping_status":"closed","template":"","meta":{"_acf_changed":false},"product_brand":[],"product_cat":[81,76],"product_tag":[],"class_list":{"0":"post-3782","1":"product","2":"type-product","3":"status-publish","5":"product_cat-maisteriopinnot","6":"product_cat-opinnaytteet","8":"first","9":"instock","10":"shipping-taxable","11":"product-type-simple"},"acf":[],"_links":{"self":[{"href":"https:\/\/etno.net\/en\/wp-json\/wp\/v2\/product\/3782","targetHints":{"allow":["GET"]}}],"collection":[{"href":"https:\/\/etno.net\/en\/wp-json\/wp\/v2\/product"}],"about":[{"href":"https:\/\/etno.net\/en\/wp-json\/wp\/v2\/types\/product"}],"replies":[{"embeddable":true,"href":"https:\/\/etno.net\/en\/wp-json\/wp\/v2\/comments?post=3782"}],"wp:attachment":[{"href":"https:\/\/etno.net\/en\/wp-json\/wp\/v2\/media?parent=3782"}],"wp:term":[{"taxonomy":"product_brand","embeddable":true,"href":"https:\/\/etno.net\/en\/wp-json\/wp\/v2\/product_brand?post=3782"},{"taxonomy":"product_cat","embeddable":true,"href":"https:\/\/etno.net\/en\/wp-json\/wp\/v2\/product_cat?post=3782"},{"taxonomy":"product_tag","embeddable":true,"href":"https:\/\/etno.net\/en\/wp-json\/wp\/v2\/product_tag?post=3782"}],"curies":[{"name":"wp","href":"https:\/\/api.w.org\/{rel}","templated":true}]}}