{"id":3785,"date":"2023-06-22T10:27:54","date_gmt":"2023-06-22T08:27:54","guid":{"rendered":"https:\/\/etno.net\/?post_type=product&#038;p=3785"},"modified":"2023-06-27T09:09:21","modified_gmt":"2023-06-27T07:09:21","slug":"kokemuksia-yhteissaveltamisesta","status":"publish","type":"product","link":"https:\/\/etno.net\/en\/julkaisu\/opinnaytteet\/maisteriopinnot\/kokemuksia-yhteissaveltamisesta","title":{"rendered":"Kokemuksia yhteiss\u00e4velt\u00e4misest\u00e4"},"content":{"rendered":"<h2>Sis\u00e4llysluettelo<\/h2>\n<p><strong>Johdanto<\/strong><\/p>\n<p><strong>Yhteiss\u00e4velt\u00e4misest\u00e4<\/strong><\/p>\n<p><strong>Ty\u00f6skentelytavat<\/strong><\/p>\n<p><strong>Yhden yhteiss\u00e4vellysprosessin kuvaus: Tammen menuetti<\/strong><\/p>\n<p><strong>Yhteiss\u00e4velt\u00e4minen maisterikonserttia varten<\/strong><\/p>\n<p style=\"padding-left: 40px\">Tuhkaa ja laavaa<br \/>\nTotuuden verhot<br \/>\nYli kuilun<\/p>\n<p><strong>Lopuksi<\/strong><\/p>\n<h2>Johdanto<\/h2>\n<p>T\u00e4m\u00e4n projektity\u00f6n tavoitteena oli s\u00e4velt\u00e4\u00e4 Animagios-teemainen konserttikokonaisuus yhdess\u00e4 Santte Salosen kanssa ja hioa yhteiss\u00e4velt\u00e4misen tapojamme. Projektity\u00f6n kirjallinen osuus keskittyy s\u00e4velt\u00e4j\u00e4duomme s\u00e4vellysprosessin analysointiin ja yhteiss\u00e4velt\u00e4miseen yleisell\u00e4 tasolla.<\/p>\n<h2>Yhteiss\u00e4velt\u00e4misest\u00e4<\/h2>\n<p>Yhteiss\u00e4velt\u00e4misell\u00e4 tarkoitan useamman s\u00e4velt\u00e4j\u00e4n yhteisty\u00f6t\u00e4 uuden musiikkiteoksen luomiseksi. J\u00e4t\u00e4n m\u00e4\u00e4ritelm\u00e4n ulkopuolelle siis erillisen s\u00e4velt\u00e4j\u00e4n ja sovittajan yhteisty\u00f6n. Sovittamisella tarkoitan t\u00e4ss\u00e4 valmiin musiikkiteoksen muuntelua. K\u00e4sittelen t\u00e4ss\u00e4 projektity\u00f6ss\u00e4 ensisijaisesti kahden s\u00e4velt\u00e4j\u00e4n yhteisty\u00f6t\u00e4, sill\u00e4 siit\u00e4 minulla on eniten kokemusta.<\/p>\n<p>Monille s\u00e4velt\u00e4minen tuntuu olevan yksin\u00e4ist\u00e4 omien tuntojen purkamista, johon eiv\u00e4t muiden ajatukset sovi. Vastaani on tullut my\u00f6s suoranaista yhteiss\u00e4velt\u00e4misen vastustamista; yleens\u00e4 argumentteina yhteiss\u00e4velt\u00e4mist\u00e4 vastaan ovat oletetut kompromissit tai vaihtoehtoisesti sekava ja ep\u00e4yhten\u00e4inen lopputulos. Joissain tapauksissa huoli voi olla validi, en kuitenkaan yleist\u00e4isi t\u00e4t\u00e4 koskemaan kaikkea yhteiss\u00e4velt\u00e4mist\u00e4.<\/p>\n<p>Yhteiss\u00e4velt\u00e4minen vaatii avoimuutta toisten ajatuksille ja kritiikin vastaanottokyky\u00e4, mutta tuo mielest\u00e4ni musiikintekemiseen paljon uusia mahdollisuuksia. Yhdess\u00e4 s\u00e4velt\u00e4ess\u00e4 oppii toiselta, sill\u00e4 molempien ty\u00f6kalut ja tyylituntemus ovat k\u00e4yt\u00f6ss\u00e4. Molemmat toimivat my\u00f6s toistensa \u201ckustannustoimittajina\u201d. Yhdess\u00e4 s\u00e4velt\u00e4ess\u00e4 ei kangistu niin helposti kaavoihin, sill\u00e4 kuulee ideoita, jotka eiv\u00e4t olisi itselle tulleet mieleen. Vastuita voi my\u00f6s jakaa s\u00e4vellysty\u00f6n mekaanisemmissa vaiheissa, kuten nuottien editoimisessa.<\/p>\n<p>Yhteisty\u00f6 toisen s\u00e4velt\u00e4j\u00e4n kanssa vaatii toimiakseen riitt\u00e4v\u00e4n samanlaisen estetiikan s\u00e4velt\u00e4jien v\u00e4lill\u00e4 sek\u00e4 kommunikointitaitoja. Yhteisty\u00f6n toimiessa yhteiss\u00e4velt\u00e4minen on my\u00f6s hauskaa!<\/p>\n<p>Yhteiss\u00e4velt\u00e4minen sopisi mielest\u00e4ni kaikenlaisen musiikin s\u00e4velt\u00e4miseen, vaikka onkin yleisemp\u00e4\u00e4 populaarimusiikin puolella. Erilaiseen musiikkiin tulee ehk\u00e4 vain k\u00e4ytt\u00e4\u00e4 erilaisia ty\u00f6skentelytapoja.<\/p>","protected":false},"excerpt":{"rendered":"<p>Projektityo\u0308<br \/>\nTaideyliopiston Sibelius-Akatemia<br \/>\nKansanmusiikin aineryhma\u0308<br \/>\nKev\u00e4t 2023<\/p>","protected":false},"featured_media":0,"comment_status":"closed","ping_status":"closed","template":"","meta":{"_acf_changed":false},"product_brand":[],"product_cat":[81,76],"product_tag":[],"class_list":{"0":"post-3785","1":"product","2":"type-product","3":"status-publish","5":"product_cat-maisteriopinnot","6":"product_cat-opinnaytteet","8":"first","9":"instock","10":"shipping-taxable","11":"product-type-simple"},"acf":[],"_links":{"self":[{"href":"https:\/\/etno.net\/en\/wp-json\/wp\/v2\/product\/3785","targetHints":{"allow":["GET"]}}],"collection":[{"href":"https:\/\/etno.net\/en\/wp-json\/wp\/v2\/product"}],"about":[{"href":"https:\/\/etno.net\/en\/wp-json\/wp\/v2\/types\/product"}],"replies":[{"embeddable":true,"href":"https:\/\/etno.net\/en\/wp-json\/wp\/v2\/comments?post=3785"}],"wp:attachment":[{"href":"https:\/\/etno.net\/en\/wp-json\/wp\/v2\/media?parent=3785"}],"wp:term":[{"taxonomy":"product_brand","embeddable":true,"href":"https:\/\/etno.net\/en\/wp-json\/wp\/v2\/product_brand?post=3785"},{"taxonomy":"product_cat","embeddable":true,"href":"https:\/\/etno.net\/en\/wp-json\/wp\/v2\/product_cat?post=3785"},{"taxonomy":"product_tag","embeddable":true,"href":"https:\/\/etno.net\/en\/wp-json\/wp\/v2\/product_tag?post=3785"}],"curies":[{"name":"wp","href":"https:\/\/api.w.org\/{rel}","templated":true}]}}