{"id":3787,"date":"2023-06-26T09:56:54","date_gmt":"2023-06-26T07:56:54","guid":{"rendered":"https:\/\/etno.net\/?post_type=product&#038;p=3787"},"modified":"2023-06-26T09:56:54","modified_gmt":"2023-06-26T07:56:54","slug":"perinnetta-massoille-kansanmusiikkikuplan-ulkopuolisen-yleison-tavoittaminen-kansanlauluaiheisella-videolla-youtubessa","status":"publish","type":"product","link":"https:\/\/etno.net\/en\/julkaisu\/opinnaytteet\/maisteriopinnot\/perinnetta-massoille-kansanmusiikkikuplan-ulkopuolisen-yleison-tavoittaminen-kansanlauluaiheisella-videolla-youtubessa","title":{"rendered":"Perinnett\u00e4 massoille \u2013 Kansanmusiikkikuplan ulkopuolisen yleis\u00f6n tavoittaminen kansanlauluaiheisella videolla YouTubessa"},"content":{"rendered":"<h2>Sis\u00e4llysluettelo<\/h2>\n<p><strong>1 Johdanto ja tavoite<\/strong><\/p>\n<p><strong>2 Vaiheet<\/strong><\/p>\n<p style=\"padding-left: 40px\">2.1 Ideointi<br \/>\n2.2 K\u00e4sikirjoitus<br \/>\n2.3 \u00c4\u00e4nitys<br \/>\n2.4 Kuvaaminen<br \/>\n2.5 Editointi<br \/>\n2.6 Julkaiseminen<\/p>\n<p><strong>3 P\u00e4\u00e4telm\u00e4t<\/strong><\/p>\n<p><strong>4 Liitteet<\/strong><\/p>\n<h2>Johdanto ja tavoite<\/h2>\n<p>El\u00e4m\u00e4ni suurin tavoite on tuoda kansanmusiikki takaisin kansalle. Koen olevani onnekas, kun olen l\u00f6yt\u00e4nyt kansanperinteen ja rakastunut siihen. Harva kuitenkaan altistuu kansanmusiikille el\u00e4m\u00e4ns\u00e4 aikana montaa kertaa. Mielikuvat ovat hyvin kapeita, eik\u00e4 omaa perinnett\u00e4 tunnisteta sit\u00e4 kuullessa. Entisen mammantyt\u00f6t! -duoni keikkojen j\u00e4lkeen yleis\u00f6n tullessa juttelemaan moni kyseli usein, oliko kolmen suomalaisen tradipolskan settimme irlantilaista musiikkia. Kansanmusiikki ja sen tyylipiirteet ovat l\u00e4nsimaisille ihmisille useimmiten vieraita. Irlanti kuitenkin on jotenkin onnistunut tekem\u00e4\u00e4n perinteens\u00e4 maailmanlaajuisesti tunnetuksi, ja t\u00e4m\u00e4 on minunkin n\u00f6yr\u00e4 tavoitteeni urallani suomalaisen kansanmusiikin parissa.<\/p>\n<p>Alkuper\u00e4inen tavoitteeni oli saada karjankutsuaiheiselle videolle YouTubessa niin paljon katselukertoja kuin mahdollista. Ensimm\u00e4isen kerran projektity\u00f6ni ohjaajan kanssa tavattuani kuitenkin ymm\u00e4rsin, ett\u00e4 se voi olla turhan vaikea br\u00e4nd\u00e4t\u00e4. P\u00e4\u00e4dyin suunnittelemaan videoita, jotka yleis\u00f6n olisi helpompaa l\u00f6yt\u00e4\u00e4: \u201c1000 Years of Finnish Pop Music\u201d, \u201cAmazing Singing Techniques You Should Learn\u201d ja \u201cHow to Sing Any Vocal Solo Like Loituma\u2019s Ievan polkka\u201d. Ensimm\u00e4isen videon parissa ty\u00f6skentely kuitenkin vei niin paljon aikaa, ett\u00e4 valitsin lopulta projektity\u00f6h\u00f6ni ainoastaan \u201c1000 Years of Finnish Pop Music\u201d -videon. Lopulliseksi videon nimeksi tuli \u201c1000 Years of Finnish Pop Music and Fashion\u201d kuvausten j\u00e4lkeen tajuttuani, kuinka upea katsaus historiaan video on vaatetuksenkin puolesta.<\/p>\n<p>On vaikeaa arvioida etuk\u00e4teen kuinka paljon katselukertoja videoni saattaisi saada. Projektini ohjaajan Marina Iakovlevan YouTube-kanavalla \u2018Dating Beyond Borders\u2019 on yli 0,5 miljoonaa tilaajaa. H\u00e4nenkin videoidensa katselukerrat vaihtelevat todella paljon: noin vuoden vanhojen videoiden katselukerrat voivat kesken\u00e4\u00e4n vaihdella kymmenest\u00e4 tuhannesta (10 000) miljoonaan (1 000 000). Projektin alussa ennen projektivideon julkaisemista omalla kanavallani on 46 tilaajaa ja 4 julkista videota. 3,5 vuotta vanhalla kanteleluokassa loopperin ja viulun kanssa laulaen tehdyll\u00e4 videolla on 2800 katselua ja reilu 2 vuotta vanhoilla kandikonsertistani kuvatuilla kolmella videoilla on jokaisella noin 500. Vaikka ohjaajani kertoi, mill\u00e4 tavalla YouTube toimii ja miten k\u00e4ytt\u00e4j\u00e4t l\u00f6yt\u00e4v\u00e4t videoiden pariin, matala tilaajam\u00e4\u00e4r\u00e4ni ei ainakaan auta yleis\u00f6n tavoittamisessa. Asetan tavoitteeksi kuitenkin saada videolleni yli 10 000 katselua kolmen kuukauden sis\u00e4ll\u00e4.<\/p>\n<p>Teen videon englanniksi tavoittaakseni mahdollisimman paljon yleis\u00f6\u00e4. Suomenkieliset laulut tekstitet\u00e4\u00e4n, jotta kaikki ymm\u00e4rt\u00e4v\u00e4t, mist\u00e4 lauletaan. Olen my\u00f6s huomannut, ett\u00e4 suomalaiset tykk\u00e4\u00e4v\u00e4t katsoa Suomeen liittyvi\u00e4 YouTube-videoita englanniksi, joten uskon tavoittavani my\u00f6s suomenkielisen yleis\u00f6n.<\/p>\n<p>&nbsp;<\/p>\n<p>Linkki videoon:\u00a0<a href=\"https:\/\/www.youtube.com\/watch?v=7wTeNT88xe8&amp;ab_channel=VilmaJ%C3%A4%C3%A4\" target=\"_blank\" rel=\"noopener\">1000 Years of Finnish Pop Music and Fashion<\/a><\/p>","protected":false},"excerpt":{"rendered":"<p>Projektity\u00f6<br \/>\nKansanmusiikin aineryhm\u00e4<br \/>\nTaideyliopiston Sibelius-Akatemia<\/p>","protected":false},"featured_media":0,"comment_status":"closed","ping_status":"closed","template":"","meta":{"_acf_changed":false},"product_brand":[],"product_cat":[81,76],"product_tag":[],"class_list":{"0":"post-3787","1":"product","2":"type-product","3":"status-publish","5":"product_cat-maisteriopinnot","6":"product_cat-opinnaytteet","8":"first","9":"instock","10":"shipping-taxable","11":"product-type-simple"},"acf":[],"_links":{"self":[{"href":"https:\/\/etno.net\/en\/wp-json\/wp\/v2\/product\/3787","targetHints":{"allow":["GET"]}}],"collection":[{"href":"https:\/\/etno.net\/en\/wp-json\/wp\/v2\/product"}],"about":[{"href":"https:\/\/etno.net\/en\/wp-json\/wp\/v2\/types\/product"}],"replies":[{"embeddable":true,"href":"https:\/\/etno.net\/en\/wp-json\/wp\/v2\/comments?post=3787"}],"wp:attachment":[{"href":"https:\/\/etno.net\/en\/wp-json\/wp\/v2\/media?parent=3787"}],"wp:term":[{"taxonomy":"product_brand","embeddable":true,"href":"https:\/\/etno.net\/en\/wp-json\/wp\/v2\/product_brand?post=3787"},{"taxonomy":"product_cat","embeddable":true,"href":"https:\/\/etno.net\/en\/wp-json\/wp\/v2\/product_cat?post=3787"},{"taxonomy":"product_tag","embeddable":true,"href":"https:\/\/etno.net\/en\/wp-json\/wp\/v2\/product_tag?post=3787"}],"curies":[{"name":"wp","href":"https:\/\/api.w.org\/{rel}","templated":true}]}}