{"id":3788,"date":"2023-06-26T10:01:44","date_gmt":"2023-06-26T08:01:44","guid":{"rendered":"https:\/\/etno.net\/?post_type=product&#038;p=3788"},"modified":"2023-06-26T10:01:44","modified_gmt":"2023-06-26T08:01:44","slug":"2-rivisen-haitarin-opetusvideot-sahkoisille-alustoille","status":"publish","type":"product","link":"https:\/\/etno.net\/en\/julkaisu\/opinnaytteet\/maisteriopinnot\/2-rivisen-haitarin-opetusvideot-sahkoisille-alustoille","title":{"rendered":"2-rivisen haitarin opetusvideot s\u00e4hk\u00f6isille alustoille"},"content":{"rendered":"<h2>Sis\u00e4llysluettelo<\/h2>\n<p><strong>Johdanto<\/strong><\/p>\n<p><strong>Taustaa<\/strong><\/p>\n<p><strong>Sis\u00e4ll\u00f6n suunnittelu<\/strong><\/p>\n<p><strong>Tekninen toteutus<\/strong><\/p>\n<p><strong>Esimerkkivideo: Muorin jenkka<\/strong><\/p>\n<p><strong>Yhteenveto<\/strong><\/p>\n<h2>Johdanto<\/h2>\n<p>Koronavuosien 2020\u20132022 aikana et\u00e4soittotunnit ovat tulleet tutuksi monelle musiikin harrastajalle, kun kaikki harrastustoiminta ja ryhmien kokoontumiset kiellettiin. Et\u00e4ty\u00f6suositukset ja kontaktien v\u00e4ltt\u00e4minen ovat vaikuttaneet my\u00f6s kotiopiskelun suosioon. Havahduin siihen, ett\u00e4 internetiss\u00e4 on todella v\u00e4h\u00e4n opetusvideoita nimenomaan v\u00e4h\u00e4rivisille haitareille, ja ajattelin, ett\u00e4 nyt on hyv\u00e4 aika korjata asia ja tehd\u00e4 laadukasta opetusmateriaalia, videoita, kaikenik\u00e4isille ja \u2011tasoisille soittajille ja julkaista niit\u00e4 internetiss\u00e4.<\/p>\n<p>Opetusvideoideni tavoitteena on my\u00f6s kartuttaa uusia v\u00e4h\u00e4rivisen haitarin soiton harrastajia. Soittamisen voi helposti aloittaa kotona matalan kynnyksen opetusvideoiden avulla juuri silloin, kun itselle sopii. Haluan tuoda positiivista n\u00e4kyvyytt\u00e4 suomalaiselle kansanmusiikille ja erityisesti v\u00e4h\u00e4rivisill\u00e4 haitareilla soitetulle musiikille.<\/p>\n<p>Perehdyin erityylisiin opetusvideoihin YouTubea selaamalla. Katsoin eri soittimien opetusvideoita, ja sit\u00e4 kautta muotoutui k\u00e4sitys siit\u00e4, mink\u00e4laisia videoita haluan tehd\u00e4. Videoiden pit\u00e4\u00e4 olla lyhyit\u00e4, laadukkaasti k\u00e4sikirjoitettuja, kuvattuja ja editoituja. Niiden tulee olla ilmaisia, helposti l\u00f6ydett\u00e4viss\u00e4 ja kaikkien saatavilla. Lis\u00e4ksi p\u00e4\u00e4painon on oltava soittamisessa eik\u00e4 opiskeltavien asioiden selitt\u00e4misess\u00e4. Jotta videot tavoittaisivat mahdollisimman monta katsojaa, oli t\u00e4rke\u00e4\u00e4 tutustua my\u00f6s YouTuben oikeaoppisiin algoritmeihin. Videot tulee julkaista s\u00e4\u00e4nn\u00f6llisesti aina samaan aikaan, mieluiten viikoittain. Videoiden otsikointi on my\u00f6s t\u00e4rke\u00e4\u00e4 l\u00f6ydett\u00e4vyyden kannalta. Oikeilla avainsanoilla nimetty video tavoittaa enemm\u00e4n katsojia.<\/p>\n<p>Olen huomioinut kaikenik\u00e4iset ja -tasoiset soittajat videoillani. Haluan tehd\u00e4 l\u00e4mminhenkisi\u00e4, helposti l\u00e4hestytt\u00e4vi\u00e4 opetusvideoita, joissa on hieman huumoriakin mukana. Alkumusiikiksi valitsin Luomuduon Jyrkin h\u00e4\u00e4marssin, jossa on mukaansa tempaava v\u00e4h\u00e4rivisriffi. Joka videon alussa koirani tervehtii katsojia eri tavalla ja toivottaa onnea. Pienill\u00e4 yksityiskohdilla videoista voi tehd\u00e4 kiinnostavia ja edukseen erottuvia.<\/p>\n<p>K\u00e4yn videoilla erilaisia soittotekniikoita ja -tyylej\u00e4 l\u00e4pi. Ohjelmistoksi valikoitui suomalainen, v\u00e4h\u00e4rivisille harmonikoille s\u00e4velletty perinteinen kansanmusiikki. Videon avulla voi opiskella soittamista korvakuulolta. T\u00e4m\u00e4 metodi sopii hyvin vasta-alkajillekin, sill\u00e4 nuotinlukutaitoa ei vaadita. Edistyneemmille soittajille videot tarjoavat tekniikkaharjoituksia (esimerkiksi tyylinmukaisten korus\u00e4velten harjoitukset) ja ovat oiva apu kartuttamaan ohjelmistoa. Ajatuksenani on my\u00f6s verkostoitua ulkomaisiin v\u00e4h\u00e4rivisten haitarimuusikoiden ryhmiin ja jakaa perinteisi\u00e4 suomalaisia kappaleita n\u00e4ille foorumeille. Alussa \u00e4\u00e4nittelin videot mikeill\u00e4 k\u00e4ytt\u00e4en \u00e4\u00e4nikorttia. \u00c4\u00e4nityslaitteiden kasaaminen vei kuitenkin liikaa aikaa, ja p\u00e4\u00e4dyin k\u00e4ytt\u00e4m\u00e4\u00e4n taltioinneissa Zoom-\u00e4\u00e4nitint\u00e4.<\/p>","protected":false},"excerpt":{"rendered":"<div class=\"vapaakentta\">\n<p>Projektity\u00f6<br \/>\nTaideyliopiston Sibelius-Akatemia<br \/>\nKansanmusiikin aineryhm\u00e4<br \/>\nKev\u00e4t 2021<\/p>\n<\/div>","protected":false},"featured_media":0,"comment_status":"closed","ping_status":"closed","template":"","meta":{"_acf_changed":false},"product_brand":[],"product_cat":[81,76],"product_tag":[],"class_list":{"0":"post-3788","1":"product","2":"type-product","3":"status-publish","5":"product_cat-maisteriopinnot","6":"product_cat-opinnaytteet","8":"first","9":"instock","10":"shipping-taxable","11":"product-type-simple"},"acf":[],"_links":{"self":[{"href":"https:\/\/etno.net\/en\/wp-json\/wp\/v2\/product\/3788","targetHints":{"allow":["GET"]}}],"collection":[{"href":"https:\/\/etno.net\/en\/wp-json\/wp\/v2\/product"}],"about":[{"href":"https:\/\/etno.net\/en\/wp-json\/wp\/v2\/types\/product"}],"replies":[{"embeddable":true,"href":"https:\/\/etno.net\/en\/wp-json\/wp\/v2\/comments?post=3788"}],"wp:attachment":[{"href":"https:\/\/etno.net\/en\/wp-json\/wp\/v2\/media?parent=3788"}],"wp:term":[{"taxonomy":"product_brand","embeddable":true,"href":"https:\/\/etno.net\/en\/wp-json\/wp\/v2\/product_brand?post=3788"},{"taxonomy":"product_cat","embeddable":true,"href":"https:\/\/etno.net\/en\/wp-json\/wp\/v2\/product_cat?post=3788"},{"taxonomy":"product_tag","embeddable":true,"href":"https:\/\/etno.net\/en\/wp-json\/wp\/v2\/product_tag?post=3788"}],"curies":[{"name":"wp","href":"https:\/\/api.w.org\/{rel}","templated":true}]}}