{"id":3790,"date":"2023-06-26T10:09:46","date_gmt":"2023-06-26T08:09:46","guid":{"rendered":"https:\/\/etno.net\/?post_type=product&#038;p=3790"},"modified":"2023-06-26T10:09:47","modified_gmt":"2023-06-26T08:09:47","slug":"base-a-flyer-tangoa-viululle-ja-kontrabassolle","status":"publish","type":"product","link":"https:\/\/etno.net\/en\/julkaisu\/opinnaytteet\/maisteriopinnot\/base-a-flyer-tangoa-viululle-ja-kontrabassolle","title":{"rendered":"Base &amp; a Flyer \u2013 Tangoa viululle ja kontrabassolle"},"content":{"rendered":"<h2>Sis\u00e4llysluettelo<\/h2>\n<p><strong>Johdanto<\/strong><\/p>\n<p><strong>Ty\u00f6ryhm\u00e4<\/strong><\/p>\n<p style=\"padding-left: 40px\">Alexander Vocking<br \/>\nMirek Walton<\/p>\n<p><strong>Aikataulu<\/strong><\/p>\n<p><strong>Rahoituksesta<\/strong><\/p>\n<p><strong>Biisien valinta<\/strong><\/p>\n<p style=\"padding-left: 40px\">Piazzollan stigma<br \/>\nTanssijat ja tango<\/p>\n<p><strong>Tyylist\u00e4<\/strong><\/p>\n<p style=\"padding-left: 40px\">Basson tyylilliset tekniikat<br \/>\nViulun tyylilliset tekniikat<\/p>\n<p style=\"padding-left: 80px\">Staccato<br \/>\nAksentit<br \/>\nJousitukset<br \/>\nEfektit<\/p>\n<p style=\"padding-left: 40px\">Viulun rooli<br \/>\nLevyn tavoiteltu soundi<\/p>\n<p><strong>Ty\u00f6prosessi<\/strong><\/p>\n<p style=\"padding-left: 40px\">Adaptaation ja sovituksen ero<\/p>\n<p><strong>Sovittamisesta kahdelle jousisoittimelle<\/strong><\/p>\n<p style=\"padding-left: 40px\">Harmonia<br \/>\nRytmi<\/p>\n<p><strong>\u00c4\u00e4nitykset<\/strong><\/p>\n<p style=\"padding-left: 40px\">Ensimm\u00e4iset \u00e4\u00e4nitykset<br \/>\nToinen sessio<\/p>\n<p><strong>Postproduktio<\/strong><\/p>\n<p style=\"padding-left: 40px\">Miksaus\/Masterointi<br \/>\nKansi<\/p>\n<p><strong>Projektin tulevaisuus<\/strong><\/p>\n<p style=\"padding-left: 40px\">Mit\u00e4 opimme?<br \/>\nMit\u00e4 seuraavaksi?<\/p>\n<p><strong>L\u00e4hteet<\/strong><\/p>\n<p><strong>Liitteet<\/strong><\/p>\n<p style=\"padding-left: 40px\">Levyn teosten partituurit<\/p>\n<h2>Johdanto<\/h2>\n<p>T\u00e4ss\u00e4 projektiraportissa selvit\u00e4n ty\u00f6prosessia ja ajatuksiani Base &amp; a Flyer -yhtyeen ensimm\u00e4isen levyn teosta ja siihen johtaneista seikoista. Raportin tarkoituksena on selvent\u00e4\u00e4 ja dokumentoida ty\u00f6n vaiheet sek\u00e4 lukijalle ett\u00e4 itselleni. Pyrin my\u00f6s ottamaan kantaa tangoon eurooppalaisen soittajan n\u00e4k\u00f6kulmasta sek\u00e4 valaisemaan valintojamme levyn ty\u00f6st\u00f6prosessissa.<\/p>\n<p>Valmistuin Hollannissa Codarts University of Artista maailmanmusiikkilinjalta maisteriksi vuonna 2018. Kyseisen koulun maailmanmusiikkilinja oli tuolloin jaettu viiteen eri alalinjaan, joista itse opiskelin tangolinjalla. Valmistumisen j\u00e4lkeen halusin intohimoisesti soittaa tangoa, mutta tunnettu kvintettikokoonpano (viulu, bandoneon, piano, basso, kitara) ei tuntunut omimmalta. Silloinen viuluopettajani ehdotti, ett\u00e4 kokeilisin duoa kontrabasson kanssa, ja koska haasteet ovat aina kiehtoneet minua, haistoin t\u00e4ss\u00e4 mahdollisuuden kokeilla jotain uutta.<\/p>\n<p>Ensimm\u00e4inen kysymys, johon halusin vastauksen, oli ilmeisin: onko t\u00e4llainen soitinnus tangossa mielek\u00e4s? Aloittaessani projektia ainut tuntemani viululle ja kontrabassolle s\u00e4velletty tai sovitettu tango oli Piazzollan\u00a0<em>J\u2019attends.\u00a0<\/em>Tuntemani sovitus kappaleesta oli Andreas Wiebecke-Gottsteinin kyn\u00e4st\u00e4. Siin\u00e4 soittimet ovat mielest\u00e4ni \u00e4\u00e4nenkorkeutensa takia eri maailmoissa: viulu tuntuu p\u00e4\u00e4lleliimatulta tai kontrabasso omassa musiikkisf\u00e4\u00e4riss\u00e4 liikkuvalta. En siis ollut lainkaan vakuuttunut siit\u00e4, ett\u00e4 kappaleen tyyli kantaisi kokonaisen konsertin tai levyn verran.<\/p>\n<p>Kuinka sitten saada soittimet houkuteltua samaan maailmaan? Sovituksista voisi ehk\u00e4 tehd\u00e4 yksinkertaisia vaikkapa siten, ett\u00e4 basso soittaisi pitki\u00e4 linjoja korkeammasta rekisterist\u00e4 ja sen p\u00e4\u00e4ll\u00e4 viulu soittaisi melodiaa. T\u00e4st\u00e4 olisi hyv\u00e4 aloittaa, mutta kuinka musiikista saisi dynaamista ja monipuolista? Voisivatko soittimet vaihtaa rooleja? Kuinka rytmisyys toteutettaisiin? Yksinkertaisesti, miten t\u00e4m\u00e4 kokoonpano onnistuisi soittamaan el\u00e4v\u00e4\u00e4 ja mielenkiintoista musiikkia?<\/p>\n<p>Lopullinen huoli oli piilev\u00e4\u00e4 sorttia. Millaista yleis\u00f6\u00e4 kontrabasson ja viulun yhteisty\u00f6 kiinnostaisi? Vai kiinnostaisiko se yleens\u00e4 ket\u00e4\u00e4n? T\u00e4m\u00e4 kysymys tiedostetusti sis\u00e4lsi henkil\u00f6kohtaisen ulottuvuuden: musiikkia ei ole ilman tekij\u00e4\u00e4. Yleis\u00f6 ei siis rakastaisi tai karsastaisi musiikkiamme v\u00e4ltt\u00e4m\u00e4tt\u00e4 vain soitinnuksen takia, vaan asiaan vaikuttaisivat my\u00f6s omat musiikilliset taitomme ja tietomme. Kannattelisiko duo sitten lopulta kokonaisen konsertin verran?<\/p>\n<p>Kirjoitimme yhdess\u00e4 Alexander Vockingin kanssa ensimm\u00e4iset sovitukset ja adaptaatiot kontrabassolle ja viululle kev\u00e4\u00e4ll\u00e4 2018 ja esitimme niit\u00e4 saman vuoden aikana. Pian tuntui luontevalta jatkaa projektia pidemm\u00e4lle, ja haaveilimme levyn \u00e4\u00e4nitt\u00e4misest\u00e4.<\/p>\n<p>Levy \u00e4\u00e4nitettiin lopulta kahden vuoden aikana\u00a0 2019\u20132021 Amsterdamissa. \u00c4\u00e4nitt\u00e4j\u00e4n\u00e4, editoijana ja miksaajana toimi Mirek Walton, ja masteroinnista vastasi Alex Geurink.<\/p>\n<p>Tangolla viitataan isoon kirjoon erityyppist\u00e4 musiikkia. Ero suomalaisen ja argentiinalaisen tangon v\u00e4lill\u00e4 on merkitt\u00e4v\u00e4, ja t\u00e4ss\u00e4 ty\u00f6ss\u00e4 k\u00e4yt\u00e4nkin termi\u00e4\u00a0<em>tango<\/em>\u00a0tarkoittaen argentiinalaista tangoa.<\/p>","protected":false},"excerpt":{"rendered":"<p>Projektity\u00f6<br \/>\nTaideyliopiston Sibelius-Akatemia<br \/>\nKansanmusiikin aineryhm\u00e4<\/p>","protected":false},"featured_media":0,"comment_status":"closed","ping_status":"closed","template":"","meta":{"_acf_changed":false},"product_brand":[],"product_cat":[81,76],"product_tag":[],"class_list":{"0":"post-3790","1":"product","2":"type-product","3":"status-publish","5":"product_cat-maisteriopinnot","6":"product_cat-opinnaytteet","8":"first","9":"instock","10":"shipping-taxable","11":"product-type-simple"},"acf":[],"_links":{"self":[{"href":"https:\/\/etno.net\/en\/wp-json\/wp\/v2\/product\/3790","targetHints":{"allow":["GET"]}}],"collection":[{"href":"https:\/\/etno.net\/en\/wp-json\/wp\/v2\/product"}],"about":[{"href":"https:\/\/etno.net\/en\/wp-json\/wp\/v2\/types\/product"}],"replies":[{"embeddable":true,"href":"https:\/\/etno.net\/en\/wp-json\/wp\/v2\/comments?post=3790"}],"wp:attachment":[{"href":"https:\/\/etno.net\/en\/wp-json\/wp\/v2\/media?parent=3790"}],"wp:term":[{"taxonomy":"product_brand","embeddable":true,"href":"https:\/\/etno.net\/en\/wp-json\/wp\/v2\/product_brand?post=3790"},{"taxonomy":"product_cat","embeddable":true,"href":"https:\/\/etno.net\/en\/wp-json\/wp\/v2\/product_cat?post=3790"},{"taxonomy":"product_tag","embeddable":true,"href":"https:\/\/etno.net\/en\/wp-json\/wp\/v2\/product_tag?post=3790"}],"curies":[{"name":"wp","href":"https:\/\/api.w.org\/{rel}","templated":true}]}}