{"id":3791,"date":"2023-06-26T10:13:03","date_gmt":"2023-06-26T08:13:03","guid":{"rendered":"https:\/\/etno.net\/?post_type=product&#038;p=3791"},"modified":"2023-06-26T10:13:03","modified_gmt":"2023-06-26T08:13:03","slug":"ylivieskalainen-kanteleensoitto-2","status":"publish","type":"product","link":"https:\/\/etno.net\/en\/julkaisu\/opinnaytteet\/maisteriopinnot\/ylivieskalainen-kanteleensoitto-2","title":{"rendered":"Ylivieskalainen kanteleensoitto"},"content":{"rendered":"<h2>Sis\u00e4llysluettelo<\/h2>\n<p><strong>1 Johdanto<\/strong><\/p>\n<p><strong>2 Projektity\u00f6n aineisto<\/strong><\/p>\n<p><strong>3 Ohjattu soittoharrastus Ylivieskassa<\/strong><\/p>\n<p style=\"padding-left: 40px\">3.1 Ylivieskan kanteleensoittajia 1800-luvun lopulta 1960-luvulle<br \/>\n3.2 Ylivieskan kanteleensoittajia 1964-1980<\/p>\n<p><strong>4 Soiva luentokonsertti<\/strong><\/p>\n<p><strong>5 Lopuksi<\/strong><\/p>\n<p><strong>L\u00e4hteet<\/strong><\/p>\n<h2>Johdanto<\/h2>\n<p>Olen tutustunut Ylivieskan alueen kanteleensoittoon tehdess\u00e4ni opinn\u00e4ytety\u00f6t\u00e4 Keski-Pohjanmaan ammattikorkeakoulussa (nykyinen Centria) 2000-luvun alussa. Opinn\u00e4ytety\u00f6ni valmistui vuonna 2006. (Jaakola 2006). Sen j\u00e4lkeen olen tehnyt lis\u00e4\u00e4 kentt\u00e4ty\u00f6t\u00e4 ja l\u00f6yt\u00e4nyt alueelta uusia soittajia sek\u00e4 soittotyylej\u00e4. Aiemmin tekem\u00e4ss\u00e4ni analyysity\u00f6ss\u00e4 keskityin yhden ylivieskalaisen soittajan Eino Jaakolan sek\u00e4 h\u00e4nen tytt\u00e4rens\u00e4 Hanna Liisa Mattilan soittaman virren analysointiin. T\u00e4ss\u00e4 projektity\u00f6ss\u00e4 keskityn kartoittamaan muita Ylivieskan alueen soittajia sek\u00e4 ty\u00f6st\u00e4m\u00e4\u00e4n soivan luentokonsertin Ylivieskan kotiseutuviikolle kes\u00e4ll\u00e4 2022. Osasta esittelemist\u00e4ni soittajistani olen saanut hyvin tietoja, ja osasta tiedot ovat osittain puutteellisia.<\/p>\n<p>Soivaa luentokonserttia valmistellessani etsin vastauksia kysymyksiin: Millaista on ylivieskalainen kanteleensoitto? Ketk\u00e4 ovat sen soittajia, ja mitk\u00e4 tekij\u00e4t ovat vaikuttaneet alueen kanteleensoiton kehittymiseen? Tavoittelen Ylivieskan alueen kanteleensoiton n\u00e4kyv\u00e4ksi tekemist\u00e4, soittajien kartoittamista ja soittotyylien tunnistamista. Ty\u00f6st\u00e4n materiaalista nuotinnukset, joiden mukaiset s\u00e4velm\u00e4t soitan luentokonsertissani. Tavoitteena on l\u00f6yt\u00e4\u00e4 alueen soittoharrastuksen omaleimaisuus ja etsi\u00e4 tietoa siit\u00e4, kuinka kauan Ylivieskan alueella on kanteletta soitettu ja mik\u00e4 on vaikuttanut alueen soittoharrastuksen kehittymiseen. Olen itse Ylivieskasta kotoisin ja altistunut paikalliselle kanteleperinteelle jo lapsuudestani 1980-luvulta l\u00e4htien.<\/p>","protected":false},"excerpt":{"rendered":"<p>Projektity\u00f6<br \/>\nTaideyliopiston Sibelius-Akatemia<br \/>\nKansanmusiikin aineryhm\u00e4<\/p>","protected":false},"featured_media":0,"comment_status":"closed","ping_status":"closed","template":"","meta":{"_acf_changed":false},"product_brand":[],"product_cat":[81,76],"product_tag":[],"class_list":{"0":"post-3791","1":"product","2":"type-product","3":"status-publish","5":"product_cat-maisteriopinnot","6":"product_cat-opinnaytteet","8":"first","9":"instock","10":"shipping-taxable","11":"product-type-simple"},"acf":[],"_links":{"self":[{"href":"https:\/\/etno.net\/en\/wp-json\/wp\/v2\/product\/3791","targetHints":{"allow":["GET"]}}],"collection":[{"href":"https:\/\/etno.net\/en\/wp-json\/wp\/v2\/product"}],"about":[{"href":"https:\/\/etno.net\/en\/wp-json\/wp\/v2\/types\/product"}],"replies":[{"embeddable":true,"href":"https:\/\/etno.net\/en\/wp-json\/wp\/v2\/comments?post=3791"}],"wp:attachment":[{"href":"https:\/\/etno.net\/en\/wp-json\/wp\/v2\/media?parent=3791"}],"wp:term":[{"taxonomy":"product_brand","embeddable":true,"href":"https:\/\/etno.net\/en\/wp-json\/wp\/v2\/product_brand?post=3791"},{"taxonomy":"product_cat","embeddable":true,"href":"https:\/\/etno.net\/en\/wp-json\/wp\/v2\/product_cat?post=3791"},{"taxonomy":"product_tag","embeddable":true,"href":"https:\/\/etno.net\/en\/wp-json\/wp\/v2\/product_tag?post=3791"}],"curies":[{"name":"wp","href":"https:\/\/api.w.org\/{rel}","templated":true}]}}