{"id":3795,"date":"2023-07-04T11:44:05","date_gmt":"2023-07-04T09:44:05","guid":{"rendered":"https:\/\/etno.net\/?post_type=product&#038;p=3795"},"modified":"2025-02-10T15:52:47","modified_gmt":"2025-02-10T13:52:47","slug":"iles-hagfors-rauhala-tanssilauluja","status":"publish","type":"product","link":"https:\/\/etno.net\/en\/julkaisu\/aanitteet\/iles-hagfors-rauhala-tanssilauluja","title":{"rendered":"Iles\u2013Hagfors\u2013Rauhala: Tanssilauluja"},"content":{"rendered":"<p class=\"p1\"><b>Iles\u2013Hagfors\u2013Rauhala<\/b> -trio julkaisee <b>Tanssilauluja<\/b>-albumin, joka sis\u00e4lt\u00e4\u00e4 vahvaan rytmiikkaan ja soljuvan melodiseen \u00e4\u00e4nenk\u00e4ytt\u00f6\u00f6n nojaavaa uutta kansanmusiikkia. Musiikki rakentuu v\u00e4h\u00e4sanaisen laulun ymp\u00e4rille, pohjaten traditionaaliseen tapaan s\u00e4est\u00e4\u00e4 tansseja laululla. Kahden laulajan ja kontrabasson intiimi akustinen sointi luo vanhanajan tupamaista tunnelmaa ja kutsuu lempe\u00e4sti tanssimaan valssia, polskaa, hamboa, sottiisia, vaikka masurkkaa!<\/p>\n<p class=\"p1\">\u201dTanssilauluja\u201d on osa tanssija\/laulaja Reetta-Kaisa Ilesin tanssin ja laulun yhteyksi\u00e4 pohtivaa taiteellista tutkimusmatkaa. Kokoonpanossa Ilesin kanssa laulaa Charlotta Hagfors ja bassoa soittaa Ville Rauhala.<\/p>\n<p class=\"p1\">Tanssija\/laulaja Reetta-Kaisa Iles on Suistamon S\u00e4hk\u00f6n, Puhtin ja Tanssiteatteri Tsuumin riveiss\u00e4 p\u00e4\u00e4ssyt vuosien ajan yllytt\u00e4m\u00e4\u00e4n ihmisi\u00e4 tanssin py\u00f6rteisiin. T\u00e4ss\u00e4 projektissa tavoite on sama mutta s\u00e4vylt\u00e4\u00e4n hieman eri. \u201dTanssilauluja\u201d on syntynyt tarpeeseen rauhoittua, syventy\u00e4 ja pehmitt\u00e4\u00e4 ihmiset herk\u00e4n tanssin, kosketuksen ja kuuntelun \u00e4\u00e4relle. Se on tanssia villasukissa, kynttil\u00e4n valossa.<\/p>\n<p class=\"p1\">Kontrabasisti Ville Rauhala on laaja-alainen muusikko ja s\u00e4velt\u00e4j\u00e4, joka suhtautuu yht\u00e4laisella rakkaudella suomalaiseen polskaan, freejazz-improvisaatioon ja ven\u00e4l\u00e4iseen katurunouteen. T\u00e4ll\u00e4 hetkell\u00e4 Rauhala soittaa pop kent\u00e4ll\u00e4 mm. Laura Moisin, rap artisti Hannibalin ja<span class=\"Apple-converted-space\">\u00a0 <\/span>Pauli Hanhiniemen yhtyeiss\u00e4, freejazzia Hot Heros yhtyeess\u00e4 ja kansanmusiikkia Anne-Mari Kivim\u00e4ki &amp; Palomylly yhtyeen riveiss\u00e4.<\/p>\n<p class=\"p1\">Laulaja Charlotta Hagfors on monipuolinen laulaja, muusikko, s\u00e4velt\u00e4j\u00e4 ja opettaja, jonka musiikilliset kiinnostuksen kohteet kattavat musiikin moninaiset muodot aina perinteisest\u00e4 kansanmusiikista vapaaseen \u00e4\u00e4ni-improvisaatioon. Hagfors laulaa ja s\u00e4velt\u00e4\u00e4 mm. kokoonpanoissa Kasvu, Laitakaupungin orkesteri, Emmi Kuittinen ja Ikuisen ik\u00e4v\u00e4n orkesteri, Ilo Ensemble.<\/p>\n<p class=\"p1\">\u00c4\u00e4nitys ja miksaus Samuli Volanto \/ Matkastudio.<br \/>\nMasterointi Jarno Alho \/ Alho Audio Mastering.<br \/>\nKuvat ja kannen on suunnitellut Mortti Saarnia.<br \/>\nAlbumin julkaisee FE Publishing.<\/p>\n<p><strong><a title=\"Albumi suoratoistopalveluissa\" href=\"https:\/\/orcd.co\/ihrtanssilauluja\" target=\"_blank\" rel=\"noopener\">Albumi suoratoistopalveluissa<\/a><\/strong><\/p>\n<p><strong>1. Outojen seurassa (valssi)<\/strong><\/p>\n<!--[if lt IE 9]><script>document.createElement('audio');<\/script><![endif]-->\n<audio class=\"wp-audio-shortcode\" id=\"audio-3795-1\" preload=\"none\" style=\"width: 100%;\" controls=\"controls\"><source type=\"audio\/mpeg\" src=\"https:\/\/etno.net\/wp-content\/uploads\/2023\/07\/01_Outojen-seurassa-valssi_edit.mp3?_=1\" \/><a href=\"https:\/\/etno.net\/wp-content\/uploads\/2023\/07\/01_Outojen-seurassa-valssi_edit.mp3\">https:\/\/etno.net\/wp-content\/uploads\/2023\/07\/01_Outojen-seurassa-valssi_edit.mp3<\/a><\/audio>\n<p>2. Varjona vain (polska)<\/p>\n<p>3. Tantun masurkka (masurkka)<\/p>\n<p>4. Nostat niin (sottiisi\/fox)<\/p>\n<p>5. Tramtidadella (hambo)<\/p>\n<p><strong>6. Painavat ajatukset (polska)<\/strong><\/p>\n<audio class=\"wp-audio-shortcode\" id=\"audio-3795-2\" preload=\"none\" style=\"width: 100%;\" controls=\"controls\"><source type=\"audio\/mpeg\" src=\"https:\/\/etno.net\/wp-content\/uploads\/2023\/07\/06_Painavat-ajatukset-polska_edit.mp3?_=2\" \/><a href=\"https:\/\/etno.net\/wp-content\/uploads\/2023\/07\/06_Painavat-ajatukset-polska_edit.mp3\">https:\/\/etno.net\/wp-content\/uploads\/2023\/07\/06_Painavat-ajatukset-polska_edit.mp3<\/a><\/audio>\n<p>7. Sanattoman polokka (polkka)<\/p>\n<p><strong>8. K\u00e4si joka kehtoa keinuttaa (sottiisi)<\/strong><\/p>\n<audio class=\"wp-audio-shortcode\" id=\"audio-3795-3\" preload=\"none\" style=\"width: 100%;\" controls=\"controls\"><source type=\"audio\/mpeg\" src=\"https:\/\/etno.net\/wp-content\/uploads\/2023\/07\/08_Kasi-joka-kehtoa-keinuttaa-sottiisi_edit.mp3?_=3\" \/><a href=\"https:\/\/etno.net\/wp-content\/uploads\/2023\/07\/08_Kasi-joka-kehtoa-keinuttaa-sottiisi_edit.mp3\">https:\/\/etno.net\/wp-content\/uploads\/2023\/07\/08_Kasi-joka-kehtoa-keinuttaa-sottiisi_edit.mp3<\/a><\/audio>\n<p>9. Ik\u00e4v\u00e4ni min\u00e4 painan (hidas valssi)<\/p>\n<p><a href=\"https:\/\/etno.net\/wp-content\/uploads\/2023\/07\/promo_01_netti.jpg\"><img fetchpriority=\"high\" decoding=\"async\" class=\"alignnone size-full wp-image-3800\" src=\"https:\/\/etno.net\/wp-content\/uploads\/2023\/07\/promo_01_netti.jpg\" alt=\"\" width=\"1417\" height=\"945\" srcset=\"https:\/\/etno.net\/wp-content\/uploads\/2023\/07\/promo_01_netti.jpg 1417w, https:\/\/etno.net\/wp-content\/uploads\/2023\/07\/promo_01_netti-300x200.jpg 300w, https:\/\/etno.net\/wp-content\/uploads\/2023\/07\/promo_01_netti-1024x683.jpg 1024w, https:\/\/etno.net\/wp-content\/uploads\/2023\/07\/promo_01_netti-768x512.jpg 768w, https:\/\/etno.net\/wp-content\/uploads\/2023\/07\/promo_01_netti-18x12.jpg 18w, https:\/\/etno.net\/wp-content\/uploads\/2023\/07\/promo_01_netti-600x400.jpg 600w, https:\/\/etno.net\/wp-content\/uploads\/2023\/07\/promo_01_netti-64x43.jpg 64w\" sizes=\"(max-width: 1417px) 100vw, 1417px\" \/><\/a><\/p>\n<p><a href=\"https:\/\/etno.net\/wp-content\/uploads\/2023\/07\/promo_2_netti.jpg\"><img decoding=\"async\" class=\"alignnone size-full wp-image-3801\" src=\"https:\/\/etno.net\/wp-content\/uploads\/2023\/07\/promo_2_netti.jpg\" alt=\"\" width=\"1417\" height=\"1232\" srcset=\"https:\/\/etno.net\/wp-content\/uploads\/2023\/07\/promo_2_netti.jpg 1417w, https:\/\/etno.net\/wp-content\/uploads\/2023\/07\/promo_2_netti-300x261.jpg 300w, https:\/\/etno.net\/wp-content\/uploads\/2023\/07\/promo_2_netti-1024x890.jpg 1024w, https:\/\/etno.net\/wp-content\/uploads\/2023\/07\/promo_2_netti-768x668.jpg 768w, https:\/\/etno.net\/wp-content\/uploads\/2023\/07\/promo_2_netti-14x12.jpg 14w, https:\/\/etno.net\/wp-content\/uploads\/2023\/07\/promo_2_netti-600x522.jpg 600w, https:\/\/etno.net\/wp-content\/uploads\/2023\/07\/promo_2_netti-64x56.jpg 64w\" sizes=\"(max-width: 1417px) 100vw, 1417px\" \/><\/a><\/p>\n","protected":false},"excerpt":{"rendered":"<p>Iles\u2013Hagfors\u2013Rauhala -trio julkaisee Tanssilauluja-albumin, joka sis\u00e4lt\u00e4\u00e4 vahvaan rytmiikkaan ja soljuvan melodiseen \u00e4\u00e4nenk\u00e4ytt\u00f6\u00f6n nojaavaa uutta kansanmusiikkia. Musiikki rakentuu v\u00e4h\u00e4sanaisen laulun ymp\u00e4rille, pohjaten traditionaaliseen tapaan s\u00e4est\u00e4\u00e4 tansseja laululla. Kahden laulajan ja kontrabasson intiimi akustinen sointi luo vanhanajan tupamaista tunnelmaa ja kutsuu lempe\u00e4sti tanssimaan valssia, polskaa, hamboa, sottiisia, vaikka masurkkaa! \u201dTanssilauluja\u201d on osa tanssija\/laulaja Reetta-Kaisa Ilesin tanssin ja [&hellip;]<\/p>\n","protected":false},"featured_media":4085,"comment_status":"closed","ping_status":"closed","template":"","meta":{"_acf_changed":false},"product_brand":[],"product_cat":[65],"product_tag":[],"class_list":{"0":"post-3795","1":"product","2":"type-product","3":"status-publish","4":"has-post-thumbnail","6":"product_cat-aanitteet","8":"first","9":"instock","10":"shipping-taxable","11":"product-type-simple"},"acf":[],"_links":{"self":[{"href":"https:\/\/etno.net\/en\/wp-json\/wp\/v2\/product\/3795","targetHints":{"allow":["GET"]}}],"collection":[{"href":"https:\/\/etno.net\/en\/wp-json\/wp\/v2\/product"}],"about":[{"href":"https:\/\/etno.net\/en\/wp-json\/wp\/v2\/types\/product"}],"replies":[{"embeddable":true,"href":"https:\/\/etno.net\/en\/wp-json\/wp\/v2\/comments?post=3795"}],"wp:featuredmedia":[{"embeddable":true,"href":"https:\/\/etno.net\/en\/wp-json\/wp\/v2\/media\/4085"}],"wp:attachment":[{"href":"https:\/\/etno.net\/en\/wp-json\/wp\/v2\/media?parent=3795"}],"wp:term":[{"taxonomy":"product_brand","embeddable":true,"href":"https:\/\/etno.net\/en\/wp-json\/wp\/v2\/product_brand?post=3795"},{"taxonomy":"product_cat","embeddable":true,"href":"https:\/\/etno.net\/en\/wp-json\/wp\/v2\/product_cat?post=3795"},{"taxonomy":"product_tag","embeddable":true,"href":"https:\/\/etno.net\/en\/wp-json\/wp\/v2\/product_tag?post=3795"}],"curies":[{"name":"wp","href":"https:\/\/api.w.org\/{rel}","templated":true}]}}